{"id":6371,"date":"2023-09-07T01:16:43","date_gmt":"2023-09-06T19:46:43","guid":{"rendered":"https:\/\/swissgarnier.com\/index.php\/b2b\/"},"modified":"2025-12-02T15:56:20","modified_gmt":"2025-12-02T10:26:20","slug":"b2b","status":"publish","type":"page","link":"https:\/\/swissgarnier.com\/pt-pt\/index.php\/b2b\/","title":{"rendered":"B2B"},"content":{"rendered":"\t\t<div data-elementor-type=\"wp-page\" data-elementor-id=\"6371\" class=\"elementor elementor-6371 elementor-916\">\n\t\t\t\t\t\t<section data-particle_enable=\"false\" data-particle-mobile-disabled=\"false\" class=\"elementor-section elementor-top-section elementor-element elementor-element-fce1ba0 elementor-section-height-min-height elementor-section-stretched elementor-section-boxed elementor-section-height-default elementor-section-items-middle\" data-id=\"fce1ba0\" data-element_type=\"section\" data-settings=\"{&quot;background_background&quot;:&quot;classic&quot;,&quot;shape_divider_bottom&quot;:&quot;triangle-asymmetrical&quot;,&quot;shape_divider_bottom_negative&quot;:&quot;yes&quot;,&quot;stretch_section&quot;:&quot;section-stretched&quot;,&quot;_ha_eqh_enable&quot;:false}\">\n\t\t\t\t\t<div class=\"elementor-shape elementor-shape-bottom\" data-negative=\"true\">\n\t\t\t<svg xmlns=\"http:\/\/www.w3.org\/2000\/svg\" viewBox=\"0 0 1000 100\" preserveAspectRatio=\"none\">\n\t<path class=\"elementor-shape-fill\" d=\"M737.9,94.7L0,0v100h1000V0L737.9,94.7z\"\/>\n<\/svg>\t\t<\/div>\n\t\t\t\t\t<div class=\"elementor-container elementor-column-gap-default\">\n\t\t\t\t\t<div class=\"aux-parallax-section elementor-column elementor-col-50 elementor-top-column elementor-element elementor-element-285db53\" data-id=\"285db53\" data-element_type=\"column\">\n\t\t\t<div class=\"elementor-widget-wrap\">\n\t\t\t\t\t\t\t<\/div>\n\t\t<\/div>\n\t\t\t\t<div class=\"aux-parallax-section elementor-column elementor-col-50 elementor-top-column elementor-element elementor-element-a60eb7b\" data-id=\"a60eb7b\" data-element_type=\"column\">\n\t\t\t<div class=\"elementor-widget-wrap\">\n\t\t\t\t\t\t\t<\/div>\n\t\t<\/div>\n\t\t\t\t\t<\/div>\n\t\t<\/section>\n\t\t\t\t<section data-particle_enable=\"false\" data-particle-mobile-disabled=\"false\" class=\"elementor-section elementor-top-section elementor-element elementor-element-b795216 elementor-section-content-middle elementor-section-boxed elementor-section-height-default elementor-section-height-default\" data-id=\"b795216\" data-element_type=\"section\" id=\"1\" data-settings=\"{&quot;background_background&quot;:&quot;classic&quot;,&quot;_ha_eqh_enable&quot;:false}\">\n\t\t\t\t\t\t<div class=\"elementor-container elementor-column-gap-default\">\n\t\t\t\t\t<div class=\"aux-parallax-section elementor-column elementor-col-50 elementor-top-column elementor-element elementor-element-5aa2a8c\" data-id=\"5aa2a8c\" data-element_type=\"column\" data-settings=\"{&quot;background_background&quot;:&quot;classic&quot;}\">\n\t\t\t<div class=\"elementor-widget-wrap elementor-element-populated\">\n\t\t\t\t\t\t<div class=\"elementor-element elementor-element-dab6860 ha-align-center ha-layout-block elementor-widget elementor-widget-ha-advanced-heading happy-addon ha-advanced-heading happy-addon-pro\" data-id=\"dab6860\" data-element_type=\"widget\" data-widget_type=\"ha-advanced-heading.default\">\n\t\t\t\t<div class=\"elementor-widget-container\">\n\t\t\t\r\n\t\t<h2 class=\"ha-advanced-heading-tag\">\r\n\t\t\t\t\t\t<div class=\"ha-advanced-heading-wrap\" data-background-text=\"\">\r\n\t\t\t\t<span class=\"ha-advanced-heading-before\">B2B<\/span>\r\n\t\t\t\t<span class=\"ha-advanced-heading-center\">su\u00ed\u00e7a<\/span>\r\n\t\t\t\t<span class=\"ha-advanced-heading-after\"><\/span>\r\n\t\t\t\t<span class=\"ha-advanced-heading-border\"><\/span>\r\n\t\t\t<\/div>\r\n\t\t\t\t\t<\/h2>\r\n\r\n\t\t\t\t<\/div>\n\t\t\t\t<\/div>\n\t\t\t\t\t<\/div>\n\t\t<\/div>\n\t\t\t\t<div class=\"aux-parallax-section elementor-column elementor-col-50 elementor-top-column elementor-element elementor-element-978d92f\" data-id=\"978d92f\" data-element_type=\"column\">\n\t\t\t<div class=\"elementor-widget-wrap elementor-element-populated\">\n\t\t\t\t\t\t<div class=\"elementor-element elementor-element-e3e5292 aux-appear-watch-animation aux-fade-in-up elementor-widget elementor-widget-aux_modern_heading\" data-id=\"e3e5292\" data-element_type=\"widget\" data-widget_type=\"aux_modern_heading.default\">\n\t\t\t\t<div class=\"elementor-widget-container\">\n\t\t\t<section class=\"aux-widget-modern-heading\">\n            <div class=\"aux-widget-inner\"><h2 class=\"aux-modern-heading-primary\">N\u00f3s somos su\u00ed\u00e7os<\/h2><div class=\"aux-modern-heading-divider\"><\/div><div class=\"aux-modern-heading-description\"><p>O nosso portf\u00f3lio de parcerias e projetos B2B bem-sucedidos atesta a nossa fiabilidade e expertise. Temos um hist\u00f3rico de resultados que impulsionam o crescimento e a competitividade dos nossos clientes. <\/p><p>Em resumo, escolher-nos como a sua Organiza\u00e7\u00e3o Global de Fabrico por Contrato significa alinhar o seu neg\u00f3cio com um parceiro que combina alcance global, expertise profissional, rela\u00e7\u00e3o custo-benef\u00edcio e compromisso com a qualidade. Estamos dedicados a ajud\u00e1-lo a ter sucesso no competitivo mercado global, oferecendo solu\u00e7\u00f5es personalizadas que elevam o fabrico dos seus produtos a um novo patamar. <\/p><\/div><\/div>\n        <\/section>\t\t<\/div>\n\t\t\t\t<\/div>\n\t\t\t\t\t<\/div>\n\t\t<\/div>\n\t\t\t\t\t<\/div>\n\t\t<\/section>\n\t\t\t\t<section data-particle_enable=\"false\" data-particle-mobile-disabled=\"false\" class=\"elementor-section elementor-top-section elementor-element elementor-element-fe8926d elementor-section-height-min-height elementor-section-boxed elementor-section-height-default elementor-section-items-middle elementor-invisible\" data-id=\"fe8926d\" data-element_type=\"section\" data-settings=\"{&quot;background_background&quot;:&quot;gradient&quot;,&quot;animation&quot;:&quot;fadeInUp&quot;,&quot;_ha_eqh_enable&quot;:false}\">\n\t\t\t\t\t\t<div class=\"elementor-container elementor-column-gap-default\">\n\t\t\t\t\t<div class=\"aux-parallax-section elementor-column elementor-col-100 elementor-top-column elementor-element elementor-element-8d09441\" data-id=\"8d09441\" data-element_type=\"column\" data-settings=\"{&quot;background_background&quot;:&quot;gradient&quot;}\">\n\t\t\t<div class=\"elementor-widget-wrap elementor-element-populated\">\n\t\t\t\t\t\t<section data-particle_enable=\"false\" data-particle-mobile-disabled=\"false\" class=\"elementor-section elementor-top-section elementor-element elementor-element-50f8724 elementor-section-content-middle elementor-section-boxed elementor-section-height-default elementor-section-height-default\" data-id=\"50f8724\" data-element_type=\"section\" data-settings=\"{&quot;_ha_eqh_enable&quot;:false}\">\n\t\t\t\t\t\t<div class=\"elementor-container elementor-column-gap-default\">\n\t\t\t\t\t<div class=\"aux-parallax-section elementor-column elementor-col-50 elementor-top-column elementor-element elementor-element-8af258a\" data-id=\"8af258a\" data-element_type=\"column\">\n\t\t\t<div class=\"elementor-widget-wrap elementor-element-populated\">\n\t\t\t\t\t\t<div class=\"elementor-element elementor-element-e291d67 elementor-widget__width-auto elementor-widget elementor-widget-heading\" data-id=\"e291d67\" data-element_type=\"widget\" data-widget_type=\"heading.default\">\n\t\t\t\t<div class=\"elementor-widget-container\">\n\t\t\t<h4 class=\"elementor-heading-title elementor-size-default\">Swiss Garnier<\/h4>\t\t<\/div>\n\t\t\t\t<\/div>\n\t\t\t\t<div class=\"elementor-element elementor-element-7daa642 elementor-widget__width-auto elementor-widget-tablet__width-initial elementor-widget elementor-widget-heading\" data-id=\"7daa642\" data-element_type=\"widget\" data-widget_type=\"heading.default\">\n\t\t\t\t<div class=\"elementor-widget-container\">\n\t\t\t<p class=\"elementor-heading-title elementor-size-default\">Entre em contacto connosco para obter mais informa\u00e7\u00f5es.<\/p>\t\t<\/div>\n\t\t\t\t<\/div>\n\t\t\t\t\t<\/div>\n\t\t<\/div>\n\t\t\t\t<div class=\"aux-parallax-section elementor-column elementor-col-50 elementor-top-column elementor-element elementor-element-9645081\" data-id=\"9645081\" data-element_type=\"column\">\n\t\t\t<div class=\"elementor-widget-wrap elementor-element-populated\">\n\t\t\t\t\t\t<div class=\"elementor-element elementor-element-6a8e690 elementor-widget__width-initial elementor-widget elementor-widget-tp-button\" data-id=\"6a8e690\" data-element_type=\"widget\" data-widget_type=\"tp-button.default\">\n\t\t\t\t<div class=\"elementor-widget-container\">\n\t\t\t<div class=\"pt-plus-button-wrapper   text-center text--mobilecenter   \"><div class=\"button_parallax  pt-plus-move-parallax \" ><div class=\"parallax-move\"  data-move_speed_x=\"30\"  data-move_speed_y=\"30\" ><div id=\"button69ef7c9addbf6\"  class=\" text-center text--mobilecenter ts-button content_hover_effect   \" ><div class=\"pt_plus_button btn69ef7c9addbf0 button-style-13  hover-left   \"  ><div class=\"animted-content-inner \"><a href=\"https:\/\/swissgarnier.com\/pt-pt\/\" class=\"button-link-wrap \" role=\"button\" data-hover=\"CONTACTE-NOS\"  ><span>CONTACTE-NOS<i class=\"btn-icon button-after fa fa-angle-right\"><\/i><\/span><\/a><\/div><\/div><\/div><\/div><\/div><\/div>\t\t<\/div>\n\t\t\t\t<\/div>\n\t\t\t\t\t<\/div>\n\t\t<\/div>\n\t\t\t\t\t<\/div>\n\t\t<\/section>\n\t\t\t\t\t<\/div>\n\t\t<\/div>\n\t\t\t\t\t<\/div>\n\t\t<\/section>\n\t\t\t\t<section data-particle_enable=\"false\" data-particle-mobile-disabled=\"false\" class=\"elementor-section elementor-top-section elementor-element elementor-element-1d02f09 elementor-section-boxed elementor-section-height-default elementor-section-height-default\" data-id=\"1d02f09\" data-element_type=\"section\" data-settings=\"{&quot;_ha_eqh_enable&quot;:false}\">\n\t\t\t\t\t\t<div class=\"elementor-container elementor-column-gap-default\">\n\t\t\t\t\t<div class=\"aux-parallax-section elementor-column elementor-col-100 elementor-top-column elementor-element elementor-element-44030af\" data-id=\"44030af\" data-element_type=\"column\">\n\t\t\t<div class=\"elementor-widget-wrap elementor-element-populated\">\n\t\t\t\t\t\t<div class=\"elementor-element elementor-element-2a0afae elementor-hidden-tablet elementor-hidden-mobile elementor-widget elementor-widget-ha-one-page-nav happy-addon ha-one-page-nav happy-addon-pro\" data-id=\"2a0afae\" data-element_type=\"widget\" data-settings=\"{&quot;select_design&quot;:&quot;ha-opn-design-magool&quot;,&quot;scroll_wheel&quot;:&quot;no&quot;,&quot;touch_swipe&quot;:&quot;no&quot;,&quot;section_threshold&quot;:0.3,&quot;row_to_offset&quot;:0,&quot;scrolling_speed&quot;:700}\" data-widget_type=\"ha-one-page-nav.default\">\n\t\t\t\t<div class=\"elementor-widget-container\">\n\t\t\t        <div class=\"ha-opn-dotted-nav ha-opn-design-magool ha-opn-right-side ha-opn-position-middle\">\r\n                            <ul class=\"ha-opn-nav ha-opn-design-magool\">\r\n                                                <li class=\"ha_opn__item ha_opn__item--current elementor-repeater-item-9634473\" aria-label=\"\">\r\n                                <a href=\"#\" data-section-id=\"1\"><\/a>\r\n                                                            <\/li>\r\n                                                <li class=\"ha_opn__item  elementor-repeater-item-a563480\" aria-label=\"\">\r\n                                <a href=\"#\" data-section-id=\"2\"><\/a>\r\n                                                            <\/li>\r\n                                    <\/ul>\r\n                    <\/div>\r\n\t\t<\/div>\n\t\t\t\t<\/div>\n\t\t\t\t\t<\/div>\n\t\t<\/div>\n\t\t\t\t\t<\/div>\n\t\t<\/section>\n\t\t\t\t<\/div>\n\t\t","protected":false},"excerpt":{"rendered":"<p>B2B su\u00ed\u00e7a N\u00f3s somos su\u00ed\u00e7os O nosso portf\u00f3lio de parcerias e projetos B2B bem-sucedidos atesta a nossa fiabilidade e expertise. Temos um hist\u00f3rico de resultados que impulsionam o crescimento e a competitividade dos nossos clientes. Em resumo, escolher-nos como a sua Organiza\u00e7\u00e3o Global de Fabrico por Contrato significa alinhar o seu neg\u00f3cio com um parceiro [&hellip;]<\/p>\n","protected":false},"author":1,"featured_media":0,"parent":0,"menu_order":0,"comment_status":"closed","ping_status":"closed","template":"","meta":{"footnotes":""},"class_list":["post-6371","page","type-page","status-publish","hentry"],"_links":{"self":[{"href":"https:\/\/swissgarnier.com\/pt-pt\/index.php\/wp-json\/wp\/v2\/pages\/6371","targetHints":{"allow":["GET"]}}],"collection":[{"href":"https:\/\/swissgarnier.com\/pt-pt\/index.php\/wp-json\/wp\/v2\/pages"}],"about":[{"href":"https:\/\/swissgarnier.com\/pt-pt\/index.php\/wp-json\/wp\/v2\/types\/page"}],"author":[{"embeddable":true,"href":"https:\/\/swissgarnier.com\/pt-pt\/index.php\/wp-json\/wp\/v2\/users\/1"}],"replies":[{"embeddable":true,"href":"https:\/\/swissgarnier.com\/pt-pt\/index.php\/wp-json\/wp\/v2\/comments?post=6371"}],"version-history":[{"count":1,"href":"https:\/\/swissgarnier.com\/pt-pt\/index.php\/wp-json\/wp\/v2\/pages\/6371\/revisions"}],"predecessor-version":[{"id":6372,"href":"https:\/\/swissgarnier.com\/pt-pt\/index.php\/wp-json\/wp\/v2\/pages\/6371\/revisions\/6372"}],"wp:attachment":[{"href":"https:\/\/swissgarnier.com\/pt-pt\/index.php\/wp-json\/wp\/v2\/media?parent=6371"}],"curies":[{"name":"wp","href":"https:\/\/api.w.org\/{rel}","templated":true}]}}