{"id":5878,"date":"2023-09-07T02:37:49","date_gmt":"2023-09-06T21:07:49","guid":{"rendered":"https:\/\/swissgarnier.com\/index.php\/pd\/"},"modified":"2025-12-01T15:57:46","modified_gmt":"2025-12-01T10:27:46","slug":"pd","status":"publish","type":"page","link":"https:\/\/swissgarnier.com\/pt-pt\/index.php\/pd\/","title":{"rendered":"P&amp;D"},"content":{"rendered":"\t\t<div data-elementor-type=\"wp-page\" data-elementor-id=\"5878\" class=\"elementor elementor-5878 elementor-977\">\n\t\t\t\t\t\t<section data-particle_enable=\"false\" data-particle-mobile-disabled=\"false\" class=\"elementor-section elementor-top-section elementor-element elementor-element-0ac3eb3 elementor-section-height-min-height elementor-section-stretched elementor-section-boxed elementor-section-height-default elementor-section-items-middle\" data-id=\"0ac3eb3\" data-element_type=\"section\" data-settings=\"{&quot;background_background&quot;:&quot;classic&quot;,&quot;shape_divider_bottom&quot;:&quot;triangle-asymmetrical&quot;,&quot;shape_divider_bottom_negative&quot;:&quot;yes&quot;,&quot;stretch_section&quot;:&quot;section-stretched&quot;,&quot;_ha_eqh_enable&quot;:false}\">\n\t\t\t\t\t\t\t<div class=\"elementor-background-overlay\"><\/div>\n\t\t\t\t\t\t<div class=\"elementor-shape elementor-shape-bottom\" data-negative=\"true\">\n\t\t\t<svg xmlns=\"http:\/\/www.w3.org\/2000\/svg\" viewBox=\"0 0 1000 100\" preserveAspectRatio=\"none\">\n\t<path class=\"elementor-shape-fill\" d=\"M737.9,94.7L0,0v100h1000V0L737.9,94.7z\"\/>\n<\/svg>\t\t<\/div>\n\t\t\t\t\t<div class=\"elementor-container elementor-column-gap-default\">\n\t\t\t\t\t<div class=\"aux-parallax-section elementor-column elementor-col-50 elementor-top-column elementor-element elementor-element-e0e729e\" data-id=\"e0e729e\" data-element_type=\"column\">\n\t\t\t<div class=\"elementor-widget-wrap elementor-element-populated\">\n\t\t\t\t\t\t<div class=\"elementor-element elementor-element-4c3de24 elementor-invisible elementor-widget elementor-widget-heading\" data-id=\"4c3de24\" data-element_type=\"widget\" data-settings=\"{&quot;_animation&quot;:&quot;fadeInUp&quot;}\" data-widget_type=\"heading.default\">\n\t\t\t\t<div class=\"elementor-widget-container\">\n\t\t\t<h2 class=\"elementor-heading-title elementor-size-default\">Investiga\u00e7\u00e3o e Desenvolvimento<\/h2>\t\t<\/div>\n\t\t\t\t<\/div>\n\t\t\t\t\t<\/div>\n\t\t<\/div>\n\t\t\t\t<div class=\"aux-parallax-section elementor-column elementor-col-50 elementor-top-column elementor-element elementor-element-db5b035\" data-id=\"db5b035\" data-element_type=\"column\">\n\t\t\t<div class=\"elementor-widget-wrap\">\n\t\t\t\t\t\t\t<\/div>\n\t\t<\/div>\n\t\t\t\t\t<\/div>\n\t\t<\/section>\n\t\t\t\t<section data-particle_enable=\"false\" data-particle-mobile-disabled=\"false\" class=\"elementor-section elementor-top-section elementor-element elementor-element-504b9182 elementor-section-content-middle elementor-section-boxed elementor-section-height-default elementor-section-height-default\" data-id=\"504b9182\" data-element_type=\"section\" id=\"2\" data-settings=\"{&quot;background_background&quot;:&quot;classic&quot;,&quot;_ha_eqh_enable&quot;:false}\">\n\t\t\t\t\t\t<div class=\"elementor-container elementor-column-gap-default\">\n\t\t\t\t\t<div class=\"aux-parallax-section elementor-column elementor-col-50 elementor-top-column elementor-element elementor-element-b3f30ff\" data-id=\"b3f30ff\" data-element_type=\"column\">\n\t\t\t<div class=\"elementor-widget-wrap elementor-element-populated\">\n\t\t\t\t\t\t<div class=\"elementor-element elementor-element-15487fc ha-align-center ha-layout-block elementor-widget elementor-widget-ha-advanced-heading happy-addon ha-advanced-heading happy-addon-pro\" data-id=\"15487fc\" data-element_type=\"widget\" data-widget_type=\"ha-advanced-heading.default\">\n\t\t\t\t<div class=\"elementor-widget-container\">\n\t\t\t\r\n\t\t<h2 class=\"ha-advanced-heading-tag\">\r\n\t\t\t\t\t\t<div class=\"ha-advanced-heading-wrap\" data-background-text=\"\">\r\n\t\t\t\t<span class=\"ha-advanced-heading-before\">Investiga\u00e7\u00e3o <\/span>\r\n\t\t\t\t<span class=\"ha-advanced-heading-center\">Desenvolvimento<\/span>\r\n\t\t\t\t<span class=\"ha-advanced-heading-after\"><\/span>\r\n\t\t\t\t<span class=\"ha-advanced-heading-border\"><\/span>\r\n\t\t\t<\/div>\r\n\t\t\t\t\t<\/h2>\r\n\r\n\t\t\t\t<\/div>\n\t\t\t\t<\/div>\n\t\t\t\t\t<\/div>\n\t\t<\/div>\n\t\t\t\t<div class=\"aux-parallax-section elementor-column elementor-col-50 elementor-top-column elementor-element elementor-element-36e4eb54\" data-id=\"36e4eb54\" data-element_type=\"column\">\n\t\t\t<div class=\"elementor-widget-wrap elementor-element-populated\">\n\t\t\t\t\t\t<div class=\"elementor-element elementor-element-030bc58 aux-appear-watch-animation aux-fade-in-right elementor-invisible elementor-widget elementor-widget-aux_modern_heading\" data-id=\"030bc58\" data-element_type=\"widget\" data-settings=\"{&quot;_animation&quot;:&quot;fadeInUp&quot;}\" data-widget_type=\"aux_modern_heading.default\">\n\t\t\t\t<div class=\"elementor-widget-container\">\n\t\t\t<section class=\"aux-widget-modern-heading\">\n            <div class=\"aux-widget-inner\"><h2 class=\"aux-modern-heading-primary\"><\/h2><h3 class=\"aux-modern-heading-secondary\"><span class=\"aux-head-before\">NOSSA<\/span><span class=\"aux-head-highlight\"> Hist\u00f3ria<\/span><\/h3><\/div>\n        <\/section>\t\t<\/div>\n\t\t\t\t<\/div>\n\t\t\t\t<div class=\"elementor-element elementor-element-812bd74 aux-appear-watch-animation aux-fade-in-up elementor-widget elementor-widget-aux_modern_heading\" data-id=\"812bd74\" data-element_type=\"widget\" data-widget_type=\"aux_modern_heading.default\">\n\t\t\t\t<div class=\"elementor-widget-container\">\n\t\t\t<section class=\"aux-widget-modern-heading\">\n            <div class=\"aux-widget-inner\"><h2 class=\"aux-modern-heading-primary\">N\u00f3s somos su\u00ed\u00e7os<\/h2><div class=\"aux-modern-heading-divider\"><\/div><div class=\"aux-modern-heading-description\"><p>A Swiss Garnier disp\u00f5e de uma equipa de investiga\u00e7\u00e3o e desenvolvimento (I&amp;D) forte, eficiente e altamente especializada para apoiar o desenvolvimento de formula\u00e7\u00f5es.<\/p><p>Verificamos um enorme valor no investimento em investiga\u00e7\u00e3o e desenvolvimento (I&amp;D). A nossa principal for\u00e7a reside na nossa capacidade de excel\u00eancia no desenvolvimento de gen\u00e9ricos e produtos tecnologicamente complexos atrav\u00e9s de equipas dedicadas ao desenvolvimento de formula\u00e7\u00f5es e an\u00e1lises. A capacidade de desenvolver formula\u00e7\u00f5es utilizando as mais recentes e inovadoras tecnologias \u00e9 o principal diferencial da nossa investiga\u00e7\u00e3o.  <\/p><\/div><\/div>\n        <\/section>\t\t<\/div>\n\t\t\t\t<\/div>\n\t\t\t\t<div class=\"elementor-element elementor-element-05b39d7 elementor-invisible elementor-widget elementor-widget-tp-button\" data-id=\"05b39d7\" data-element_type=\"widget\" data-settings=\"{&quot;_animation&quot;:&quot;fadeInUp&quot;}\" data-widget_type=\"tp-button.default\">\n\t\t\t\t<div class=\"elementor-widget-container\">\n\t\t\t<div class=\"pt-plus-button-wrapper   text-left text--tabletcenter text--mobilecenter   \"><div class=\"button_parallax  pt-plus-move-parallax \" ><div class=\"parallax-move\"  data-move_speed_x=\"30\"  data-move_speed_y=\"30\" ><div id=\"button69ecfe5b125da\"  class=\" text-left text--tabletcenter text--mobilecenter ts-button content_hover_effect   \" ><div class=\"pt_plus_button btn69ecfe5b125a7 button-style-13  hover-left   \"  ><div class=\"animted-content-inner \"><a href=\"#\" class=\"button-link-wrap \" role=\"button\" data-hover=\"LEIA MAIS\"  ><span>LEIA MAIS<i class=\"btn-icon button-after fa fa-angle-right\"><\/i><\/span><\/a><\/div><\/div><\/div><\/div><\/div><\/div>\t\t<\/div>\n\t\t\t\t<\/div>\n\t\t\t\t\t<\/div>\n\t\t<\/div>\n\t\t\t\t\t<\/div>\n\t\t<\/section>\n\t\t\t\t<section data-particle_enable=\"false\" data-particle-mobile-disabled=\"false\" class=\"elementor-section elementor-top-section elementor-element elementor-element-3aba6594 elementor-reverse-tablet elementor-section-boxed elementor-section-height-default elementor-section-height-default\" data-id=\"3aba6594\" data-element_type=\"section\" id=\"3\" data-settings=\"{&quot;_ha_eqh_enable&quot;:false}\">\n\t\t\t\t\t\t<div class=\"elementor-container elementor-column-gap-default\">\n\t\t\t\t\t<div class=\"aux-parallax-section elementor-column elementor-col-50 elementor-top-column elementor-element elementor-element-6e8209ba\" data-id=\"6e8209ba\" data-element_type=\"column\" data-settings=\"{&quot;background_background&quot;:&quot;classic&quot;}\">\n\t\t\t<div class=\"elementor-widget-wrap elementor-element-populated\">\n\t\t\t\t\t\t<div class=\"elementor-element elementor-element-8a449bf aux-appear-watch-animation aux-fade-in-up elementor-widget elementor-widget-aux_modern_heading\" data-id=\"8a449bf\" data-element_type=\"widget\" data-widget_type=\"aux_modern_heading.default\">\n\t\t\t\t<div class=\"elementor-widget-container\">\n\t\t\t<section class=\"aux-widget-modern-heading\">\n            <div class=\"aux-widget-inner\"><h2 class=\"aux-modern-heading-primary\">N\u00f3s somos su\u00ed\u00e7os<\/h2><div class=\"aux-modern-heading-divider\"><\/div><div class=\"aux-modern-heading-description\"><p>Temos a capacidade de entregar produtos de qualidade dentro dos prazos estabelecidos, a custos reduzidos e sem comprometer a qualidade. Os nossos cientistas trabalham em estreita colabora\u00e7\u00e3o com a nossa equipa de desenvolvimento de neg\u00f3cios para gerar conceitos e ideias inovadoras, explorando tanto as necessidades do mercado como as sinergias entre \u00e1reas terap\u00eauticas. A nossa capacidade de investiga\u00e7\u00e3o n\u00e3o s\u00f3 nos trouxe grandes benef\u00edcios em termos de neg\u00f3cio, como tamb\u00e9m nos valeu uma reputa\u00e7\u00e3o invej\u00e1vel de qualidade e compet\u00eancia na ind\u00fastria farmac\u00eautica.  <\/p><p>Com uma equipa formada por investigadores de renome com anos de experi\u00eancia e um vasto acervo de dados comprovados, a empresa desenvolveu especialidades em formas farmac\u00eauticas de liberta\u00e7\u00e3o sustentada e prolongada com um sucesso espetacular.<\/p><\/div><\/div>\n        <\/section>\t\t<\/div>\n\t\t\t\t<\/div>\n\t\t\t\t\t<\/div>\n\t\t<\/div>\n\t\t\t\t<div class=\"aux-parallax-section elementor-column elementor-col-50 elementor-top-column elementor-element elementor-element-3792ab4b\" data-id=\"3792ab4b\" data-element_type=\"column\">\n\t\t\t<div class=\"elementor-widget-wrap elementor-element-populated\">\n\t\t\t\t\t\t<div class=\"elementor-element elementor-element-54471f5 elementor-widget elementor-widget-aux_touch_slider\" data-id=\"54471f5\" data-element_type=\"widget\" data-widget_type=\"aux_touch_slider.default\">\n\t\t\t\t<div class=\"elementor-widget-container\">\n\t\t\t<section class=\"widget-container aux-widget-touch-slider aux-widget-post-slider aux-parent-au306e8591\"><div class=\"master-carousel-slider aux-latest-posts-slider aux-no-js aux-light-skin\" data-empty-height=\"560\" data-navigation=\"peritem\" data-space=\"0\" data-auto-height=\"true\" data-delay=\"2\" data-loop=\"yes\" data-autoplay=\"1\">        <div class=\"aux-mc-item\" >\n                <div class=\"aux-slide-media\">\n                    <div class=\"aux-media-frame aux-media-image\"><img fetchpriority=\"high\" decoding=\"async\" width=\"960\" height=\"560\" src=\"https:\/\/swissgarnier.com\/wp-content\/uploads\/2024\/05\/Facilities-RD-Slide-1-scaled-960x560.jpg\" class=\"auxin-attachment attachment-960x560\" alt=\"Facilities R&amp;D Slide 1\" \/><\/div>\n                <\/div>\n                    <\/div>\n\n        <div class=\"aux-mc-item\" >\n                <div class=\"aux-slide-media\">\n                    <div class=\"aux-media-frame aux-media-image\"><img decoding=\"async\" width=\"960\" height=\"560\" src=\"https:\/\/swissgarnier.com\/wp-content\/uploads\/2024\/05\/Facilities-RD-Slide-2-scaled-960x560.jpg\" class=\"auxin-attachment attachment-960x560\" alt=\"Facilities R&amp;D Slide 2\" \/><\/div>\n                <\/div>\n                    <\/div>\n\n<\/div><!-- aux-col-wrapper --><\/section><!-- widget-container -->\t\t<\/div>\n\t\t\t\t<\/div>\n\t\t\t\t\t<\/div>\n\t\t<\/div>\n\t\t\t\t\t<\/div>\n\t\t<\/section>\n\t\t\t\t<section data-particle_enable=\"false\" data-particle-mobile-disabled=\"false\" class=\"elementor-section elementor-top-section elementor-element elementor-element-f176184 elementor-reverse-tablet elementor-section-boxed elementor-section-height-default elementor-section-height-default\" data-id=\"f176184\" data-element_type=\"section\" data-settings=\"{&quot;_ha_eqh_enable&quot;:false}\">\n\t\t\t\t\t\t<div class=\"elementor-container elementor-column-gap-default\">\n\t\t\t\t\t<div class=\"aux-parallax-section elementor-column elementor-col-50 elementor-top-column elementor-element elementor-element-2c98aac\" data-id=\"2c98aac\" data-element_type=\"column\">\n\t\t\t<div class=\"elementor-widget-wrap elementor-element-populated\">\n\t\t\t\t\t\t<div class=\"elementor-element elementor-element-4d62a5d elementor-widget elementor-widget-aux_touch_slider\" data-id=\"4d62a5d\" data-element_type=\"widget\" data-widget_type=\"aux_touch_slider.default\">\n\t\t\t\t<div class=\"elementor-widget-container\">\n\t\t\t<section class=\"widget-container aux-widget-touch-slider aux-widget-post-slider aux-parent-au9dd3c292\"><div class=\"master-carousel-slider aux-latest-posts-slider aux-no-js aux-light-skin\" data-empty-height=\"560\" data-navigation=\"peritem\" data-space=\"1\" data-auto-height=\"true\" data-delay=\"2\" data-loop=\"yes\" data-autoplay=\"1\">        <div class=\"aux-mc-item\" >\n                <div class=\"aux-slide-media\">\n                    <div class=\"aux-media-frame aux-media-image\"><img decoding=\"async\" width=\"960\" height=\"560\" src=\"https:\/\/swissgarnier.com\/wp-content\/uploads\/2024\/05\/Facilities-RD-Slide-2-scaled-960x560.jpg\" class=\"auxin-attachment attachment-960x560\" alt=\"Facilities R&amp;D Slide 2\" \/><\/div>\n                <\/div>\n                    <\/div>\n\n        <div class=\"aux-mc-item\" >\n                <div class=\"aux-slide-media\">\n                    <div class=\"aux-media-frame aux-media-image\"><img decoding=\"async\" width=\"960\" height=\"560\" src=\"https:\/\/swissgarnier.com\/wp-content\/uploads\/2024\/05\/Facilities-RD-Slide-3-scaled-960x560.jpg\" class=\"auxin-attachment attachment-960x560\" alt=\"Facilities R&amp;D Slide 3\" \/><\/div>\n                <\/div>\n                    <\/div>\n\n<\/div><!-- aux-col-wrapper --><\/section><!-- widget-container -->\t\t<\/div>\n\t\t\t\t<\/div>\n\t\t\t\t\t<\/div>\n\t\t<\/div>\n\t\t\t\t<div class=\"aux-parallax-section elementor-column elementor-col-50 elementor-top-column elementor-element elementor-element-c4ae640\" data-id=\"c4ae640\" data-element_type=\"column\" data-settings=\"{&quot;background_background&quot;:&quot;classic&quot;}\">\n\t\t\t<div class=\"elementor-widget-wrap elementor-element-populated\">\n\t\t\t\t\t\t<div class=\"elementor-element elementor-element-89a3cd7 aux-appear-watch-animation aux-fade-in-up elementor-widget elementor-widget-aux_modern_heading\" data-id=\"89a3cd7\" data-element_type=\"widget\" data-widget_type=\"aux_modern_heading.default\">\n\t\t\t\t<div class=\"elementor-widget-container\">\n\t\t\t<section class=\"aux-widget-modern-heading\">\n            <div class=\"aux-widget-inner\"><h2 class=\"aux-modern-heading-primary\"><\/h2><div class=\"aux-modern-heading-description\"><p>Algumas das nossas inova\u00e7\u00f5es de produto exclusivas s\u00e3o mencionadas abaixo: -<\/p><p>Comprimidos de dissolu\u00e7\u00e3o oral de voglibose<\/p><p>Comprimidos de liberta\u00e7\u00e3o prolongada de voglibose com metformina<\/p><p>Comprimidos de liberta\u00e7\u00e3o prolongada de metoprolol<\/p><p>Comprimidos de liberta\u00e7\u00e3o prolongada de etodolaco<\/p><p>Comprimidos de doxofilina com montelucaste<\/p><p>Prepara\u00e7\u00e3o de enzima l\u00edquida<\/p><p>Pr\u00e9 e probi\u00f3tico com multivitaminas e minerais (c\u00e1psula dentro de c\u00e1psula)<\/p><p>comprimidos de S-adenosilmetionina<\/p><p>Spray de minoxidil sem \u00e1lcool<\/p><\/div><\/div>\n        <\/section>\t\t<\/div>\n\t\t\t\t<\/div>\n\t\t\t\t\t<\/div>\n\t\t<\/div>\n\t\t\t\t\t<\/div>\n\t\t<\/section>\n\t\t\t\t<section data-particle_enable=\"false\" data-particle-mobile-disabled=\"false\" class=\"elementor-section elementor-top-section elementor-element elementor-element-c415449 elementor-section-boxed elementor-section-height-default elementor-section-height-default\" data-id=\"c415449\" data-element_type=\"section\" data-settings=\"{&quot;_ha_eqh_enable&quot;:false}\">\n\t\t\t\t\t\t<div class=\"elementor-container elementor-column-gap-default\">\n\t\t\t\t\t<div class=\"aux-parallax-section elementor-column elementor-col-100 elementor-top-column elementor-element elementor-element-452c7ad\" data-id=\"452c7ad\" data-element_type=\"column\">\n\t\t\t<div class=\"elementor-widget-wrap\">\n\t\t\t\t\t\t\t<\/div>\n\t\t<\/div>\n\t\t\t\t\t<\/div>\n\t\t<\/section>\n\t\t\t\t<section data-particle_enable=\"false\" data-particle-mobile-disabled=\"false\" class=\"elementor-section elementor-top-section elementor-element elementor-element-6e64750 elementor-section-boxed elementor-section-height-default elementor-section-height-default elementor-invisible\" data-id=\"6e64750\" data-element_type=\"section\" data-settings=\"{&quot;background_background&quot;:&quot;gradient&quot;,&quot;animation&quot;:&quot;fadeInUp&quot;,&quot;_ha_eqh_enable&quot;:false}\">\n\t\t\t\t\t\t<div class=\"elementor-container elementor-column-gap-default\">\n\t\t\t\t\t<div class=\"aux-parallax-section elementor-column elementor-col-100 elementor-top-column elementor-element elementor-element-f9b7e42\" data-id=\"f9b7e42\" data-element_type=\"column\" data-settings=\"{&quot;background_background&quot;:&quot;gradient&quot;}\">\n\t\t\t<div class=\"elementor-widget-wrap elementor-element-populated\">\n\t\t\t\t\t\t<section data-particle_enable=\"false\" data-particle-mobile-disabled=\"false\" class=\"elementor-section elementor-top-section elementor-element elementor-element-fab99cd elementor-section-content-middle elementor-section-boxed elementor-section-height-default elementor-section-height-default\" data-id=\"fab99cd\" data-element_type=\"section\" data-settings=\"{&quot;_ha_eqh_enable&quot;:false}\">\n\t\t\t\t\t\t<div class=\"elementor-container elementor-column-gap-default\">\n\t\t\t\t\t<div class=\"aux-parallax-section elementor-column elementor-col-50 elementor-top-column elementor-element elementor-element-4798d88\" data-id=\"4798d88\" data-element_type=\"column\">\n\t\t\t<div class=\"elementor-widget-wrap elementor-element-populated\">\n\t\t\t\t\t\t<div class=\"elementor-element elementor-element-fd89128 elementor-widget__width-auto elementor-widget elementor-widget-heading\" data-id=\"fd89128\" data-element_type=\"widget\" data-widget_type=\"heading.default\">\n\t\t\t\t<div class=\"elementor-widget-container\">\n\t\t\t<h4 class=\"elementor-heading-title elementor-size-default\">Swiss Garnier<\/h4>\t\t<\/div>\n\t\t\t\t<\/div>\n\t\t\t\t<div class=\"elementor-element elementor-element-3d60d30 elementor-widget__width-auto elementor-widget-tablet__width-initial elementor-widget elementor-widget-heading\" data-id=\"3d60d30\" data-element_type=\"widget\" data-widget_type=\"heading.default\">\n\t\t\t\t<div class=\"elementor-widget-container\">\n\t\t\t<p class=\"elementor-heading-title elementor-size-default\">Entre em contacto connosco para obter mais informa\u00e7\u00f5es.<\/p>\t\t<\/div>\n\t\t\t\t<\/div>\n\t\t\t\t\t<\/div>\n\t\t<\/div>\n\t\t\t\t<div class=\"aux-parallax-section elementor-column elementor-col-50 elementor-top-column elementor-element elementor-element-bc2a0af\" data-id=\"bc2a0af\" data-element_type=\"column\">\n\t\t\t<div class=\"elementor-widget-wrap elementor-element-populated\">\n\t\t\t\t\t\t<div class=\"elementor-element elementor-element-aa7ae85 elementor-widget__width-initial elementor-widget elementor-widget-tp-button\" data-id=\"aa7ae85\" data-element_type=\"widget\" data-widget_type=\"tp-button.default\">\n\t\t\t\t<div class=\"elementor-widget-container\">\n\t\t\t<div class=\"pt-plus-button-wrapper   text-center text--mobilecenter   \"><div class=\"button_parallax  pt-plus-move-parallax \" ><div class=\"parallax-move\"  data-move_speed_x=\"30\"  data-move_speed_y=\"30\" ><div id=\"button69ecfe5b1b91c\"  class=\" text-center text--mobilecenter ts-button content_hover_effect   \" ><div class=\"pt_plus_button btn69ecfe5b1b913 button-style-13  hover-left   \"  ><div class=\"animted-content-inner \"><a href=\"https:\/\/swiss.sanadsdigitaldemo.in\/index.php\/contact\/\" class=\"button-link-wrap \" role=\"button\" data-hover=\"CONTACTE-NOS\"  ><span>CONTACTE-NOS<i class=\"btn-icon button-after fa fa-angle-right\"><\/i><\/span><\/a><\/div><\/div><\/div><\/div><\/div><\/div>\t\t<\/div>\n\t\t\t\t<\/div>\n\t\t\t\t\t<\/div>\n\t\t<\/div>\n\t\t\t\t\t<\/div>\n\t\t<\/section>\n\t\t\t\t\t<\/div>\n\t\t<\/div>\n\t\t\t\t\t<\/div>\n\t\t<\/section>\n\t\t\t\t<section data-particle_enable=\"false\" data-particle-mobile-disabled=\"false\" class=\"elementor-section elementor-top-section elementor-element elementor-element-a5c9998 elementor-section-boxed elementor-section-height-default elementor-section-height-default\" data-id=\"a5c9998\" data-element_type=\"section\" data-settings=\"{&quot;_ha_eqh_enable&quot;:false}\">\n\t\t\t\t\t\t<div class=\"elementor-container elementor-column-gap-default\">\n\t\t\t\t\t<div class=\"aux-parallax-section elementor-column elementor-col-100 elementor-top-column elementor-element elementor-element-a1a9fcd\" data-id=\"a1a9fcd\" data-element_type=\"column\">\n\t\t\t<div class=\"elementor-widget-wrap elementor-element-populated\">\n\t\t\t\t\t\t<div class=\"elementor-element elementor-element-e2947dc elementor-hidden-tablet elementor-hidden-mobile elementor-widget elementor-widget-ha-one-page-nav happy-addon ha-one-page-nav happy-addon-pro\" data-id=\"e2947dc\" data-element_type=\"widget\" data-settings=\"{&quot;select_design&quot;:&quot;ha-opn-design-magool&quot;,&quot;scroll_wheel&quot;:&quot;no&quot;,&quot;touch_swipe&quot;:&quot;no&quot;,&quot;section_threshold&quot;:0.3,&quot;row_to_offset&quot;:0,&quot;scrolling_speed&quot;:700}\" data-widget_type=\"ha-one-page-nav.default\">\n\t\t\t\t<div class=\"elementor-widget-container\">\n\t\t\t        <div class=\"ha-opn-dotted-nav ha-opn-design-magool ha-opn-right-side ha-opn-position-middle\">\r\n                            <ul class=\"ha-opn-nav ha-opn-design-magool\">\r\n                                                <li class=\"ha_opn__item ha_opn__item--current elementor-repeater-item-9634473\" aria-label=\"\">\r\n                                <a href=\"#\" data-section-id=\"1\"><\/a>\r\n                                                            <\/li>\r\n                                                <li class=\"ha_opn__item  elementor-repeater-item-a563480\" aria-label=\"\">\r\n                                <a href=\"#\" data-section-id=\"2\"><\/a>\r\n                                                            <\/li>\r\n                                                <li class=\"ha_opn__item  elementor-repeater-item-623042a\" aria-label=\"\">\r\n                                <a href=\"#\" data-section-id=\"3\"><\/a>\r\n                                                            <\/li>\r\n                                    <\/ul>\r\n                    <\/div>\r\n\t\t<\/div>\n\t\t\t\t<\/div>\n\t\t\t\t\t<\/div>\n\t\t<\/div>\n\t\t\t\t\t<\/div>\n\t\t<\/section>\n\t\t\t\t<\/div>\n\t\t","protected":false},"excerpt":{"rendered":"<p>Investiga\u00e7\u00e3o e Desenvolvimento Investiga\u00e7\u00e3o Desenvolvimento NOSSA Hist\u00f3ria N\u00f3s somos su\u00ed\u00e7os A Swiss Garnier disp\u00f5e de uma equipa de investiga\u00e7\u00e3o e desenvolvimento (I&amp;D) forte, eficiente e altamente especializada para apoiar o desenvolvimento de formula\u00e7\u00f5es. Verificamos um enorme valor no investimento em investiga\u00e7\u00e3o e desenvolvimento (I&amp;D). A nossa principal for\u00e7a reside na nossa capacidade de excel\u00eancia no [&hellip;]<\/p>\n","protected":false},"author":1,"featured_media":0,"parent":0,"menu_order":0,"comment_status":"closed","ping_status":"closed","template":"","meta":{"footnotes":""},"class_list":["post-5878","page","type-page","status-publish","hentry"],"_links":{"self":[{"href":"https:\/\/swissgarnier.com\/pt-pt\/index.php\/wp-json\/wp\/v2\/pages\/5878","targetHints":{"allow":["GET"]}}],"collection":[{"href":"https:\/\/swissgarnier.com\/pt-pt\/index.php\/wp-json\/wp\/v2\/pages"}],"about":[{"href":"https:\/\/swissgarnier.com\/pt-pt\/index.php\/wp-json\/wp\/v2\/types\/page"}],"author":[{"embeddable":true,"href":"https:\/\/swissgarnier.com\/pt-pt\/index.php\/wp-json\/wp\/v2\/users\/1"}],"replies":[{"embeddable":true,"href":"https:\/\/swissgarnier.com\/pt-pt\/index.php\/wp-json\/wp\/v2\/comments?post=5878"}],"version-history":[{"count":1,"href":"https:\/\/swissgarnier.com\/pt-pt\/index.php\/wp-json\/wp\/v2\/pages\/5878\/revisions"}],"predecessor-version":[{"id":5879,"href":"https:\/\/swissgarnier.com\/pt-pt\/index.php\/wp-json\/wp\/v2\/pages\/5878\/revisions\/5879"}],"wp:attachment":[{"href":"https:\/\/swissgarnier.com\/pt-pt\/index.php\/wp-json\/wp\/v2\/media?parent=5878"}],"curies":[{"name":"wp","href":"https:\/\/api.w.org\/{rel}","templated":true}]}}