{"id":5575,"date":"2020-01-25T08:49:32","date_gmt":"2020-01-25T03:19:32","guid":{"rendered":"https:\/\/swissgarnier.com\/index.php\/sobre\/"},"modified":"2025-11-29T15:34:23","modified_gmt":"2025-11-29T10:04:23","slug":"sobre","status":"publish","type":"page","link":"https:\/\/swissgarnier.com\/pt-pt\/index.php\/sobre\/","title":{"rendered":"Sobre"},"content":{"rendered":"\t\t<div data-elementor-type=\"wp-page\" data-elementor-id=\"5575\" class=\"elementor elementor-5575 elementor-120\">\n\t\t\t\t\t\t<section data-particle_enable=\"false\" data-particle-mobile-disabled=\"false\" class=\"elementor-section elementor-top-section elementor-element elementor-element-53fcd44 elementor-section-full_width elementor-section-height-min-height elementor-section-height-default elementor-section-items-middle\" data-id=\"53fcd44\" data-element_type=\"section\" data-settings=\"{&quot;background_background&quot;:&quot;classic&quot;,&quot;_ha_eqh_enable&quot;:false}\">\n\t\t\t\t\t\t\t<div class=\"elementor-background-overlay\"><\/div>\n\t\t\t\t\t\t\t<div class=\"elementor-container elementor-column-gap-default\">\n\t\t\t\t\t<div class=\"aux-parallax-section elementor-column elementor-col-100 elementor-top-column elementor-element elementor-element-4fd8994\" data-id=\"4fd8994\" data-element_type=\"column\">\n\t\t\t<div class=\"elementor-widget-wrap elementor-element-populated\">\n\t\t\t\t\t\t<div class=\"aux-scroll-anim elementor-element elementor-element-c1fed08 aux-appear-watch-animation aux-scale-down-1 elementor-widget elementor-widget-aux_modern_heading\" data-move-in=\"\" data-move-out=\"scale\" data-axis-x=\"200\" data-axis-y=\"200\" data-rotate=\"90\" data-scale=\"0.8\" data-vp-top=\"0.5\" data-vp-bot=\"0.5\" data-el-top=\"0.2\" data-scroll-animation-off=\"1024\" data-id=\"c1fed08\" data-element_type=\"widget\" data-widget_type=\"aux_modern_heading.default\">\n\t\t\t\t<div class=\"elementor-widget-container\">\n\t\t\t<section class=\"aux-widget-modern-heading\">\n            <div class=\"aux-widget-inner\"><h2 class=\"aux-modern-heading-primary\">Sobre n\u00f3s<\/h2><\/div>\n        <\/section>\t\t<\/div>\n\t\t\t\t<\/div>\n\t\t\t\t\t<\/div>\n\t\t<\/div>\n\t\t\t\t\t<\/div>\n\t\t<\/section>\n\t\t\t\t<section data-particle_enable=\"false\" data-particle-mobile-disabled=\"false\" class=\"elementor-section elementor-top-section elementor-element elementor-element-3f24066 elementor-section-content-middle elementor-section-boxed elementor-section-height-default elementor-section-height-default\" data-id=\"3f24066\" data-element_type=\"section\" data-settings=\"{&quot;_ha_eqh_enable&quot;:false}\">\n\t\t\t\t\t\t<div class=\"elementor-container elementor-column-gap-no\">\n\t\t\t\t\t<div class=\"aux-parallax-section elementor-column elementor-col-50 elementor-top-column elementor-element elementor-element-897b490\" data-id=\"897b490\" data-element_type=\"column\">\n\t\t\t<div class=\"elementor-widget-wrap elementor-element-populated\">\n\t\t\t\t\t\t<div class=\"elementor-element elementor-element-9785a82 aux-appear-watch-animation aux-fade-in-right elementor-widget elementor-widget-aux_modern_heading\" data-id=\"9785a82\" data-element_type=\"widget\" data-widget_type=\"aux_modern_heading.default\">\n\t\t\t\t<div class=\"elementor-widget-container\">\n\t\t\t<section class=\"aux-widget-modern-heading\">\n            <div class=\"aux-widget-inner\"><h2 class=\"aux-modern-heading-primary\"><\/h2><h3 class=\"aux-modern-heading-secondary\"><span class=\"aux-head-before\">NOSSO<\/span><span class=\"aux-head-highlight\">BENEF\u00cdCIOS<\/span><\/h3><\/div>\n        <\/section>\t\t<\/div>\n\t\t\t\t<\/div>\n\t\t\t\t<div class=\"elementor-element elementor-element-7936875 aux-appear-watch-animation aux-fade-in-up elementor-widget elementor-widget-aux_modern_heading\" data-id=\"7936875\" data-element_type=\"widget\" data-widget_type=\"aux_modern_heading.default\">\n\t\t\t\t<div class=\"elementor-widget-container\">\n\t\t\t<section class=\"aux-widget-modern-heading\">\n            <div class=\"aux-widget-inner\"><h2 class=\"aux-modern-heading-primary\">Por que nos escolher?<\/h2><div class=\"aux-modern-heading-divider\"><\/div><\/div>\n        <\/section>\t\t<\/div>\n\t\t\t\t<\/div>\n\t\t\t\t<section data-particle_enable=\"false\" data-particle-mobile-disabled=\"false\" class=\"elementor-section elementor-inner-section elementor-element elementor-element-89ac77a elementor-section-boxed elementor-section-height-default elementor-section-height-default\" data-id=\"89ac77a\" data-element_type=\"section\" data-settings=\"{&quot;_ha_eqh_enable&quot;:false}\">\n\t\t\t\t\t\t<div class=\"elementor-container elementor-column-gap-no\">\n\t\t\t\t\t<div class=\"aux-parallax-section elementor-column elementor-col-100 elementor-inner-column elementor-element elementor-element-d97c39c aux-appear-watch-animation aux-fade-in-up-1\" data-id=\"d97c39c\" data-element_type=\"column\">\n\t\t\t<div class=\"elementor-widget-wrap elementor-element-populated\">\n\t\t\t\t\t\t<div class=\"elementor-element elementor-element-46055eb elementor-widget__width-auto elementor-widget elementor-widget-aux_simple_svg\" data-id=\"46055eb\" data-element_type=\"widget\" data-widget_type=\"aux_simple_svg.default\">\n\t\t\t\t<div class=\"elementor-widget-container\">\n\t\t\t    <div class=\"aux-widget-container aux-simple-svg-container\">\n        <div class=\"aux-widget-container-inner\">\n            <div class=\"aux-the-svg\"><svg xmlns=\"http:\/\/www.w3.org\/2000\/svg\" id=\"Layer_4\" width=\"69px\" height=\"69px\" viewBox=\"0 0 512 512\"><defs><linearGradient id=\"linear-gradient\" x1=\"-0.104\" y1=\"0.406\" x2=\"0.866\" y2=\"0.852\" gradientUnits=\"objectBoundingBox\"><stop offset=\"0\" stop-color=\"#6A11CB\" \/><stop offset=\"1\" stop-color=\"#005BEA\" \/><\/linearGradient><\/defs> <path fill-rule=\"evenodd\" fill=\"url(#linear-gradient)\" d=\"M494.32,241.186l-85.539,65.455 c-6.984,5.875-11.539,14.569-11.539,24.42c0,2.781,0.414,5.477,1.094,8.07c0,0,33.055,115.075,33.711,117.224 c1.273,4.039,1.953,8.343,1.953,12.812C434,492.844,414.797,512,391.125,512c-9.211,0-17.727-2.861-24.75-7.821l-14.836-10.452 v-0.016c-4.758-3.172-7.914-8.578-7.914-14.733c0-9.765,7.914-17.678,17.68-17.678c4.203,0,7.992,1.499,11.047,3.952l0.062-0.078 l4.531,3.234c1.852,1.148,3.977,1.875,6.305,1.875c6.633,0,11.992-5.359,11.992-11.991c0-1.078-0.125-2.102-0.391-3.094 c-0.086-0.312-0.102-0.516-0.102-0.617l-31.648-109.654c-1.508-5.422-2.352-11.187-2.352-17.123 c0-20.726,9.867-39.169,25.156-50.871c0.125-0.109,0.164-0.164,0.273-0.25l81.719-62.986c2.945-2.188,4.844-5.687,4.844-9.625 c0-6.632-5.359-12.006-11.992-12.006c-0.828,0-1.109-0.047-0.969-0.109H358.953c-27.484-0.578-50.711-18.334-59.219-43.043 l-1.852-5.289c-0.352-0.992-0.727-2.062-1.031-2.968l-30.977-88.438c-0.508-1.336-1.172-2.633-2.242-3.703 c-4.141-4.148-10.883-4.148-15.023,0c-1.234,1.234-2.102,2.695-2.594,4.242c-0.062,0.203-0.086,0.086-0.125,0.14l-30.664,87.508 c-0.516,1.445-1.07,3.07-1.625,4.703l-1.336,3.765c-8.477,24.725-31.719,42.504-59.227,43.083H52.219 c0.141,0.062-0.148,0.109-0.969,0.109c-6.617,0-12,5.375-12,12.006c0,3.938,1.898,7.437,4.844,9.625l81.727,62.986 c0.102,0.086,0.141,0.141,0.266,0.25c15.289,11.702,25.164,30.146,25.164,50.871c0,5.937-0.844,11.701-2.352,17.123L117.25,454.581 c0,0.102-0.023,0.305-0.109,0.617c-0.242,0.992-0.391,2.016-0.391,3.094c0,6.632,5.383,11.991,11.992,11.991 c2.312,0,4.453-0.727,6.289-1.859l83.578-59.604c0.039-0.023,0.078-0.039,0.125-0.062c10.32-7.397,22.992-11.788,36.656-11.913 c0.164,0,0.328-0.039,0.492-0.039c0.023,0,0.039,0,0.062,0s0.039,0,0.062,0v0.023c9.133,0.078,16.484,7.461,16.484,16.585 c0,9.147-7.352,16.521-16.484,16.607v0.023c-3.336,0-6.391,1.047-8.961,2.781l-101.484,71.393c-6.969,4.944-15.5,7.782-24.688,7.782 c-23.68,0-42.883-19.156-42.883-42.834c0-4.469,0.68-8.772,1.961-12.812c0.656-2.148,33.711-117.224,33.711-117.224 c0.68-2.594,1.086-5.289,1.086-8.07c0-9.851-4.547-18.584-11.555-24.443L17.594,241.1C6.883,232.796,0,219.898,0,205.314 c0-24.998,20.258-45.254,45.25-45.254c0.062,0,0.102,0,0.164,0l104.867-0.102c13.227-0.531,24.352-9.022,28.703-20.787 c0,0,39.172-107.741,41.297-113.842c1.828-5.187,4.82-10.077,8.984-14.233c14.773-14.795,38.758-14.795,53.547,0 c4.086,4.054,7.031,8.835,8.867,13.929c1.977,5.523,41.336,114.169,41.336,114.169c4.391,11.78,15.516,20.232,28.703,20.764 l104.859,0.102c0.062,0,0.109,0,0.172,0c24.992,0,45.25,20.256,45.25,45.254C512,219.938,505.055,232.897,494.32,241.186 L494.32,241.186z M311.992,432.036c8.844,0,16.016,7.172,16.016,16.015c0,8.835-7.172,15.99-16.016,15.99 c-8.836,0-15.984-7.155-15.984-15.99C296.008,439.208,303.156,432.036,311.992,432.036L311.992,432.036z\" \/> <\/svg><\/div>\n        <\/div>\n    <\/div>\n    \t\t<\/div>\n\t\t\t\t<\/div>\n\t\t\t\t<div class=\"elementor-element elementor-element-b884a4c elementor-widget__width-auto elementor-widget elementor-widget-aux_modern_heading\" data-id=\"b884a4c\" data-element_type=\"widget\" data-widget_type=\"aux_modern_heading.default\">\n\t\t\t\t<div class=\"elementor-widget-container\">\n\t\t\t<section class=\"aux-widget-modern-heading\">\n            <div class=\"aux-widget-inner\"><h2 class=\"aux-modern-heading-primary\">Design de primeira qualidade<\/h2><div class=\"aux-modern-heading-description\"><p>A nossa miss\u00e3o \u00e9 fornecer instru\u00e7\u00e3o de qualidade em l\u00edngua inglesa atrav\u00e9s de uma variedade de cursos.<\/p><\/div><\/div>\n        <\/section>\t\t<\/div>\n\t\t\t\t<\/div>\n\t\t\t\t\t<\/div>\n\t\t<\/div>\n\t\t\t\t\t<\/div>\n\t\t<\/section>\n\t\t\t\t<section data-particle_enable=\"false\" data-particle-mobile-disabled=\"false\" class=\"elementor-section elementor-inner-section elementor-element elementor-element-83e1bd1 elementor-section-boxed elementor-section-height-default elementor-section-height-default\" data-id=\"83e1bd1\" data-element_type=\"section\" data-settings=\"{&quot;_ha_eqh_enable&quot;:false}\">\n\t\t\t\t\t\t<div class=\"elementor-container elementor-column-gap-no\">\n\t\t\t\t\t<div class=\"aux-parallax-section elementor-column elementor-col-100 elementor-inner-column elementor-element elementor-element-6300f47 aux-appear-watch-animation aux-fade-in-up-1\" data-id=\"6300f47\" data-element_type=\"column\">\n\t\t\t<div class=\"elementor-widget-wrap elementor-element-populated\">\n\t\t\t\t\t\t<div class=\"elementor-element elementor-element-bf8cef3 elementor-widget__width-auto elementor-widget elementor-widget-aux_simple_svg\" data-id=\"bf8cef3\" data-element_type=\"widget\" data-widget_type=\"aux_simple_svg.default\">\n\t\t\t\t<div class=\"elementor-widget-container\">\n\t\t\t    <div class=\"aux-widget-container aux-simple-svg-container\">\n        <div class=\"aux-widget-container-inner\">\n            <div class=\"aux-the-svg\"><svg xmlns=\"http:\/\/www.w3.org\/2000\/svg\" id=\"Layer_6\" width=\"68px\" height=\"98px\" viewBox=\"0 0 512 512\"> <defs><linearGradient id=\"linear-gradient\" x1=\"-0.104\" y1=\"0.406\" x2=\"0.866\" y2=\"0.852\" gradientUnits=\"objectBoundingBox\"><stop offset=\"0\" stop-color=\"#6A11CB\" \/><stop offset=\"1\" stop-color=\"#005BEA\" \/><\/linearGradient><\/defs> <path fill-rule=\"evenodd\" fill=\"url(#linear-gradient)\" d=\"M272,448c0,8.836-7.164,16-16,16s-16-7.164-16-16s7.164-16,16-16 S272,439.164,272,448z M352,512H160c-35.348,0-64-28.656-64-64V240c0-8.836,7.164-16,16-16s16,7.164,16,16v208 c0,17.672,14.328,32,32,32h192c17.672,0,32-14.328,32-32v-16c0-8.836-7.164-16-16-16H176c-8.836,0-16-7.164-16-16s7.164-16,16-16 h200c19.352,0,35.484,13.742,39.195,32H416v32C416,483.344,387.344,512,352,512z M128,176c0,8.836-7.164,16-16,16s-16-7.164-16-16 s7.164-16,16-16S128,167.164,128,176z M400,352c-8.836,0-16-7.164-16-16V64c0-17.672-14.328-32-32-32H160c-17.672,0-32,14.328-32,32 v16c0,8.836,7.164,16,16,16h192c8.836,0,16,7.164,16,16s-7.164,16-16,16H136c-22.09,0-40-17.906-40-40V64c0-35.344,28.652-64,64-64 h192c35.344,0,64,28.656,64,64v272C416,344.836,408.836,352,400,352z\" \/> <\/svg><\/div>\n        <\/div>\n    <\/div>\n    \t\t<\/div>\n\t\t\t\t<\/div>\n\t\t\t\t<div class=\"elementor-element elementor-element-67c1499 elementor-widget__width-auto elementor-widget elementor-widget-aux_modern_heading\" data-id=\"67c1499\" data-element_type=\"widget\" data-widget_type=\"aux_modern_heading.default\">\n\t\t\t\t<div class=\"elementor-widget-container\">\n\t\t\t<section class=\"aux-widget-modern-heading\">\n            <div class=\"aux-widget-inner\"><h2 class=\"aux-modern-heading-primary\">Compat\u00edvel com dispositivos m\u00f3veis<\/h2><div class=\"aux-modern-heading-description\"><p>A nossa miss\u00e3o \u00e9 fornecer instru\u00e7\u00e3o de qualidade em l\u00edngua inglesa atrav\u00e9s de uma variedade de cursos.<\/p><\/div><\/div>\n        <\/section>\t\t<\/div>\n\t\t\t\t<\/div>\n\t\t\t\t\t<\/div>\n\t\t<\/div>\n\t\t\t\t\t<\/div>\n\t\t<\/section>\n\t\t\t\t\t<\/div>\n\t\t<\/div>\n\t\t\t\t<div class=\"aux-parallax-section elementor-column elementor-col-50 elementor-top-column elementor-element elementor-element-f32f162\" data-id=\"f32f162\" data-element_type=\"column\">\n\t\t\t<div class=\"elementor-widget-wrap elementor-element-populated\">\n\t\t\t\t\t\t<div class=\"elementor-element elementor-element-4ca85e5 aux-appear-watch-animation aux-mask-from-left elementor-widget elementor-widget-aux_image\" data-id=\"4ca85e5\" data-element_type=\"widget\" data-widget_type=\"aux_image.default\">\n\t\t\t\t<div class=\"elementor-widget-container\">\n\t\t\t<section class=\"widget-container aux-widget-image aux-alignnone aux-parent-aud3b88416\">\n    <div class=\"aux-media-hint-frame \">\n        <div class=\"aux-media-image \" >\n        \n            \n\n            \n            <img fetchpriority=\"high\" decoding=\"async\" width=\"1024\" height=\"1007\" src=\"https:\/\/swissgarnier.com\/wp-content\/uploads\/2020\/02\/Mask-Group-42222@2x-1024x1007.png\" class=\"aux-attachment aux-featured-image aux-attachment-id-26\" alt=\"demo-attachment-1308-Mask-Group-42222@2x\" srcset=\"https:\/\/swissgarnier.com\/wp-content\/uploads\/2020\/02\/Mask-Group-42222@2x-150x150.png 150w,https:\/\/swissgarnier.com\/wp-content\/uploads\/2020\/02\/Mask-Group-42222@2x-300x300.png 300w,https:\/\/swissgarnier.com\/wp-content\/uploads\/2020\/02\/Mask-Group-42222@2x-768x768.png 768w,https:\/\/swissgarnier.com\/wp-content\/uploads\/2020\/02\/Mask-Group-42222@2x-1024x1007.png 1024w,https:\/\/swissgarnier.com\/wp-content\/uploads\/2020\/02\/Mask-Group-42222@2x-1024x1007.png 1024w\" data-ratio=\"1\" data-original-w=\"1121\" sizes=\"(max-width:479px) 480px,(max-width:767px) 768px,(max-width:1023px) 1024px,1024px\" \/>            \n                <\/div>\n    <\/div>\n\n<\/section><!-- widget-container -->\t\t<\/div>\n\t\t\t\t<\/div>\n\t\t\t\t\t<\/div>\n\t\t<\/div>\n\t\t\t\t\t<\/div>\n\t\t<\/section>\n\t\t\t\t<section data-particle_enable=\"false\" data-particle-mobile-disabled=\"false\" class=\"elementor-section elementor-top-section elementor-element elementor-element-5a8c66b elementor-section-full_width elementor-section-height-default elementor-section-height-default\" data-id=\"5a8c66b\" data-element_type=\"section\" data-settings=\"{&quot;_ha_eqh_enable&quot;:false}\">\n\t\t\t\t\t\t<div class=\"elementor-container elementor-column-gap-no\">\n\t\t\t\t\t<div class=\"aux-parallax-section elementor-column elementor-col-50 elementor-top-column elementor-element elementor-element-df20d03\" data-id=\"df20d03\" data-element_type=\"column\" data-settings=\"{&quot;background_background&quot;:&quot;classic&quot;}\">\n\t\t\t<div class=\"elementor-widget-wrap elementor-element-populated\">\n\t\t\t\t\t\t<div class=\"elementor-element elementor-element-c81c774 aux-appear-watch-animation aux-mask-from-right elementor-widget elementor-widget-aux_image\" data-id=\"c81c774\" data-element_type=\"widget\" data-widget_type=\"aux_image.default\">\n\t\t\t\t<div class=\"elementor-widget-container\">\n\t\t\t<section class=\"widget-container aux-widget-image aux-alignnone aux-parent-au15334a5e\">\n    <div class=\"aux-media-hint-frame \">\n        <div class=\"aux-media-image \" >\n        \n            \n\n            \n            <img decoding=\"async\" width=\"1373\" height=\"1173\" src=\"https:\/\/swissgarnier.com\/wp-content\/uploads\/2020\/02\/Mask-Group-43@2x.png\" class=\"aux-attachment aux-featured-image aux-attachment-id-32\" alt=\"demo-attachment-1245-Mask-Group-43@2x\" data-ratio=\"1.17\" data-original-w=\"1373\" \/>            \n                <\/div>\n    <\/div>\n\n<\/section><!-- widget-container -->\t\t<\/div>\n\t\t\t\t<\/div>\n\t\t\t\t\t<\/div>\n\t\t<\/div>\n\t\t\t\t<div class=\"aux-parallax-section elementor-column elementor-col-50 elementor-top-column elementor-element elementor-element-2faafb1\" data-id=\"2faafb1\" data-element_type=\"column\" data-settings=\"{&quot;background_background&quot;:&quot;classic&quot;}\">\n\t\t\t<div class=\"elementor-widget-wrap elementor-element-populated\">\n\t\t\t\t\t\t<div class=\"elementor-element elementor-element-5701991 aux-appear-watch-animation aux-fade-in-right elementor-widget elementor-widget-aux_modern_heading\" data-id=\"5701991\" data-element_type=\"widget\" data-widget_type=\"aux_modern_heading.default\">\n\t\t\t\t<div class=\"elementor-widget-container\">\n\t\t\t<section class=\"aux-widget-modern-heading\">\n            <div class=\"aux-widget-inner\"><h2 class=\"aux-modern-heading-primary\"><\/h2><h3 class=\"aux-modern-heading-secondary\"><span class=\"aux-head-before\">Quem<\/span><span class=\"aux-head-highlight\"> N\u00f3s somos<\/span><\/h3><\/div>\n        <\/section>\t\t<\/div>\n\t\t\t\t<\/div>\n\t\t\t\t<div class=\"elementor-element elementor-element-be38abe aux-appear-watch-animation aux-fade-in-up elementor-widget elementor-widget-aux_modern_heading\" data-id=\"be38abe\" data-element_type=\"widget\" data-widget_type=\"aux_modern_heading.default\">\n\t\t\t\t<div class=\"elementor-widget-container\">\n\t\t\t<section class=\"aux-widget-modern-heading\">\n            <div class=\"aux-widget-inner\"><h2 class=\"aux-modern-heading-primary\">Os servi\u00e7os especiais dedicados<\/h2><div class=\"aux-modern-heading-divider\"><\/div><div class=\"aux-modern-heading-description\"><p>Lorem ipsum dolor sit amet, consectetur adipiscing elit. Donec turpis dolor, mit malesuada non leo a, vehicula ornare nibh. Integer eget bibendum nulla, neced hendrerit magna. Nunc vitae ipsum interdum, varius magna ut, sollicitudin nunc. Pellentesque habitant morbi tristique senectus et. Lorem ipsum dolor sit amet, consectetur adipiscing elit. Donec turpis.<\/p><\/div><\/div>\n        <\/section>\t\t<\/div>\n\t\t\t\t<\/div>\n\t\t\t\t\t<\/div>\n\t\t<\/div>\n\t\t\t\t\t<\/div>\n\t\t<\/section>\n\t\t\t\t<section data-particle_enable=\"false\" data-particle-mobile-disabled=\"false\" class=\"elementor-section elementor-top-section elementor-element elementor-element-ec90458 elementor-section-boxed elementor-section-height-default elementor-section-height-default\" data-id=\"ec90458\" data-element_type=\"section\" data-settings=\"{&quot;_ha_eqh_enable&quot;:false}\">\n\t\t\t\t\t\t<div class=\"elementor-container elementor-column-gap-no\">\n\t\t\t\t\t<div class=\"aux-parallax-section elementor-column elementor-col-50 elementor-top-column elementor-element elementor-element-e2169d3\" data-id=\"e2169d3\" data-element_type=\"column\">\n\t\t\t<div class=\"elementor-widget-wrap elementor-element-populated\">\n\t\t\t\t\t\t<div class=\"elementor-element elementor-element-57dbd0b aux-appear-watch-animation aux-fade-in-right elementor-widget elementor-widget-aux_modern_heading\" data-id=\"57dbd0b\" data-element_type=\"widget\" data-widget_type=\"aux_modern_heading.default\">\n\t\t\t\t<div class=\"elementor-widget-container\">\n\t\t\t<section class=\"aux-widget-modern-heading\">\n            <div class=\"aux-widget-inner\"><h2 class=\"aux-modern-heading-primary\"><\/h2><h3 class=\"aux-modern-heading-secondary\"><span class=\"aux-head-before\">NOSSO<\/span><span class=\"aux-head-highlight\">habilidade<\/span><\/h3><\/div>\n        <\/section>\t\t<\/div>\n\t\t\t\t<\/div>\n\t\t\t\t<div class=\"elementor-element elementor-element-85969f3 aux-appear-watch-animation aux-fade-in-up elementor-widget elementor-widget-aux_modern_heading\" data-id=\"85969f3\" data-element_type=\"widget\" data-widget_type=\"aux_modern_heading.default\">\n\t\t\t\t<div class=\"elementor-widget-container\">\n\t\t\t<section class=\"aux-widget-modern-heading\">\n            <div class=\"aux-widget-inner\"><h2 class=\"aux-modern-heading-primary\">A principal fonte para a nossa habilidade<\/h2><div class=\"aux-modern-heading-divider\"><\/div><div class=\"aux-modern-heading-description\"><p>Lorem ipsum dolor sit amet, consectetur adipiscing elit. Donec turpis dolor, mit malesuada non leo a, vehicula ornare nibh. Integer eget bibendum nulla, neced hendrerit magna. Nunc vitae ipsum interdum,<\/p><\/div><\/div>\n        <\/section>\t\t<\/div>\n\t\t\t\t<\/div>\n\t\t\t\t\t<\/div>\n\t\t<\/div>\n\t\t\t\t<div class=\"aux-parallax-section elementor-column elementor-col-50 elementor-top-column elementor-element elementor-element-32f538f\" data-id=\"32f538f\" data-element_type=\"column\">\n\t\t\t<div class=\"elementor-widget-wrap elementor-element-populated\">\n\t\t\t\t\t\t<div class=\"elementor-element elementor-element-752c168 aux-appear-watch-animation aux-fade-in-up elementor-widget elementor-widget-aux_progressbar\" data-id=\"752c168\" data-element_type=\"widget\" data-widget_type=\"aux_progressbar.default\">\n\t\t\t\t<div class=\"elementor-widget-container\">\n\t\t\t<section class=\"widget-container aux-widget-progressbar aux-parent-audba5c0d2\" style=\"\" ><div class=\"aux-progressbar-container\"><h4 class=\"aux-progressbar-title\"><i class=\"aux-progressbar-icon \"><\/i>Marketing Online<\/h4><div class=\"aux-progressbar-svg \"><span class=\"aux-progressbar-value\" style=\"left:80%\">80%<\/span><div class='aux-outer-background' style='height: 10px;'><div class='aux-inner-background' style='top:0px;width:80%;height:10px;'><\/div><\/div><\/div><\/div><\/section><!-- widget-container -->\t\t<\/div>\n\t\t\t\t<\/div>\n\t\t\t\t<div class=\"elementor-element elementor-element-463fc2a aux-appear-watch-animation aux-fade-in-up elementor-widget elementor-widget-aux_progressbar\" data-id=\"463fc2a\" data-element_type=\"widget\" data-widget_type=\"aux_progressbar.default\">\n\t\t\t\t<div class=\"elementor-widget-container\">\n\t\t\t<section class=\"widget-container aux-widget-progressbar aux-parent-au2cc761d4\" style=\"\" ><div class=\"aux-progressbar-container\"><h4 class=\"aux-progressbar-title\"><i class=\"aux-progressbar-icon \"><\/i>Entregar Neg\u00f3cios<\/h4><div class=\"aux-progressbar-svg \"><span class=\"aux-progressbar-value\" style=\"left:70%\">70%<\/span><div class='aux-outer-background' style='height: 10px;'><div class='aux-inner-background' style='top:0px;width:70%;height:10px;'><\/div><\/div><\/div><\/div><\/section><!-- widget-container -->\t\t<\/div>\n\t\t\t\t<\/div>\n\t\t\t\t<div class=\"elementor-element elementor-element-e250eba aux-appear-watch-animation aux-fade-in-up elementor-widget elementor-widget-aux_progressbar\" data-id=\"e250eba\" data-element_type=\"widget\" data-widget_type=\"aux_progressbar.default\">\n\t\t\t\t<div class=\"elementor-widget-container\">\n\t\t\t<section class=\"widget-container aux-widget-progressbar aux-parent-au39e3e007\" style=\"\" ><div class=\"aux-progressbar-container\"><h4 class=\"aux-progressbar-title\"><i class=\"aux-progressbar-icon \"><\/i>Consultor de Design<\/h4><div class=\"aux-progressbar-svg \"><span class=\"aux-progressbar-value\" style=\"left:90%\">90%<\/span><div class='aux-outer-background' style='height: 10px;'><div class='aux-inner-background' style='top:0px;width:90%;height:10px;'><\/div><\/div><\/div><\/div><\/section><!-- widget-container -->\t\t<\/div>\n\t\t\t\t<\/div>\n\t\t\t\t<div class=\"elementor-element elementor-element-c246a47 aux-appear-watch-animation aux-fade-in-up elementor-widget elementor-widget-aux_progressbar\" data-id=\"c246a47\" data-element_type=\"widget\" data-widget_type=\"aux_progressbar.default\">\n\t\t\t\t<div class=\"elementor-widget-container\">\n\t\t\t<section class=\"widget-container aux-widget-progressbar aux-parent-au11d3ca42\" style=\"\" ><div class=\"aux-progressbar-container\"><h4 class=\"aux-progressbar-title\"><i class=\"aux-progressbar-icon \"><\/i>Consultor de Design<\/h4><div class=\"aux-progressbar-svg \"><span class=\"aux-progressbar-value\" style=\"left:75%\">75%<\/span><div class='aux-outer-background' style='height: 10px;'><div class='aux-inner-background' style='top:0px;width:75%;height:10px;'><\/div><\/div><\/div><\/div><\/section><!-- widget-container -->\t\t<\/div>\n\t\t\t\t<\/div>\n\t\t\t\t\t<\/div>\n\t\t<\/div>\n\t\t\t\t\t<\/div>\n\t\t<\/section>\n\t\t\t\t<\/div>\n\t\t","protected":false},"excerpt":{"rendered":"<p>Sobre n\u00f3s NOSSOBENEF\u00cdCIOS Por que nos escolher? Design de primeira qualidade A nossa miss\u00e3o \u00e9 fornecer instru\u00e7\u00e3o de qualidade em l\u00edngua inglesa atrav\u00e9s de uma variedade de cursos. Compat\u00edvel com dispositivos m\u00f3veis A nossa miss\u00e3o \u00e9 fornecer instru\u00e7\u00e3o de qualidade em l\u00edngua inglesa atrav\u00e9s de uma variedade de cursos. Quem N\u00f3s somos Os servi\u00e7os especiais [&hellip;]<\/p>\n","protected":false},"author":1,"featured_media":0,"parent":0,"menu_order":0,"comment_status":"closed","ping_status":"closed","template":"templates\/page-builder-content.php","meta":{"footnotes":""},"class_list":["post-5575","page","type-page","status-publish","hentry"],"_links":{"self":[{"href":"https:\/\/swissgarnier.com\/pt-pt\/index.php\/wp-json\/wp\/v2\/pages\/5575","targetHints":{"allow":["GET"]}}],"collection":[{"href":"https:\/\/swissgarnier.com\/pt-pt\/index.php\/wp-json\/wp\/v2\/pages"}],"about":[{"href":"https:\/\/swissgarnier.com\/pt-pt\/index.php\/wp-json\/wp\/v2\/types\/page"}],"author":[{"embeddable":true,"href":"https:\/\/swissgarnier.com\/pt-pt\/index.php\/wp-json\/wp\/v2\/users\/1"}],"replies":[{"embeddable":true,"href":"https:\/\/swissgarnier.com\/pt-pt\/index.php\/wp-json\/wp\/v2\/comments?post=5575"}],"version-history":[{"count":1,"href":"https:\/\/swissgarnier.com\/pt-pt\/index.php\/wp-json\/wp\/v2\/pages\/5575\/revisions"}],"predecessor-version":[{"id":5577,"href":"https:\/\/swissgarnier.com\/pt-pt\/index.php\/wp-json\/wp\/v2\/pages\/5575\/revisions\/5577"}],"wp:attachment":[{"href":"https:\/\/swissgarnier.com\/pt-pt\/index.php\/wp-json\/wp\/v2\/media?parent=5575"}],"curies":[{"name":"wp","href":"https:\/\/api.w.org\/{rel}","templated":true}]}}