{"id":5884,"date":"2023-09-07T02:37:49","date_gmt":"2023-09-06T21:07:49","guid":{"rendered":"https:\/\/swissgarnier.com\/index.php\/rd\/"},"modified":"2025-12-01T16:06:25","modified_gmt":"2025-12-01T10:36:25","slug":"rd","status":"publish","type":"page","link":"https:\/\/swissgarnier.com\/fr\/index.php\/rd\/","title":{"rendered":"R&amp;D"},"content":{"rendered":"\t\t<div data-elementor-type=\"wp-page\" data-elementor-id=\"5884\" class=\"elementor elementor-5884 elementor-977\">\n\t\t\t\t\t\t<section data-particle_enable=\"false\" data-particle-mobile-disabled=\"false\" class=\"elementor-section elementor-top-section elementor-element elementor-element-0ac3eb3 elementor-section-height-min-height elementor-section-stretched elementor-section-boxed elementor-section-height-default elementor-section-items-middle\" data-id=\"0ac3eb3\" data-element_type=\"section\" data-settings=\"{&quot;background_background&quot;:&quot;classic&quot;,&quot;shape_divider_bottom&quot;:&quot;triangle-asymmetrical&quot;,&quot;shape_divider_bottom_negative&quot;:&quot;yes&quot;,&quot;stretch_section&quot;:&quot;section-stretched&quot;,&quot;_ha_eqh_enable&quot;:false}\">\n\t\t\t\t\t\t\t<div class=\"elementor-background-overlay\"><\/div>\n\t\t\t\t\t\t<div class=\"elementor-shape elementor-shape-bottom\" data-negative=\"true\">\n\t\t\t<svg xmlns=\"http:\/\/www.w3.org\/2000\/svg\" viewBox=\"0 0 1000 100\" preserveAspectRatio=\"none\">\n\t<path class=\"elementor-shape-fill\" d=\"M737.9,94.7L0,0v100h1000V0L737.9,94.7z\"\/>\n<\/svg>\t\t<\/div>\n\t\t\t\t\t<div class=\"elementor-container elementor-column-gap-default\">\n\t\t\t\t\t<div class=\"aux-parallax-section elementor-column elementor-col-50 elementor-top-column elementor-element elementor-element-e0e729e\" data-id=\"e0e729e\" data-element_type=\"column\">\n\t\t\t<div class=\"elementor-widget-wrap elementor-element-populated\">\n\t\t\t\t\t\t<div class=\"elementor-element elementor-element-4c3de24 elementor-invisible elementor-widget elementor-widget-heading\" data-id=\"4c3de24\" data-element_type=\"widget\" data-settings=\"{&quot;_animation&quot;:&quot;fadeInUp&quot;}\" data-widget_type=\"heading.default\">\n\t\t\t\t<div class=\"elementor-widget-container\">\n\t\t\t<h2 class=\"elementor-heading-title elementor-size-default\">Recherche et d\u00e9veloppement<\/h2>\t\t<\/div>\n\t\t\t\t<\/div>\n\t\t\t\t\t<\/div>\n\t\t<\/div>\n\t\t\t\t<div class=\"aux-parallax-section elementor-column elementor-col-50 elementor-top-column elementor-element elementor-element-db5b035\" data-id=\"db5b035\" data-element_type=\"column\">\n\t\t\t<div class=\"elementor-widget-wrap\">\n\t\t\t\t\t\t\t<\/div>\n\t\t<\/div>\n\t\t\t\t\t<\/div>\n\t\t<\/section>\n\t\t\t\t<section data-particle_enable=\"false\" data-particle-mobile-disabled=\"false\" class=\"elementor-section elementor-top-section elementor-element elementor-element-504b9182 elementor-section-content-middle elementor-section-boxed elementor-section-height-default elementor-section-height-default\" data-id=\"504b9182\" data-element_type=\"section\" id=\"2\" data-settings=\"{&quot;background_background&quot;:&quot;classic&quot;,&quot;_ha_eqh_enable&quot;:false}\">\n\t\t\t\t\t\t<div class=\"elementor-container elementor-column-gap-default\">\n\t\t\t\t\t<div class=\"aux-parallax-section elementor-column elementor-col-50 elementor-top-column elementor-element elementor-element-b3f30ff\" data-id=\"b3f30ff\" data-element_type=\"column\">\n\t\t\t<div class=\"elementor-widget-wrap elementor-element-populated\">\n\t\t\t\t\t\t<div class=\"elementor-element elementor-element-15487fc ha-align-center ha-layout-block elementor-widget elementor-widget-ha-advanced-heading happy-addon ha-advanced-heading happy-addon-pro\" data-id=\"15487fc\" data-element_type=\"widget\" data-widget_type=\"ha-advanced-heading.default\">\n\t\t\t\t<div class=\"elementor-widget-container\">\n\t\t\t\r\n\t\t<h2 class=\"ha-advanced-heading-tag\">\r\n\t\t\t\t\t\t<div class=\"ha-advanced-heading-wrap\" data-background-text=\"\">\r\n\t\t\t\t<span class=\"ha-advanced-heading-before\">Recherche <\/span>\r\n\t\t\t\t<span class=\"ha-advanced-heading-center\">D\u00e9veloppement<\/span>\r\n\t\t\t\t<span class=\"ha-advanced-heading-after\"><\/span>\r\n\t\t\t\t<span class=\"ha-advanced-heading-border\"><\/span>\r\n\t\t\t<\/div>\r\n\t\t\t\t\t<\/h2>\r\n\r\n\t\t\t\t<\/div>\n\t\t\t\t<\/div>\n\t\t\t\t\t<\/div>\n\t\t<\/div>\n\t\t\t\t<div class=\"aux-parallax-section elementor-column elementor-col-50 elementor-top-column elementor-element elementor-element-36e4eb54\" data-id=\"36e4eb54\" data-element_type=\"column\">\n\t\t\t<div class=\"elementor-widget-wrap elementor-element-populated\">\n\t\t\t\t\t\t<div class=\"elementor-element elementor-element-030bc58 aux-appear-watch-animation aux-fade-in-right elementor-invisible elementor-widget elementor-widget-aux_modern_heading\" data-id=\"030bc58\" data-element_type=\"widget\" data-settings=\"{&quot;_animation&quot;:&quot;fadeInUp&quot;}\" data-widget_type=\"aux_modern_heading.default\">\n\t\t\t\t<div class=\"elementor-widget-container\">\n\t\t\t<section class=\"aux-widget-modern-heading\">\n            <div class=\"aux-widget-inner\"><h2 class=\"aux-modern-heading-primary\"><\/h2><h3 class=\"aux-modern-heading-secondary\"><span class=\"aux-head-before\">NOTRE<\/span><span class=\"aux-head-highlight\"> Histoire<\/span><\/h3><\/div>\n        <\/section>\t\t<\/div>\n\t\t\t\t<\/div>\n\t\t\t\t<div class=\"elementor-element elementor-element-812bd74 aux-appear-watch-animation aux-fade-in-up elementor-widget elementor-widget-aux_modern_heading\" data-id=\"812bd74\" data-element_type=\"widget\" data-widget_type=\"aux_modern_heading.default\">\n\t\t\t\t<div class=\"elementor-widget-container\">\n\t\t\t<section class=\"aux-widget-modern-heading\">\n            <div class=\"aux-widget-inner\"><h2 class=\"aux-modern-heading-primary\">Nous sommes suisses<\/h2><div class=\"aux-modern-heading-divider\"><\/div><div class=\"aux-modern-heading-description\"><p>Swiss Garnier dispose d'une \u00e9quipe de recherche et d\u00e9veloppement (R&amp;D) solide, efficace et hautement sp\u00e9cialis\u00e9e pour soutenir le d\u00e9veloppement de la formulation.<\/p><p>Nous accordons une importance capitale \u00e0 l'investissement dans la recherche et le d\u00e9veloppement (R&amp;D). Notre force r\u00e9side dans notre capacit\u00e9 \u00e0 exceller dans le d\u00e9veloppement de m\u00e9dicaments g\u00e9n\u00e9riques et de produits technologiquement complexes gr\u00e2ce \u00e0 des \u00e9quipes sp\u00e9cialis\u00e9es en formulation et en d\u00e9veloppement analytique. Notre aptitude \u00e0 d\u00e9velopper des formulations \u00e0 l'aide des technologies les plus r\u00e9centes et innovantes constitue le principal facteur de diff\u00e9renciation de notre recherche.  <\/p><\/div><\/div>\n        <\/section>\t\t<\/div>\n\t\t\t\t<\/div>\n\t\t\t\t<div class=\"elementor-element elementor-element-05b39d7 elementor-invisible elementor-widget elementor-widget-tp-button\" data-id=\"05b39d7\" data-element_type=\"widget\" data-settings=\"{&quot;_animation&quot;:&quot;fadeInUp&quot;}\" data-widget_type=\"tp-button.default\">\n\t\t\t\t<div class=\"elementor-widget-container\">\n\t\t\t<div class=\"pt-plus-button-wrapper   text-left text--tabletcenter text--mobilecenter   \"><div class=\"button_parallax  pt-plus-move-parallax \" ><div class=\"parallax-move\"  data-move_speed_x=\"30\"  data-move_speed_y=\"30\" ><div id=\"button69ecfe3d58f27\"  class=\" text-left text--tabletcenter text--mobilecenter ts-button content_hover_effect   \" ><div class=\"pt_plus_button btn69ecfe3d58f08 button-style-13  hover-left   \"  ><div class=\"animted-content-inner \"><a href=\"#\" class=\"button-link-wrap \" role=\"button\" data-hover=\"EN SAVOIR PLUS\"  ><span>EN SAVOIR PLUS<i class=\"btn-icon button-after fa fa-angle-right\"><\/i><\/span><\/a><\/div><\/div><\/div><\/div><\/div><\/div>\t\t<\/div>\n\t\t\t\t<\/div>\n\t\t\t\t\t<\/div>\n\t\t<\/div>\n\t\t\t\t\t<\/div>\n\t\t<\/section>\n\t\t\t\t<section data-particle_enable=\"false\" data-particle-mobile-disabled=\"false\" class=\"elementor-section elementor-top-section elementor-element elementor-element-3aba6594 elementor-reverse-tablet elementor-section-boxed elementor-section-height-default elementor-section-height-default\" data-id=\"3aba6594\" data-element_type=\"section\" id=\"3\" data-settings=\"{&quot;_ha_eqh_enable&quot;:false}\">\n\t\t\t\t\t\t<div class=\"elementor-container elementor-column-gap-default\">\n\t\t\t\t\t<div class=\"aux-parallax-section elementor-column elementor-col-50 elementor-top-column elementor-element elementor-element-6e8209ba\" data-id=\"6e8209ba\" data-element_type=\"column\" data-settings=\"{&quot;background_background&quot;:&quot;classic&quot;}\">\n\t\t\t<div class=\"elementor-widget-wrap elementor-element-populated\">\n\t\t\t\t\t\t<div class=\"elementor-element elementor-element-8a449bf aux-appear-watch-animation aux-fade-in-up elementor-widget elementor-widget-aux_modern_heading\" data-id=\"8a449bf\" data-element_type=\"widget\" data-widget_type=\"aux_modern_heading.default\">\n\t\t\t\t<div class=\"elementor-widget-container\">\n\t\t\t<section class=\"aux-widget-modern-heading\">\n            <div class=\"aux-widget-inner\"><h2 class=\"aux-modern-heading-primary\">Nous sommes suisses<\/h2><div class=\"aux-modern-heading-divider\"><\/div><div class=\"aux-modern-heading-description\"><p>Nous sommes en mesure de fournir des produits de qualit\u00e9 dans les d\u00e9lais impartis, \u00e0 moindre co\u00fbt et sans compromis sur la qualit\u00e9. Nos scientifiques collaborent \u00e9troitement avec notre \u00e9quipe de d\u00e9veloppement commercial pour concevoir des concepts et des id\u00e9es novateurs, en exploitant les besoins du march\u00e9 et les synergies entre les diff\u00e9rents domaines th\u00e9rapeutiques. Notre expertise en recherche nous a non seulement permis d'obtenir d'excellents r\u00e9sultats commerciaux, mais nous a \u00e9galement valu une r\u00e9putation enviable d'excellence et de comp\u00e9tence dans l'industrie pharmaceutique.  <\/p><p>Compos\u00e9e d'\u00e9minents chercheurs forts de nombreuses ann\u00e9es d'exp\u00e9rience et disposant d'une masse consid\u00e9rable de donn\u00e9es probantes, la soci\u00e9t\u00e9 a d\u00e9velopp\u00e9 avec un succ\u00e8s spectaculaire des sp\u00e9cialit\u00e9s dans les formes posologiques \u00e0 lib\u00e9ration prolong\u00e9e et \u00e0 lib\u00e9ration prolong\u00e9e.<\/p><\/div><\/div>\n        <\/section>\t\t<\/div>\n\t\t\t\t<\/div>\n\t\t\t\t\t<\/div>\n\t\t<\/div>\n\t\t\t\t<div class=\"aux-parallax-section elementor-column elementor-col-50 elementor-top-column elementor-element elementor-element-3792ab4b\" data-id=\"3792ab4b\" data-element_type=\"column\">\n\t\t\t<div class=\"elementor-widget-wrap elementor-element-populated\">\n\t\t\t\t\t\t<div class=\"elementor-element elementor-element-54471f5 elementor-widget elementor-widget-aux_touch_slider\" data-id=\"54471f5\" data-element_type=\"widget\" data-widget_type=\"aux_touch_slider.default\">\n\t\t\t\t<div class=\"elementor-widget-container\">\n\t\t\t<section class=\"widget-container aux-widget-touch-slider aux-widget-post-slider aux-parent-auc4fa80e0\"><div class=\"master-carousel-slider aux-latest-posts-slider aux-no-js aux-light-skin\" data-empty-height=\"560\" data-navigation=\"peritem\" data-space=\"0\" data-auto-height=\"true\" data-delay=\"2\" data-loop=\"yes\" data-autoplay=\"1\">        <div class=\"aux-mc-item\" >\n                <div class=\"aux-slide-media\">\n                    <div class=\"aux-media-frame aux-media-image\"><img fetchpriority=\"high\" decoding=\"async\" width=\"960\" height=\"560\" src=\"https:\/\/swissgarnier.com\/wp-content\/uploads\/2024\/05\/Facilities-RD-Slide-1-scaled-960x560.jpg\" class=\"auxin-attachment attachment-960x560\" alt=\"Facilities R&amp;D Slide 1\" \/><\/div>\n                <\/div>\n                    <\/div>\n\n        <div class=\"aux-mc-item\" >\n                <div class=\"aux-slide-media\">\n                    <div class=\"aux-media-frame aux-media-image\"><img decoding=\"async\" width=\"960\" height=\"560\" src=\"https:\/\/swissgarnier.com\/wp-content\/uploads\/2024\/05\/Facilities-RD-Slide-2-scaled-960x560.jpg\" class=\"auxin-attachment attachment-960x560\" alt=\"Facilities R&amp;D Slide 2\" \/><\/div>\n                <\/div>\n                    <\/div>\n\n<\/div><!-- aux-col-wrapper --><\/section><!-- widget-container -->\t\t<\/div>\n\t\t\t\t<\/div>\n\t\t\t\t\t<\/div>\n\t\t<\/div>\n\t\t\t\t\t<\/div>\n\t\t<\/section>\n\t\t\t\t<section data-particle_enable=\"false\" data-particle-mobile-disabled=\"false\" class=\"elementor-section elementor-top-section elementor-element elementor-element-f176184 elementor-reverse-tablet elementor-section-boxed elementor-section-height-default elementor-section-height-default\" data-id=\"f176184\" data-element_type=\"section\" data-settings=\"{&quot;_ha_eqh_enable&quot;:false}\">\n\t\t\t\t\t\t<div class=\"elementor-container elementor-column-gap-default\">\n\t\t\t\t\t<div class=\"aux-parallax-section elementor-column elementor-col-50 elementor-top-column elementor-element elementor-element-2c98aac\" data-id=\"2c98aac\" data-element_type=\"column\">\n\t\t\t<div class=\"elementor-widget-wrap elementor-element-populated\">\n\t\t\t\t\t\t<div class=\"elementor-element elementor-element-4d62a5d elementor-widget elementor-widget-aux_touch_slider\" data-id=\"4d62a5d\" data-element_type=\"widget\" data-widget_type=\"aux_touch_slider.default\">\n\t\t\t\t<div class=\"elementor-widget-container\">\n\t\t\t<section class=\"widget-container aux-widget-touch-slider aux-widget-post-slider aux-parent-au8b6c5b72\"><div class=\"master-carousel-slider aux-latest-posts-slider aux-no-js aux-light-skin\" data-empty-height=\"560\" data-navigation=\"peritem\" data-space=\"1\" data-auto-height=\"true\" data-delay=\"2\" data-loop=\"yes\" data-autoplay=\"1\">        <div class=\"aux-mc-item\" >\n                <div class=\"aux-slide-media\">\n                    <div class=\"aux-media-frame aux-media-image\"><img decoding=\"async\" width=\"960\" height=\"560\" src=\"https:\/\/swissgarnier.com\/wp-content\/uploads\/2024\/05\/Facilities-RD-Slide-2-scaled-960x560.jpg\" class=\"auxin-attachment attachment-960x560\" alt=\"Facilities R&amp;D Slide 2\" \/><\/div>\n                <\/div>\n                    <\/div>\n\n        <div class=\"aux-mc-item\" >\n                <div class=\"aux-slide-media\">\n                    <div class=\"aux-media-frame aux-media-image\"><img decoding=\"async\" width=\"960\" height=\"560\" src=\"https:\/\/swissgarnier.com\/wp-content\/uploads\/2024\/05\/Facilities-RD-Slide-3-scaled-960x560.jpg\" class=\"auxin-attachment attachment-960x560\" alt=\"Facilities R&amp;D Slide 3\" \/><\/div>\n                <\/div>\n                    <\/div>\n\n<\/div><!-- aux-col-wrapper --><\/section><!-- widget-container -->\t\t<\/div>\n\t\t\t\t<\/div>\n\t\t\t\t\t<\/div>\n\t\t<\/div>\n\t\t\t\t<div class=\"aux-parallax-section elementor-column elementor-col-50 elementor-top-column elementor-element elementor-element-c4ae640\" data-id=\"c4ae640\" data-element_type=\"column\" data-settings=\"{&quot;background_background&quot;:&quot;classic&quot;}\">\n\t\t\t<div class=\"elementor-widget-wrap elementor-element-populated\">\n\t\t\t\t\t\t<div class=\"elementor-element elementor-element-89a3cd7 aux-appear-watch-animation aux-fade-in-up elementor-widget elementor-widget-aux_modern_heading\" data-id=\"89a3cd7\" data-element_type=\"widget\" data-widget_type=\"aux_modern_heading.default\">\n\t\t\t\t<div class=\"elementor-widget-container\">\n\t\t\t<section class=\"aux-widget-modern-heading\">\n            <div class=\"aux-widget-inner\"><h2 class=\"aux-modern-heading-primary\"><\/h2><div class=\"aux-modern-heading-description\"><p>Voici quelques exemples de nos d\u00e9veloppements de produits uniques:<\/p><p>Comprim\u00e9s orodispersibles de Voglibose<\/p><p>comprim\u00e9s \u00e0 lib\u00e9ration prolong\u00e9e de voglibose et de metformine<\/p><p>Comprim\u00e9s de m\u00e9toprolol \u00e0 lib\u00e9ration prolong\u00e9e<\/p><p>comprim\u00e9s d'\u00e9todolac \u00e0 lib\u00e9ration prolong\u00e9e<\/p><p>comprim\u00e9s de doxophylline avec mont\u00e9lukast<\/p><p>Pr\u00e9paration enzymatique liquide<\/p><p>Pr\u00e9biotiques et probiotiques avec multivitamines et min\u00e9raux (capsule dans une capsule)<\/p><p>Comprim\u00e9s de S-ad\u00e9nosylm\u00e9thionine<\/p><p>Spray de minoxidil sans alcool<\/p><\/div><\/div>\n        <\/section>\t\t<\/div>\n\t\t\t\t<\/div>\n\t\t\t\t\t<\/div>\n\t\t<\/div>\n\t\t\t\t\t<\/div>\n\t\t<\/section>\n\t\t\t\t<section data-particle_enable=\"false\" data-particle-mobile-disabled=\"false\" class=\"elementor-section elementor-top-section elementor-element elementor-element-c415449 elementor-section-boxed elementor-section-height-default elementor-section-height-default\" data-id=\"c415449\" data-element_type=\"section\" data-settings=\"{&quot;_ha_eqh_enable&quot;:false}\">\n\t\t\t\t\t\t<div class=\"elementor-container elementor-column-gap-default\">\n\t\t\t\t\t<div class=\"aux-parallax-section elementor-column elementor-col-100 elementor-top-column elementor-element elementor-element-452c7ad\" data-id=\"452c7ad\" data-element_type=\"column\">\n\t\t\t<div class=\"elementor-widget-wrap\">\n\t\t\t\t\t\t\t<\/div>\n\t\t<\/div>\n\t\t\t\t\t<\/div>\n\t\t<\/section>\n\t\t\t\t<section data-particle_enable=\"false\" data-particle-mobile-disabled=\"false\" class=\"elementor-section elementor-top-section elementor-element elementor-element-6e64750 elementor-section-boxed elementor-section-height-default elementor-section-height-default elementor-invisible\" data-id=\"6e64750\" data-element_type=\"section\" data-settings=\"{&quot;background_background&quot;:&quot;gradient&quot;,&quot;animation&quot;:&quot;fadeInUp&quot;,&quot;_ha_eqh_enable&quot;:false}\">\n\t\t\t\t\t\t<div class=\"elementor-container elementor-column-gap-default\">\n\t\t\t\t\t<div class=\"aux-parallax-section elementor-column elementor-col-100 elementor-top-column elementor-element elementor-element-f9b7e42\" data-id=\"f9b7e42\" data-element_type=\"column\" data-settings=\"{&quot;background_background&quot;:&quot;gradient&quot;}\">\n\t\t\t<div class=\"elementor-widget-wrap elementor-element-populated\">\n\t\t\t\t\t\t<section data-particle_enable=\"false\" data-particle-mobile-disabled=\"false\" class=\"elementor-section elementor-top-section elementor-element elementor-element-fab99cd elementor-section-content-middle elementor-section-boxed elementor-section-height-default elementor-section-height-default\" data-id=\"fab99cd\" data-element_type=\"section\" data-settings=\"{&quot;_ha_eqh_enable&quot;:false}\">\n\t\t\t\t\t\t<div class=\"elementor-container elementor-column-gap-default\">\n\t\t\t\t\t<div class=\"aux-parallax-section elementor-column elementor-col-50 elementor-top-column elementor-element elementor-element-4798d88\" data-id=\"4798d88\" data-element_type=\"column\">\n\t\t\t<div class=\"elementor-widget-wrap elementor-element-populated\">\n\t\t\t\t\t\t<div class=\"elementor-element elementor-element-fd89128 elementor-widget__width-auto elementor-widget elementor-widget-heading\" data-id=\"fd89128\" data-element_type=\"widget\" data-widget_type=\"heading.default\">\n\t\t\t\t<div class=\"elementor-widget-container\">\n\t\t\t<h4 class=\"elementor-heading-title elementor-size-default\">Swiss Garnier<\/h4>\t\t<\/div>\n\t\t\t\t<\/div>\n\t\t\t\t<div class=\"elementor-element elementor-element-3d60d30 elementor-widget__width-auto elementor-widget-tablet__width-initial elementor-widget elementor-widget-heading\" data-id=\"3d60d30\" data-element_type=\"widget\" data-widget_type=\"heading.default\">\n\t\t\t\t<div class=\"elementor-widget-container\">\n\t\t\t<p class=\"elementor-heading-title elementor-size-default\">Contactez-nous pour plus d'informations.<\/p>\t\t<\/div>\n\t\t\t\t<\/div>\n\t\t\t\t\t<\/div>\n\t\t<\/div>\n\t\t\t\t<div class=\"aux-parallax-section elementor-column elementor-col-50 elementor-top-column elementor-element elementor-element-bc2a0af\" data-id=\"bc2a0af\" data-element_type=\"column\">\n\t\t\t<div class=\"elementor-widget-wrap elementor-element-populated\">\n\t\t\t\t\t\t<div class=\"elementor-element elementor-element-aa7ae85 elementor-widget__width-initial elementor-widget elementor-widget-tp-button\" data-id=\"aa7ae85\" data-element_type=\"widget\" data-widget_type=\"tp-button.default\">\n\t\t\t\t<div class=\"elementor-widget-container\">\n\t\t\t<div class=\"pt-plus-button-wrapper   text-center text--mobilecenter   \"><div class=\"button_parallax  pt-plus-move-parallax \" ><div class=\"parallax-move\"  data-move_speed_x=\"30\"  data-move_speed_y=\"30\" ><div id=\"button69ecfe3d5eb1e\"  class=\" text-center text--mobilecenter ts-button content_hover_effect   \" ><div class=\"pt_plus_button btn69ecfe3d5eb18 button-style-13  hover-left   \"  ><div class=\"animted-content-inner \"><a href=\"https:\/\/swiss.sanadsdigitaldemo.in\/index.php\/contact\/\" class=\"button-link-wrap \" role=\"button\" data-hover=\"CONTACTEZ-NOUS\"  ><span>CONTACTEZ-NOUS<i class=\"btn-icon button-after fa fa-angle-right\"><\/i><\/span><\/a><\/div><\/div><\/div><\/div><\/div><\/div>\t\t<\/div>\n\t\t\t\t<\/div>\n\t\t\t\t\t<\/div>\n\t\t<\/div>\n\t\t\t\t\t<\/div>\n\t\t<\/section>\n\t\t\t\t\t<\/div>\n\t\t<\/div>\n\t\t\t\t\t<\/div>\n\t\t<\/section>\n\t\t\t\t<section data-particle_enable=\"false\" data-particle-mobile-disabled=\"false\" class=\"elementor-section elementor-top-section elementor-element elementor-element-a5c9998 elementor-section-boxed elementor-section-height-default elementor-section-height-default\" data-id=\"a5c9998\" data-element_type=\"section\" data-settings=\"{&quot;_ha_eqh_enable&quot;:false}\">\n\t\t\t\t\t\t<div class=\"elementor-container elementor-column-gap-default\">\n\t\t\t\t\t<div class=\"aux-parallax-section elementor-column elementor-col-100 elementor-top-column elementor-element elementor-element-a1a9fcd\" data-id=\"a1a9fcd\" data-element_type=\"column\">\n\t\t\t<div class=\"elementor-widget-wrap elementor-element-populated\">\n\t\t\t\t\t\t<div class=\"elementor-element elementor-element-e2947dc elementor-hidden-tablet elementor-hidden-mobile elementor-widget elementor-widget-ha-one-page-nav happy-addon ha-one-page-nav happy-addon-pro\" data-id=\"e2947dc\" data-element_type=\"widget\" data-settings=\"{&quot;select_design&quot;:&quot;ha-opn-design-magool&quot;,&quot;scroll_wheel&quot;:&quot;no&quot;,&quot;touch_swipe&quot;:&quot;no&quot;,&quot;section_threshold&quot;:0.3,&quot;row_to_offset&quot;:0,&quot;scrolling_speed&quot;:700}\" data-widget_type=\"ha-one-page-nav.default\">\n\t\t\t\t<div class=\"elementor-widget-container\">\n\t\t\t        <div class=\"ha-opn-dotted-nav ha-opn-design-magool ha-opn-right-side ha-opn-position-middle\">\r\n                            <ul class=\"ha-opn-nav ha-opn-design-magool\">\r\n                                                <li class=\"ha_opn__item ha_opn__item--current elementor-repeater-item-9634473\" aria-label=\"\">\r\n                                <a href=\"#\" data-section-id=\"1\"><\/a>\r\n                                                            <\/li>\r\n                                                <li class=\"ha_opn__item  elementor-repeater-item-a563480\" aria-label=\"\">\r\n                                <a href=\"#\" data-section-id=\"2\"><\/a>\r\n                                                            <\/li>\r\n                                                <li class=\"ha_opn__item  elementor-repeater-item-623042a\" aria-label=\"\">\r\n                                <a href=\"#\" data-section-id=\"3\"><\/a>\r\n                                                            <\/li>\r\n                                    <\/ul>\r\n                    <\/div>\r\n\t\t<\/div>\n\t\t\t\t<\/div>\n\t\t\t\t\t<\/div>\n\t\t<\/div>\n\t\t\t\t\t<\/div>\n\t\t<\/section>\n\t\t\t\t<\/div>\n\t\t","protected":false},"excerpt":{"rendered":"<p>Recherche et d\u00e9veloppement Recherche D\u00e9veloppement NOTRE Histoire Nous sommes suisses Swiss Garnier dispose d&rsquo;une \u00e9quipe de recherche et d\u00e9veloppement (R&amp;D) solide, efficace et hautement sp\u00e9cialis\u00e9e pour soutenir le d\u00e9veloppement de la formulation. Nous accordons une importance capitale \u00e0 l&rsquo;investissement dans la recherche et le d\u00e9veloppement (R&amp;D). Notre force r\u00e9side dans notre capacit\u00e9 \u00e0 exceller dans [&hellip;]<\/p>\n","protected":false},"author":1,"featured_media":0,"parent":0,"menu_order":0,"comment_status":"closed","ping_status":"closed","template":"","meta":{"footnotes":""},"class_list":["post-5884","page","type-page","status-publish","hentry"],"_links":{"self":[{"href":"https:\/\/swissgarnier.com\/fr\/index.php\/wp-json\/wp\/v2\/pages\/5884","targetHints":{"allow":["GET"]}}],"collection":[{"href":"https:\/\/swissgarnier.com\/fr\/index.php\/wp-json\/wp\/v2\/pages"}],"about":[{"href":"https:\/\/swissgarnier.com\/fr\/index.php\/wp-json\/wp\/v2\/types\/page"}],"author":[{"embeddable":true,"href":"https:\/\/swissgarnier.com\/fr\/index.php\/wp-json\/wp\/v2\/users\/1"}],"replies":[{"embeddable":true,"href":"https:\/\/swissgarnier.com\/fr\/index.php\/wp-json\/wp\/v2\/comments?post=5884"}],"version-history":[{"count":1,"href":"https:\/\/swissgarnier.com\/fr\/index.php\/wp-json\/wp\/v2\/pages\/5884\/revisions"}],"predecessor-version":[{"id":5885,"href":"https:\/\/swissgarnier.com\/fr\/index.php\/wp-json\/wp\/v2\/pages\/5884\/revisions\/5885"}],"wp:attachment":[{"href":"https:\/\/swissgarnier.com\/fr\/index.php\/wp-json\/wp\/v2\/media?parent=5884"}],"curies":[{"name":"wp","href":"https:\/\/api.w.org\/{rel}","templated":true}]}}