{"id":5420,"date":"2020-01-25T08:55:32","date_gmt":"2020-01-25T03:25:32","guid":{"rendered":"https:\/\/swissgarnier.com\/index.php\/contact\/"},"modified":"2025-11-29T15:34:00","modified_gmt":"2025-11-29T10:04:00","slug":"contact","status":"publish","type":"page","link":"https:\/\/swissgarnier.com\/fr\/index.php\/contact\/","title":{"rendered":"Contact"},"content":{"rendered":"\t\t<div data-elementor-type=\"wp-page\" data-elementor-id=\"5420\" class=\"elementor elementor-5420 elementor-116\">\n\t\t\t\t\t\t<section data-particle_enable=\"false\" data-particle-mobile-disabled=\"false\" class=\"elementor-section elementor-top-section elementor-element elementor-element-8b9224f elementor-section-height-min-height elementor-section-stretched elementor-section-boxed elementor-section-height-default elementor-section-items-middle\" data-id=\"8b9224f\" data-element_type=\"section\" data-settings=\"{&quot;background_background&quot;:&quot;classic&quot;,&quot;shape_divider_bottom&quot;:&quot;triangle-asymmetrical&quot;,&quot;shape_divider_bottom_negative&quot;:&quot;yes&quot;,&quot;stretch_section&quot;:&quot;section-stretched&quot;,&quot;_ha_eqh_enable&quot;:false}\">\n\t\t\t\t\t<div class=\"elementor-shape elementor-shape-bottom\" data-negative=\"true\">\n\t\t\t<svg xmlns=\"http:\/\/www.w3.org\/2000\/svg\" viewBox=\"0 0 1000 100\" preserveAspectRatio=\"none\">\n\t<path class=\"elementor-shape-fill\" d=\"M737.9,94.7L0,0v100h1000V0L737.9,94.7z\"\/>\n<\/svg>\t\t<\/div>\n\t\t\t\t\t<div class=\"elementor-container elementor-column-gap-default\">\n\t\t\t\t\t<div class=\"aux-parallax-section elementor-column elementor-col-100 elementor-top-column elementor-element elementor-element-f74584e\" data-id=\"f74584e\" data-element_type=\"column\">\n\t\t\t<div class=\"elementor-widget-wrap\">\n\t\t\t\t\t\t\t<\/div>\n\t\t<\/div>\n\t\t\t\t\t<\/div>\n\t\t<\/section>\n\t\t\t\t<section data-particle_enable=\"false\" data-particle-mobile-disabled=\"false\" class=\"elementor-section elementor-top-section elementor-element elementor-element-b5ac2d9 elementor-reverse-mobile elementor-section-boxed elementor-section-height-default elementor-section-height-default\" data-id=\"b5ac2d9\" data-element_type=\"section\" data-settings=\"{&quot;_ha_eqh_enable&quot;:false}\">\n\t\t\t\t\t\t<div class=\"elementor-container elementor-column-gap-default\">\n\t\t\t\t\t<div class=\"aux-parallax-section elementor-column elementor-col-50 elementor-top-column elementor-element elementor-element-fe402af\" data-id=\"fe402af\" data-element_type=\"column\">\n\t\t\t<div class=\"elementor-widget-wrap elementor-element-populated\">\n\t\t\t\t\t\t<div class=\"elementor-element elementor-element-41cf436 aux-appear-watch-animation aux-fade-in-right elementor-widget elementor-widget-aux_modern_heading\" data-id=\"41cf436\" data-element_type=\"widget\" data-widget_type=\"aux_modern_heading.default\">\n\t\t\t\t<div class=\"elementor-widget-container\">\n\t\t\t<section class=\"aux-widget-modern-heading\">\n            <div class=\"aux-widget-inner\"><h2 class=\"aux-modern-heading-primary\"><\/h2><h3 class=\"aux-modern-heading-secondary\"><span class=\"aux-head-highlight\">Nous contacter<\/span><\/h3><\/div>\n        <\/section>\t\t<\/div>\n\t\t\t\t<\/div>\n\t\t\t\t<div class=\"elementor-element elementor-element-abd9b2a aux-appear-watch-animation aux-fade-in-up elementor-invisible elementor-widget elementor-widget-aux_modern_heading\" data-id=\"abd9b2a\" data-element_type=\"widget\" data-settings=\"{&quot;_animation&quot;:&quot;fadeInLeft&quot;}\" data-widget_type=\"aux_modern_heading.default\">\n\t\t\t\t<div class=\"elementor-widget-container\">\n\t\t\t<section class=\"aux-widget-modern-heading\">\n            <div class=\"aux-widget-inner\"><h2 class=\"aux-modern-heading-primary\">N'h\u00e9sitez pas \u00e0 nous contacter<\/h2><div class=\"aux-modern-heading-divider\"><\/div><\/div>\n        <\/section>\t\t<\/div>\n\t\t\t\t<\/div>\n\t\t\t\t<div class=\"elementor-element elementor-element-fe2e43a elementor-button-align-stretch elementor-invisible elementor-widget elementor-widget-form\" data-id=\"fe2e43a\" data-element_type=\"widget\" data-settings=\"{&quot;step_next_label&quot;:&quot;Suivant&quot;,&quot;step_previous_label&quot;:&quot;Pr\\u00e9c\\u00e9dent&quot;,&quot;_animation&quot;:&quot;fadeInLeft&quot;,&quot;button_width&quot;:&quot;100&quot;,&quot;step_type&quot;:&quot;number_text&quot;,&quot;step_icon_shape&quot;:&quot;circle&quot;}\" data-widget_type=\"form.default\">\n\t\t\t\t<div class=\"elementor-widget-container\">\n\t\t\t\t\t<form class=\"elementor-form\" method=\"post\" name=\"Nouveau formulaire\">\n\t\t\t<input type=\"hidden\" name=\"post_id\" value=\"5420\"\/>\n\t\t\t<input type=\"hidden\" name=\"form_id\" value=\"fe2e43a\"\/>\n\t\t\t<input type=\"hidden\" name=\"referer_title\" value=\"Swiss Garniers\" \/>\n\n\t\t\t\n\t\t\t<div class=\"elementor-form-fields-wrapper elementor-labels-\">\n\t\t\t\t\t\t\t\t<div class=\"elementor-field-type-text elementor-field-group elementor-column elementor-field-group-name elementor-col-100 elementor-field-required\">\n\t\t\t\t\t\t\t\t\t\t\t\t<label for=\"form-field-name\" class=\"elementor-field-label elementor-screen-only\">\n\t\t\t\t\t\t\t\tNom\t\t\t\t\t\t\t<\/label>\n\t\t\t\t\t\t\t\t\t\t\t\t\t\t<input size=\"1\" type=\"text\" name=\"form_fields[name]\" id=\"form-field-name\" class=\"elementor-field elementor-size-sm  elementor-field-textual\" placeholder=\"Nom\" required=\"required\" aria-required=\"true\">\n\t\t\t\t\t\t\t\t\t\t\t<\/div>\n\t\t\t\t\t\t\t\t<div class=\"elementor-field-type-text elementor-field-group elementor-column elementor-field-group-Company_name elementor-col-100 elementor-field-required\">\n\t\t\t\t\t\t\t\t\t\t\t\t<label for=\"form-field-Company_name\" class=\"elementor-field-label elementor-screen-only\">\n\t\t\t\t\t\t\t\tNom de l'entreprise\t\t\t\t\t\t\t<\/label>\n\t\t\t\t\t\t\t\t\t\t\t\t\t\t<input size=\"1\" type=\"text\" name=\"form_fields[Company_name]\" id=\"form-field-Company_name\" class=\"elementor-field elementor-size-sm  elementor-field-textual\" placeholder=\"Nom de l&#039;entreprise\" required=\"required\" aria-required=\"true\">\n\t\t\t\t\t\t\t\t\t\t\t<\/div>\n\t\t\t\t\t\t\t\t<div class=\"elementor-field-type-email elementor-field-group elementor-column elementor-field-group-email elementor-col-100 elementor-field-required\">\n\t\t\t\t\t\t\t\t\t\t\t\t<label for=\"form-field-email\" class=\"elementor-field-label elementor-screen-only\">\n\t\t\t\t\t\t\t\tAdresse e-mail officielle\t\t\t\t\t\t\t<\/label>\n\t\t\t\t\t\t\t\t\t\t\t\t\t\t<input size=\"1\" type=\"email\" name=\"form_fields[email]\" id=\"form-field-email\" class=\"elementor-field elementor-size-sm  elementor-field-textual\" placeholder=\"Adresse e-mail officielle\" required=\"required\" aria-required=\"true\">\n\t\t\t\t\t\t\t\t\t\t\t<\/div>\n\t\t\t\t\t\t\t\t<div class=\"elementor-field-type-tel elementor-field-group elementor-column elementor-field-group-Mobile elementor-col-100 elementor-field-required\">\n\t\t\t\t\t\t\t\t\t\t\t\t<label for=\"form-field-Mobile\" class=\"elementor-field-label elementor-screen-only\">\n\t\t\t\t\t\t\t\tNum\u00e9ro de t\u00e9l\u00e9phone portable\t\t\t\t\t\t\t<\/label>\n\t\t\t\t\t\t\t\t<input size=\"1\" type=\"tel\" name=\"form_fields[Mobile]\" id=\"form-field-Mobile\" class=\"elementor-field elementor-size-sm  elementor-field-textual\" placeholder=\"Num\u00e9ro de t\u00e9l\u00e9phone portable\" required=\"required\" aria-required=\"true\" pattern=\"[0-9()#&amp;+*-=.]+\" title=\"Only numbers and phone characters (#, -, *, etc) are accepted.\">\n\n\t\t\t\t\t\t<\/div>\n\t\t\t\t\t\t\t\t<div class=\"elementor-field-type-text elementor-field-group elementor-column elementor-field-group-Designation elementor-col-100 elementor-field-required\">\n\t\t\t\t\t\t\t\t\t\t\t\t<label for=\"form-field-Designation\" class=\"elementor-field-label elementor-screen-only\">\n\t\t\t\t\t\t\t\tFonction\t\t\t\t\t\t\t<\/label>\n\t\t\t\t\t\t\t\t\t\t\t\t\t\t<input size=\"1\" type=\"text\" name=\"form_fields[Designation]\" id=\"form-field-Designation\" class=\"elementor-field elementor-size-sm  elementor-field-textual\" placeholder=\"Fonction\" required=\"required\" aria-required=\"true\">\n\t\t\t\t\t\t\t\t\t\t\t<\/div>\n\t\t\t\t\t\t\t\t<div class=\"elementor-field-type-text elementor-field-group elementor-column elementor-field-group-Drugs elementor-col-100 elementor-field-required\">\n\t\t\t\t\t\t\t\t\t\t\t\t<label for=\"form-field-Drugs\" class=\"elementor-field-label elementor-screen-only\">\n\t\t\t\t\t\t\t\tM\u00e9dicaments\t\t\t\t\t\t\t<\/label>\n\t\t\t\t\t\t\t\t\t\t\t\t\t\t<input size=\"1\" type=\"text\" name=\"form_fields[Drugs]\" id=\"form-field-Drugs\" class=\"elementor-field elementor-size-sm  elementor-field-textual\" placeholder=\"M\u00e9dicaments\" required=\"required\" aria-required=\"true\">\n\t\t\t\t\t\t\t\t\t\t\t<\/div>\n\t\t\t\t\t\t\t\t<div class=\"elementor-field-type-text elementor-field-group elementor-column elementor-field-group-Formulation elementor-col-100 elementor-field-required\">\n\t\t\t\t\t\t\t\t\t\t\t\t<label for=\"form-field-Formulation\" class=\"elementor-field-label elementor-screen-only\">\n\t\t\t\t\t\t\t\tFormulation\t\t\t\t\t\t\t<\/label>\n\t\t\t\t\t\t\t\t\t\t\t\t\t\t<input size=\"1\" type=\"text\" name=\"form_fields[Formulation]\" id=\"form-field-Formulation\" class=\"elementor-field elementor-size-sm  elementor-field-textual\" placeholder=\"Formulation\" required=\"required\" aria-required=\"true\">\n\t\t\t\t\t\t\t\t\t\t\t<\/div>\n\t\t\t\t\t\t\t\t<div class=\"elementor-field-type-text elementor-field-group elementor-column elementor-field-group-field_d80f13f elementor-col-100 elementor-field-required\">\n\t\t\t\t\t\t\t\t\t\t\t\t<label for=\"form-field-field_d80f13f\" class=\"elementor-field-label elementor-screen-only\">\n\t\t\t\t\t\t\t\tMessage\t\t\t\t\t\t\t<\/label>\n\t\t\t\t\t\t\t\t\t\t\t\t\t\t<input size=\"1\" type=\"text\" name=\"form_fields[field_d80f13f]\" id=\"form-field-field_d80f13f\" class=\"elementor-field elementor-size-sm  elementor-field-textual\" placeholder=\"Message\" required=\"required\" aria-required=\"true\">\n\t\t\t\t\t\t\t\t\t\t\t<\/div>\n\t\t\t\t\t\t\t\t<div class=\"elementor-field-group elementor-column elementor-field-type-submit elementor-col-100 e-form__buttons\">\n\t\t\t\t\t<button type=\"submit\" class=\"elementor-button elementor-size-sm\">\n\t\t\t\t\t\t<span >\n\t\t\t\t\t\t\t\t\t\t\t\t\t\t\t<span class=\" elementor-button-icon\">\n\t\t\t\t\t\t\t\t\t\t\t\t\t\t\t\t\t\t\t\t\t\t\t\t\t\t<\/span>\n\t\t\t\t\t\t\t\t\t\t\t\t\t\t\t\t\t\t\t\t\t\t<span class=\"elementor-button-text\">Envoyer<\/span>\n\t\t\t\t\t\t\t\t\t\t\t\t\t<\/span>\n\t\t\t\t\t<\/button>\n\t\t\t\t<\/div>\n\t\t\t<\/div>\n\t\t<\/form>\n\t\t\t\t<\/div>\n\t\t\t\t<\/div>\n\t\t\t\t\t<\/div>\n\t\t<\/div>\n\t\t\t\t<div class=\"aux-parallax-section elementor-column elementor-col-50 elementor-top-column elementor-element elementor-element-7c4c45d elementor-hidden-tablet elementor-hidden-mobile\" data-id=\"7c4c45d\" data-element_type=\"column\">\n\t\t\t<div class=\"elementor-widget-wrap elementor-element-populated\">\n\t\t\t\t\t\t<div class=\"elementor-element elementor-element-ff190c9 aux-appear-watch-animation aux-mask-from-left elementor-widget elementor-widget-aux_image\" data-id=\"ff190c9\" data-element_type=\"widget\" data-settings=\"{&quot;motion_fx_motion_fx_scrolling&quot;:&quot;yes&quot;,&quot;motion_fx_translateY_effect&quot;:&quot;yes&quot;,&quot;motion_fx_translateY_speed&quot;:{&quot;unit&quot;:&quot;px&quot;,&quot;size&quot;:4,&quot;sizes&quot;:[]},&quot;motion_fx_translateY_affectedRange&quot;:{&quot;unit&quot;:&quot;%&quot;,&quot;size&quot;:&quot;&quot;,&quot;sizes&quot;:{&quot;start&quot;:0,&quot;end&quot;:100}},&quot;motion_fx_devices&quot;:[&quot;desktop&quot;,&quot;tablet&quot;,&quot;mobile&quot;]}\" data-widget_type=\"aux_image.default\">\n\t\t\t\t<div class=\"elementor-widget-container\">\n\t\t\t<section class=\"widget-container aux-widget-image aux-alignnone aux-parent-auf1c722d8\">\n    <div class=\"aux-media-hint-frame \">\n        <div class=\"aux-media-image \" >\n        \n            \n\n            \n            <img fetchpriority=\"high\" decoding=\"async\" width=\"2560\" height=\"1442\" src=\"https:\/\/swissgarnier.com\/wp-content\/uploads\/2024\/05\/Plant-4-Banner-scaled.jpeg\" class=\"aux-attachment aux-featured-image aux-attachment-id-2543\" alt=\"Plant 4 Banner\" data-ratio=\"1.78\" data-original-w=\"2560\" \/>            \n                <\/div>\n    <\/div>\n\n<\/section><!-- widget-container -->\t\t<\/div>\n\t\t\t\t<\/div>\n\t\t\t\t\t<\/div>\n\t\t<\/div>\n\t\t\t\t\t<\/div>\n\t\t<\/section>\n\t\t\t\t<section data-particle_enable=\"false\" data-particle-mobile-disabled=\"false\" class=\"elementor-section elementor-top-section elementor-element elementor-element-aaf2ef8 elementor-section-boxed elementor-section-height-default elementor-section-height-default\" data-id=\"aaf2ef8\" data-element_type=\"section\" data-settings=\"{&quot;_ha_eqh_enable&quot;:false}\">\n\t\t\t\t\t\t<div class=\"elementor-container elementor-column-gap-default\">\n\t\t\t\t\t<div class=\"aux-parallax-section elementor-column elementor-col-100 elementor-top-column elementor-element elementor-element-f8583a6\" data-id=\"f8583a6\" data-element_type=\"column\">\n\t\t\t<div class=\"elementor-widget-wrap elementor-element-populated\">\n\t\t\t\t\t\t<section data-particle_enable=\"false\" data-particle-mobile-disabled=\"false\" class=\"elementor-section elementor-inner-section elementor-element elementor-element-15fa8da elementor-section-boxed elementor-section-height-default elementor-section-height-default\" data-id=\"15fa8da\" data-element_type=\"section\" data-settings=\"{&quot;_ha_eqh_enable&quot;:false}\">\n\t\t\t\t\t\t<div class=\"elementor-container elementor-column-gap-default\">\n\t\t\t\t\t<div class=\"aux-parallax-section elementor-column elementor-col-50 elementor-inner-column elementor-element elementor-element-995215d\" data-id=\"995215d\" data-element_type=\"column\" data-settings=\"{&quot;background_background&quot;:&quot;classic&quot;}\">\n\t\t\t<div class=\"elementor-widget-wrap elementor-element-populated\">\n\t\t\t\t\t\t<div class=\"elementor-element elementor-element-1f46289 elementor-widget elementor-widget-aux_simple_svg\" data-id=\"1f46289\" data-element_type=\"widget\" data-widget_type=\"aux_simple_svg.default\">\n\t\t\t\t<div class=\"elementor-widget-container\">\n\t\t\t    <div class=\"aux-widget-container aux-simple-svg-container\">\n        <div class=\"aux-widget-container-inner\">\n            <div class=\"aux-the-svg\"><svg xmlns=\"http:\/\/www.w3.org\/2000\/svg\" id=\"Layer_4\" width=\"70px\" height=\"90px\" viewBox=\"0 0 512 512\"><defs><linearGradient id=\"linear-gradient\" x1=\"-0.104\" y1=\"0.406\" x2=\"0.866\" y2=\"0.852\" gradientUnits=\"objectBoundingBox\"><stop offset=\"0\" stop-color=\"#6A11CB\" \/><stop offset=\"1\" stop-color=\"#005BEA\" \/><\/linearGradient><\/defs> <path fill-rule=\"evenodd\" fill=\"url(#linear-gradient)\" d=\"M256,224.153c8.838,0,16.008,7.17,16.008,15.988 c0,8.834-7.17,16.004-16.008,16.004c-35.331,0-63.988-28.649-63.988-63.984c0-35.327,28.657-63.983,63.988-63.983 c35.347,0,63.979,28.657,63.979,63.983c0,8.834-7.162,15.988-15.98,15.988c-8.841,0-16.011-7.154-16.011-15.988 c0-17.675-14.317-31.992-31.988-31.992c-17.656,0-31.996,14.317-31.996,31.992C224.004,209.836,238.344,224.153,256,224.153 L256,224.153z M412.542,302.853c-35.038,55.376-69.709,110.909-104.052,166.66c-34.921,56.649-69.818,56.649-104.716,0 c-33.456-54.307-67.303-108.387-101.376-162.38c-25.462-33.867-38.131-74.24-38.295-114.644c0-0.125-0.043-0.203-0.043-0.328 c0-8.833,7.151-15.988,15.988-15.988s16.004,7.154,16.004,15.988h0.207c0.02,22.042,4.471,44.067,13.536,64.586 c0.371,0.844,0.761,1.663,1.152,2.515c4.081,8.795,8.962,17.238,14.711,25.337c28.633,45.403,57.064,90.97,85.162,136.685 c15.06,24.493,30.122,58.812,45.181,58.797c15.055,0,30.113-34.304,45.172-58.797c28.079-45.652,56.446-91.141,85.041-136.497 c5.912-8.325,10.958-17.019,15.105-26.087c0.242-0.555,0.516-1.085,0.758-1.624c26.079-58.712,15.184-129.866-32.961-178.01 c-62.483-62.484-163.751-62.484-226.216,0l-0.062-0.062c-2.901,2.882-6.877,4.694-11.31,4.694c-8.837,0-15.984-7.17-15.984-16.003 c0-4.413,1.773-8.428,4.675-11.31l-0.121-0.125c75.004-75.012,196.587-75.012,271.599,0 C458.874,123.413,465.692,227.863,412.542,302.853L412.542,302.853z M88.039,152.179c-8.833,0-15.984-7.17-15.984-16.011 c0-8.818,7.151-15.988,15.984-15.988c8.841,0,16.008,7.17,16.008,15.988C104.046,145.009,96.88,152.179,88.039,152.179 L88.039,152.179z\" \/> <\/svg><\/div>\n        <\/div>\n    <\/div>\n    \t\t<\/div>\n\t\t\t\t<\/div>\n\t\t\t\t<div class=\"elementor-element elementor-element-028ebdc elementor-widget elementor-widget-aux_modern_heading\" data-id=\"028ebdc\" data-element_type=\"widget\" data-widget_type=\"aux_modern_heading.default\">\n\t\t\t\t<div class=\"elementor-widget-container\">\n\t\t\t<section class=\"aux-widget-modern-heading\">\n            <div class=\"aux-widget-inner\"><h2 class=\"aux-modern-heading-primary\">Si\u00e8ge social :-<\/h2><div class=\"aux-modern-heading-description\"><p>1er \u00e9tage, aile sud), SKCL, Central Square, Swiss Garnier Life Sciences, 1, Cipet Rd, Thiru Vi Ka Industrial Estate, Guindy, Chennai, Tamil Nadu 600032<\/p><p><b>T\u00e9l\u00e9phone : <\/b><a href=\"tel:+91-44-42927700\">+91-44-42927700<\/a><\/p><p><b>Email: <\/b><a href=\"mailto:enquiry@swissgarnier.com\">enquiry@swissgarnier.com<\/a><\/p><\/div><\/div>\n        <\/section>\t\t<\/div>\n\t\t\t\t<\/div>\n\t\t\t\t\t<\/div>\n\t\t<\/div>\n\t\t\t\t<div class=\"aux-parallax-section elementor-column elementor-col-50 elementor-inner-column elementor-element elementor-element-f9e5dda elementor-invisible\" data-id=\"f9e5dda\" data-element_type=\"column\" data-settings=\"{&quot;background_background&quot;:&quot;classic&quot;,&quot;animation&quot;:&quot;fadeInRight&quot;}\">\n\t\t\t<div class=\"elementor-widget-wrap elementor-element-populated\">\n\t\t\t\t\t\t<div class=\"elementor-element elementor-element-6d39d41 elementor-widget elementor-widget-google_maps\" data-id=\"6d39d41\" data-element_type=\"widget\" data-widget_type=\"google_maps.default\">\n\t\t\t\t<div class=\"elementor-widget-container\">\n\t\t\t\t\t<div class=\"elementor-custom-embed\">\n\t\t\t<iframe loading=\"lazy\"\n\t\t\t\t\tsrc=\"https:\/\/maps.google.com\/maps?q=1st%20Floor%2C%20South%20Wing%29%2C%20SKCL%2C%20Central%20Square%2C%20Swiss%20Garnier%20Life%20Sciences%2C%201%2C%20Cipet%20Rd%2C%20Thiru%20Vi%20Ka%20Industrial%20Estate%2C%20Guindy%2C%20Chennai%2C%20Tamil%20Nadu%20600032&#038;t=m&#038;z=10&#038;output=embed&#038;iwloc=near\"\n\t\t\t\t\ttitle=\"1st Floor, South Wing), SKCL, Central Square, Swiss Garnier Life Sciences, 1, Cipet Rd, Thiru Vi Ka Industrial Estate, Guindy, Chennai, Tamil Nadu 600032\"\n\t\t\t\t\taria-label=\"1st Floor, South Wing), SKCL, Central Square, Swiss Garnier Life Sciences, 1, Cipet Rd, Thiru Vi Ka Industrial Estate, Guindy, Chennai, Tamil Nadu 600032\"\n\t\t\t><\/iframe>\n\t\t<\/div>\n\t\t\t\t<\/div>\n\t\t\t\t<\/div>\n\t\t\t\t\t<\/div>\n\t\t<\/div>\n\t\t\t\t\t<\/div>\n\t\t<\/section>\n\t\t\t\t\t<\/div>\n\t\t<\/div>\n\t\t\t\t\t<\/div>\n\t\t<\/section>\n\t\t\t\t<section data-particle_enable=\"false\" data-particle-mobile-disabled=\"false\" class=\"elementor-section elementor-top-section elementor-element elementor-element-f88769e elementor-section-boxed elementor-section-height-default elementor-section-height-default\" data-id=\"f88769e\" data-element_type=\"section\" data-settings=\"{&quot;_ha_eqh_enable&quot;:false}\">\n\t\t\t\t\t\t<div class=\"elementor-container elementor-column-gap-default\">\n\t\t\t\t\t<div class=\"aux-parallax-section elementor-column elementor-col-100 elementor-top-column elementor-element elementor-element-8d7f2c8 aux-appear-watch-animation aux-fade-in-right-1\" data-id=\"8d7f2c8\" data-element_type=\"column\" data-settings=\"{&quot;background_background&quot;:&quot;classic&quot;}\">\n\t\t\t<div class=\"elementor-widget-wrap elementor-element-populated\">\n\t\t\t\t\t\t<div class=\"elementor-element elementor-element-52d92eb elementor-widget elementor-widget-aux_simple_svg\" data-id=\"52d92eb\" data-element_type=\"widget\" data-widget_type=\"aux_simple_svg.default\">\n\t\t\t\t<div class=\"elementor-widget-container\">\n\t\t\t    <div class=\"aux-widget-container aux-simple-svg-container\">\n        <div class=\"aux-widget-container-inner\">\n            <div class=\"aux-the-svg\"><svg xmlns=\"http:\/\/www.w3.org\/2000\/svg\" id=\"Layer_4\" width=\"70px\" height=\"90px\" viewBox=\"0 0 512 512\"><defs><linearGradient id=\"linear-gradient\" x1=\"-0.104\" y1=\"0.406\" x2=\"0.866\" y2=\"0.852\" gradientUnits=\"objectBoundingBox\"><stop offset=\"0\" stop-color=\"#6A11CB\" \/><stop offset=\"1\" stop-color=\"#005BEA\" \/><\/linearGradient><\/defs> <path fill-rule=\"evenodd\" fill=\"url(#linear-gradient)\" d=\"M256,224.153c8.838,0,16.008,7.17,16.008,15.988 c0,8.834-7.17,16.004-16.008,16.004c-35.331,0-63.988-28.649-63.988-63.984c0-35.327,28.657-63.983,63.988-63.983 c35.347,0,63.979,28.657,63.979,63.983c0,8.834-7.162,15.988-15.98,15.988c-8.841,0-16.011-7.154-16.011-15.988 c0-17.675-14.317-31.992-31.988-31.992c-17.656,0-31.996,14.317-31.996,31.992C224.004,209.836,238.344,224.153,256,224.153 L256,224.153z M412.542,302.853c-35.038,55.376-69.709,110.909-104.052,166.66c-34.921,56.649-69.818,56.649-104.716,0 c-33.456-54.307-67.303-108.387-101.376-162.38c-25.462-33.867-38.131-74.24-38.295-114.644c0-0.125-0.043-0.203-0.043-0.328 c0-8.833,7.151-15.988,15.988-15.988s16.004,7.154,16.004,15.988h0.207c0.02,22.042,4.471,44.067,13.536,64.586 c0.371,0.844,0.761,1.663,1.152,2.515c4.081,8.795,8.962,17.238,14.711,25.337c28.633,45.403,57.064,90.97,85.162,136.685 c15.06,24.493,30.122,58.812,45.181,58.797c15.055,0,30.113-34.304,45.172-58.797c28.079-45.652,56.446-91.141,85.041-136.497 c5.912-8.325,10.958-17.019,15.105-26.087c0.242-0.555,0.516-1.085,0.758-1.624c26.079-58.712,15.184-129.866-32.961-178.01 c-62.483-62.484-163.751-62.484-226.216,0l-0.062-0.062c-2.901,2.882-6.877,4.694-11.31,4.694c-8.837,0-15.984-7.17-15.984-16.003 c0-4.413,1.773-8.428,4.675-11.31l-0.121-0.125c75.004-75.012,196.587-75.012,271.599,0 C458.874,123.413,465.692,227.863,412.542,302.853L412.542,302.853z M88.039,152.179c-8.833,0-15.984-7.17-15.984-16.011 c0-8.818,7.151-15.988,15.984-15.988c8.841,0,16.008,7.17,16.008,15.988C104.046,145.009,96.88,152.179,88.039,152.179 L88.039,152.179z\" \/> <\/svg><\/div>\n        <\/div>\n    <\/div>\n    \t\t<\/div>\n\t\t\t\t<\/div>\n\t\t\t\t<div class=\"elementor-element elementor-element-3b2357c elementor-widget elementor-widget-aux_modern_heading\" data-id=\"3b2357c\" data-element_type=\"widget\" data-widget_type=\"aux_modern_heading.default\">\n\t\t\t\t<div class=\"elementor-widget-container\">\n\t\t\t<section class=\"aux-widget-modern-heading\">\n            <div class=\"aux-widget-inner\"><h2 class=\"aux-modern-heading-primary\">Succursale :-<\/h2><div class=\"aux-modern-heading-description\"><p>042, 10e \u00e9tage, Hubtown Solaris, Prof NS Phadke Marg, Andheri East, Mumbai- 400069,<br>Maharashtra.<\/p><p><b>Email: <\/b><a href=\"mailto:export@swissgarnier.com\">enquiry@swissgarnier.com<\/a><\/p><\/div><\/div>\n        <\/section>\t\t<\/div>\n\t\t\t\t<\/div>\n\t\t\t\t\t<\/div>\n\t\t<\/div>\n\t\t\t\t\t<\/div>\n\t\t<\/section>\n\t\t\t\t<\/div>\n\t\t","protected":false},"excerpt":{"rendered":"<p>Nous contacter N&rsquo;h\u00e9sitez pas \u00e0 nous contacter Si\u00e8ge social :- 1er \u00e9tage, aile sud), SKCL, Central Square, Swiss Garnier Life Sciences, 1, Cipet Rd, Thiru Vi Ka Industrial Estate, Guindy, Chennai, Tamil Nadu 600032 T\u00e9l\u00e9phone : +91-44-42927700 Email: enquiry@swissgarnier.com Succursale :- 042, 10e \u00e9tage, Hubtown Solaris, Prof NS Phadke Marg, Andheri East, Mumbai- 400069,Maharashtra. Email: [&hellip;]<\/p>\n","protected":false},"author":1,"featured_media":0,"parent":0,"menu_order":0,"comment_status":"closed","ping_status":"closed","template":"templates\/page-builder-content.php","meta":{"footnotes":""},"class_list":["post-5420","page","type-page","status-publish","hentry"],"_links":{"self":[{"href":"https:\/\/swissgarnier.com\/fr\/index.php\/wp-json\/wp\/v2\/pages\/5420","targetHints":{"allow":["GET"]}}],"collection":[{"href":"https:\/\/swissgarnier.com\/fr\/index.php\/wp-json\/wp\/v2\/pages"}],"about":[{"href":"https:\/\/swissgarnier.com\/fr\/index.php\/wp-json\/wp\/v2\/types\/page"}],"author":[{"embeddable":true,"href":"https:\/\/swissgarnier.com\/fr\/index.php\/wp-json\/wp\/v2\/users\/1"}],"replies":[{"embeddable":true,"href":"https:\/\/swissgarnier.com\/fr\/index.php\/wp-json\/wp\/v2\/comments?post=5420"}],"version-history":[{"count":1,"href":"https:\/\/swissgarnier.com\/fr\/index.php\/wp-json\/wp\/v2\/pages\/5420\/revisions"}],"predecessor-version":[{"id":5422,"href":"https:\/\/swissgarnier.com\/fr\/index.php\/wp-json\/wp\/v2\/pages\/5420\/revisions\/5422"}],"wp:attachment":[{"href":"https:\/\/swissgarnier.com\/fr\/index.php\/wp-json\/wp\/v2\/media?parent=5420"}],"curies":[{"name":"wp","href":"https:\/\/api.w.org\/{rel}","templated":true}]}}