{"id":5003,"date":"2023-08-22T20:56:40","date_gmt":"2023-08-22T15:26:40","guid":{"rendered":"https:\/\/swissgarnier.com\/index.php\/international\/"},"modified":"2025-12-02T18:55:32","modified_gmt":"2025-12-02T13:25:32","slug":"international","status":"publish","type":"page","link":"https:\/\/swissgarnier.com\/fr\/index.php\/international\/","title":{"rendered":"INTERNATIONALE"},"content":{"rendered":"\t\t<div data-elementor-type=\"wp-page\" data-elementor-id=\"5003\" class=\"elementor elementor-5003 elementor-561\">\n\t\t\t\t\t\t<section data-particle_enable=\"false\" data-particle-mobile-disabled=\"false\" class=\"elementor-section elementor-top-section elementor-element elementor-element-2182ed2 elementor-section-height-min-height elementor-section-stretched elementor-section-boxed elementor-section-height-default elementor-section-items-middle\" data-id=\"2182ed2\" data-element_type=\"section\" data-settings=\"{&quot;background_background&quot;:&quot;classic&quot;,&quot;shape_divider_bottom&quot;:&quot;triangle-asymmetrical&quot;,&quot;shape_divider_bottom_negative&quot;:&quot;yes&quot;,&quot;stretch_section&quot;:&quot;section-stretched&quot;,&quot;_ha_eqh_enable&quot;:false}\">\n\t\t\t\t\t<div class=\"elementor-shape elementor-shape-bottom\" data-negative=\"true\">\n\t\t\t<svg xmlns=\"http:\/\/www.w3.org\/2000\/svg\" viewBox=\"0 0 1000 100\" preserveAspectRatio=\"none\">\n\t<path class=\"elementor-shape-fill\" d=\"M737.9,94.7L0,0v100h1000V0L737.9,94.7z\"\/>\n<\/svg>\t\t<\/div>\n\t\t\t\t\t<div class=\"elementor-container elementor-column-gap-default\">\n\t\t\t\t\t<div class=\"aux-parallax-section elementor-column elementor-col-50 elementor-top-column elementor-element elementor-element-b7ac853\" data-id=\"b7ac853\" data-element_type=\"column\">\n\t\t\t<div class=\"elementor-widget-wrap\">\n\t\t\t\t\t\t\t<\/div>\n\t\t<\/div>\n\t\t\t\t<div class=\"aux-parallax-section elementor-column elementor-col-50 elementor-top-column elementor-element elementor-element-f15379c\" data-id=\"f15379c\" data-element_type=\"column\">\n\t\t\t<div class=\"elementor-widget-wrap\">\n\t\t\t\t\t\t\t<\/div>\n\t\t<\/div>\n\t\t\t\t\t<\/div>\n\t\t<\/section>\n\t\t\t\t<section data-particle_enable=\"false\" data-particle-mobile-disabled=\"false\" class=\"elementor-section elementor-top-section elementor-element elementor-element-e1e299b elementor-section-stretched elementor-section-boxed elementor-section-height-default elementor-section-height-default\" data-id=\"e1e299b\" data-element_type=\"section\" id=\"1\" data-settings=\"{&quot;stretch_section&quot;:&quot;section-stretched&quot;,&quot;_ha_eqh_enable&quot;:false}\">\n\t\t\t\t\t\t<div class=\"elementor-container elementor-column-gap-default\">\n\t\t\t\t\t<div class=\"aux-parallax-section elementor-column elementor-col-100 elementor-top-column elementor-element elementor-element-5eccb9a3\" data-id=\"5eccb9a3\" data-element_type=\"column\">\n\t\t\t<div class=\"elementor-widget-wrap elementor-element-populated\">\n\t\t\t\t\t\t<div class=\"elementor-element elementor-element-1efe9bc5 elementor-widget elementor-widget-spacer\" data-id=\"1efe9bc5\" data-element_type=\"widget\" data-widget_type=\"spacer.default\">\n\t\t\t\t<div class=\"elementor-widget-container\">\n\t\t\t\t\t<div class=\"elementor-spacer\">\n\t\t\t<div class=\"elementor-spacer-inner\"><\/div>\n\t\t<\/div>\n\t\t\t\t<\/div>\n\t\t\t\t<\/div>\n\t\t\t\t<section data-particle_enable=\"false\" data-particle-mobile-disabled=\"false\" class=\"elementor-section elementor-inner-section elementor-element elementor-element-54a4a0d elementor-section-height-min-height elementor-section-content-middle elementor-section-boxed elementor-section-height-default\" data-id=\"54a4a0d\" data-element_type=\"section\" data-settings=\"{&quot;_ha_eqh_enable&quot;:false}\">\n\t\t\t\t\t\t<div class=\"elementor-container elementor-column-gap-default\">\n\t\t\t\t\t<div class=\"aux-parallax-section elementor-column elementor-col-50 elementor-inner-column elementor-element elementor-element-67d6d303\" data-id=\"67d6d303\" data-element_type=\"column\">\n\t\t\t<div class=\"elementor-widget-wrap elementor-element-populated\">\n\t\t\t\t\t\t<div class=\"elementor-element elementor-element-ce97229 elementor-widget__width-inherit animated-fast ha-align-center elementor-widget-mobile__width-inherit ha-align-center ha-align-left ha-layout-inline elementor-invisible elementor-widget elementor-widget-ha-advanced-heading happy-addon ha-advanced-heading happy-addon-pro\" data-id=\"ce97229\" data-element_type=\"widget\" data-settings=\"{&quot;_animation&quot;:&quot;fadeInRight&quot;}\" data-widget_type=\"ha-advanced-heading.default\">\n\t\t\t\t<div class=\"elementor-widget-container\">\n\t\t\t\r\n\t\t<h2 class=\"ha-advanced-heading-tag\">\r\n\t\t\t\t\t\t<div class=\"ha-advanced-heading-wrap\" data-background-text=\"\">\r\n\t\t\t\t<span class=\"ha-advanced-heading-before\"><\/span>\r\n\t\t\t\t<span class=\"ha-advanced-heading-center\">INTERNATIONALE<\/span>\r\n\t\t\t\t<span class=\"ha-advanced-heading-after\"><\/span>\r\n\t\t\t\t<span class=\"ha-advanced-heading-border\"><\/span>\r\n\t\t\t<\/div>\r\n\t\t\t\t\t<\/h2>\r\n\r\n\t\t\t\t<\/div>\n\t\t\t\t<\/div>\n\t\t\t\t<div class=\"elementor-element elementor-element-1d8764e aux-appear-watch-animation aux-fade-in-up elementor-widget elementor-widget-aux_modern_heading\" data-id=\"1d8764e\" data-element_type=\"widget\" data-widget_type=\"aux_modern_heading.default\">\n\t\t\t\t<div class=\"elementor-widget-container\">\n\t\t\t<section class=\"aux-widget-modern-heading\">\n            <div class=\"aux-widget-inner\"><h2 class=\"aux-modern-heading-primary\">Mod\u00e8le commercial<\/h2><div class=\"aux-modern-heading-divider\"><\/div><div class=\"aux-modern-heading-description\"><div id=\"myModal\" class=\"modal fade in\" role=\"dialog\"><div class=\"modal-dialog\"><div class=\"modal-content\"><div class=\"modal-body\"><p>Swiss Garnier, forte de sa vaste exp\u00e9rience, de sa puissance technologique et de la qualit\u00e9 de ses produits, a \u00e9tendu ses activit\u00e9s \u00e0 plus de 40 pays \u00e0 travers le monde.<\/p><p>L'usine est accr\u00e9dit\u00e9e PIC\/S et poss\u00e8de diverses approbations internationales.<\/p><p>La division s'appuie sur une \u00e9quipe des affaires r\u00e9glementaires solide et tr\u00e8s engag\u00e9e pour fournir un soutien documentaire de niveau international. Nous avons plus de 120 dossiers CTD\/ACTD et avons d\u00e9pos\u00e9 pr\u00e8s de 400 enregistrements \u00e0 travers le monde. <\/p><p>Fond\u00e9e en 2014, la division internationale de l'entreprise a connu une croissance fulgurante. Elle est pr\u00e9sente en Asie, en Afrique, en Am\u00e9rique latine et en Europe, et ne cesse de se d\u00e9velopper d'ann\u00e9e en ann\u00e9e.  <\/p><p>Avec une croissance annuelle de plus de 100 % au cours des derni\u00e8res ann\u00e9es, la division internationale de l'entreprise devrait contribuer \u00e0 hauteur d'au moins 40 % au chiffre d'affaires de l'entreprise dans les prochaines ann\u00e9es.<\/p><p>SWISS GARNIER surveille de pr\u00e8s les march\u00e9s mondiaux afin d'identifier les produits qui tombent de temps \u00e0 autre dans le domaine public et qui rev\u00eatent une grande importance pour la communaut\u00e9 mondiale des soins de sant\u00e9.<\/p><\/div><\/div><\/div><\/div><\/div><\/div>\n        <\/section>\t\t<\/div>\n\t\t\t\t<\/div>\n\t\t\t\t<div class=\"elementor-element elementor-element-25786923 elementor-widget elementor-widget-spacer\" data-id=\"25786923\" data-element_type=\"widget\" data-widget_type=\"spacer.default\">\n\t\t\t\t<div class=\"elementor-widget-container\">\n\t\t\t\t\t<div class=\"elementor-spacer\">\n\t\t\t<div class=\"elementor-spacer-inner\"><\/div>\n\t\t<\/div>\n\t\t\t\t<\/div>\n\t\t\t\t<\/div>\n\t\t\t\t\t<\/div>\n\t\t<\/div>\n\t\t\t\t<div class=\"aux-parallax-section elementor-column elementor-col-50 elementor-inner-column elementor-element elementor-element-4da5bf49\" data-id=\"4da5bf49\" data-element_type=\"column\">\n\t\t\t<div class=\"elementor-widget-wrap elementor-element-populated\">\n\t\t\t\t\t\t<div class=\"elementor-element elementor-element-3b5ba068 elementor-widget elementor-widget-tp-cascading-image\" data-id=\"3b5ba068\" data-element_type=\"widget\" data-widget_type=\"tp-cascading-image.default\">\n\t\t\t\t<div class=\"elementor-widget-container\">\n\t\t\t<div class=\"pt_plus_animated_image cascading-block  wpb_single_image cascading_69ef7c4076357   \"  ><div class=\"cascading-inner-loop \"><div id=\"cascading69ef7c40763730\" class=\"cascading-image elementor-repeater-item-c46ed80 img69ef7c40763710   magic-scroll  \"  ><div class=\"cascading-image-inner  parallax-scroll \"  data-scroll_type=\"position\"  data-scroll_offset=\"-200\"  data-scroll_duration=\"1000\"  data-scroll_x_from=\"0\"  data-scroll_x_to=\"0\"  data-scroll_y_from=\"0\"  data-scroll_y_to=\"-50\"  data-scroll_opacity_from=\"1\"  data-scroll_opacity_to=\"1\"  data-scroll_scale_from=\"1\"  data-scroll_scale_to=\"1\"  data-scroll_rotate_from=\"0\"  data-scroll_rotate_to=\"180\" ><div class=\"cascading-inner-content parallax-hover-1483025 tossing  not-link-content  \" ><img fetchpriority=\"high\" decoding=\"async\" width=\"1000\" height=\"955\" src=\"https:\/\/swissgarnier.com\/wp-content\/uploads\/2023\/08\/Shape1.png\" class=\"parallax_image\" alt=\"\" srcset=\"https:\/\/swissgarnier.com\/wp-content\/uploads\/2023\/08\/Shape1.png 1000w, https:\/\/swissgarnier.com\/wp-content\/uploads\/2023\/08\/Shape1-600x573.png 600w, https:\/\/swissgarnier.com\/wp-content\/uploads\/2023\/08\/Shape1-200x191.png 200w\" sizes=\"(max-width: 1000px) 100vw, 1000px\" \/><\/div><\/div><\/div><div id=\"cascading69ef7c40767c31\" class=\"cascading-image elementor-repeater-item-f541041 img69ef7c40767c11   \"  ><div class=\"cascading-image-inner \" ><div class=\"cascading-inner-content parallax-hover-1344219 hover-scale  not-link-content  \" ><img decoding=\"async\" width=\"1248\" height=\"809\" src=\"https:\/\/swissgarnier.com\/wp-content\/uploads\/2024\/05\/Presence-International-Business-Model.webp\" class=\"parallax_image\" alt=\"\" srcset=\"https:\/\/swissgarnier.com\/wp-content\/uploads\/2024\/05\/Presence-International-Business-Model.webp 1248w, https:\/\/swissgarnier.com\/wp-content\/uploads\/2024\/05\/Presence-International-Business-Model-600x389.webp 600w\" sizes=\"(max-width: 1248px) 100vw, 1248px\" \/><\/div><\/div><\/div><\/div><\/div><style>.cascading-image.img69ef7c40763710{top:2%;bottom:auto;left:-6%;right:auto;max-width:650px;margin: 0 auto;}.cascading-image.img69ef7c40767c11{top:19%;bottom:auto;left:15%;right:auto;max-width:800px;margin: 0 auto;}<\/style>\t\t<\/div>\n\t\t\t\t<\/div>\n\t\t\t\t\t<\/div>\n\t\t<\/div>\n\t\t\t\t\t<\/div>\n\t\t<\/section>\n\t\t\t\t<div class=\"elementor-element elementor-element-4686c0a3 elementor-widget elementor-widget-spacer\" data-id=\"4686c0a3\" data-element_type=\"widget\" data-widget_type=\"spacer.default\">\n\t\t\t\t<div class=\"elementor-widget-container\">\n\t\t\t\t\t<div class=\"elementor-spacer\">\n\t\t\t<div class=\"elementor-spacer-inner\"><\/div>\n\t\t<\/div>\n\t\t\t\t<\/div>\n\t\t\t\t<\/div>\n\t\t\t\t\t<\/div>\n\t\t<\/div>\n\t\t\t\t\t<\/div>\n\t\t<\/section>\n\t\t\t\t<section data-particle_enable=\"false\" data-particle-mobile-disabled=\"false\" class=\"elementor-section elementor-top-section elementor-element elementor-element-91028b3 elementor-section-height-min-height elementor-section-boxed elementor-section-height-default elementor-section-items-middle elementor-invisible\" data-id=\"91028b3\" data-element_type=\"section\" data-settings=\"{&quot;background_background&quot;:&quot;gradient&quot;,&quot;animation&quot;:&quot;fadeInUp&quot;,&quot;_ha_eqh_enable&quot;:false}\">\n\t\t\t\t\t\t<div class=\"elementor-container elementor-column-gap-default\">\n\t\t\t\t\t<div class=\"aux-parallax-section elementor-column elementor-col-100 elementor-top-column elementor-element elementor-element-26a6561\" data-id=\"26a6561\" data-element_type=\"column\" data-settings=\"{&quot;background_background&quot;:&quot;gradient&quot;}\">\n\t\t\t<div class=\"elementor-widget-wrap elementor-element-populated\">\n\t\t\t\t\t\t<section data-particle_enable=\"false\" data-particle-mobile-disabled=\"false\" class=\"elementor-section elementor-top-section elementor-element elementor-element-4b28d3f elementor-section-content-middle elementor-section-boxed elementor-section-height-default elementor-section-height-default\" data-id=\"4b28d3f\" data-element_type=\"section\" data-settings=\"{&quot;_ha_eqh_enable&quot;:false}\">\n\t\t\t\t\t\t<div class=\"elementor-container elementor-column-gap-default\">\n\t\t\t\t\t<div class=\"aux-parallax-section elementor-column elementor-col-50 elementor-top-column elementor-element elementor-element-27c0269\" data-id=\"27c0269\" data-element_type=\"column\">\n\t\t\t<div class=\"elementor-widget-wrap elementor-element-populated\">\n\t\t\t\t\t\t<div class=\"elementor-element elementor-element-d8a2036 elementor-widget__width-auto elementor-widget elementor-widget-heading\" data-id=\"d8a2036\" data-element_type=\"widget\" data-widget_type=\"heading.default\">\n\t\t\t\t<div class=\"elementor-widget-container\">\n\t\t\t<h4 class=\"elementor-heading-title elementor-size-default\">Swiss Garnier<\/h4>\t\t<\/div>\n\t\t\t\t<\/div>\n\t\t\t\t<div class=\"elementor-element elementor-element-7aab910 elementor-widget__width-auto elementor-widget-tablet__width-initial elementor-widget elementor-widget-heading\" data-id=\"7aab910\" data-element_type=\"widget\" data-widget_type=\"heading.default\">\n\t\t\t\t<div class=\"elementor-widget-container\">\n\t\t\t<p class=\"elementor-heading-title elementor-size-default\">Contactez-nous pour plus d'informations.<\/p>\t\t<\/div>\n\t\t\t\t<\/div>\n\t\t\t\t\t<\/div>\n\t\t<\/div>\n\t\t\t\t<div class=\"aux-parallax-section elementor-column elementor-col-50 elementor-top-column elementor-element elementor-element-a3b0240\" data-id=\"a3b0240\" data-element_type=\"column\">\n\t\t\t<div class=\"elementor-widget-wrap elementor-element-populated\">\n\t\t\t\t\t\t<div class=\"elementor-element elementor-element-f69c5a5 elementor-widget__width-initial elementor-widget elementor-widget-tp-button\" data-id=\"f69c5a5\" data-element_type=\"widget\" data-widget_type=\"tp-button.default\">\n\t\t\t\t<div class=\"elementor-widget-container\">\n\t\t\t<div class=\"pt-plus-button-wrapper   text-center text--mobilecenter   \"><div class=\"button_parallax  pt-plus-move-parallax \" ><div class=\"parallax-move\"  data-move_speed_x=\"30\"  data-move_speed_y=\"30\" ><div id=\"button69ef7c407a2cf\"  class=\" text-center text--mobilecenter ts-button content_hover_effect   \" ><div class=\"pt_plus_button btn69ef7c407a2c9 button-style-13  hover-left   \"  ><div class=\"animted-content-inner \"><a href=\"https:\/\/swissgarnier.com\/fr\/\" class=\"button-link-wrap \" role=\"button\" data-hover=\"CONTACTEZ-NOUS\"  ><span>CONTACTEZ-NOUS<i class=\"btn-icon button-after fa fa-angle-right\"><\/i><\/span><\/a><\/div><\/div><\/div><\/div><\/div><\/div>\t\t<\/div>\n\t\t\t\t<\/div>\n\t\t\t\t\t<\/div>\n\t\t<\/div>\n\t\t\t\t\t<\/div>\n\t\t<\/section>\n\t\t\t\t\t<\/div>\n\t\t<\/div>\n\t\t\t\t\t<\/div>\n\t\t<\/section>\n\t\t\t\t<\/div>\n\t\t","protected":false},"excerpt":{"rendered":"<p>INTERNATIONALE Mod\u00e8le commercial Swiss Garnier, forte de sa vaste exp\u00e9rience, de sa puissance technologique et de la qualit\u00e9 de ses produits, a \u00e9tendu ses activit\u00e9s \u00e0 plus de 40 pays \u00e0 travers le monde. L&rsquo;usine est accr\u00e9dit\u00e9e PIC\/S et poss\u00e8de diverses approbations internationales. La division s&rsquo;appuie sur une \u00e9quipe des affaires r\u00e9glementaires solide et tr\u00e8s [&hellip;]<\/p>\n","protected":false},"author":1,"featured_media":0,"parent":0,"menu_order":0,"comment_status":"closed","ping_status":"closed","template":"","meta":{"footnotes":""},"class_list":["post-5003","page","type-page","status-publish","hentry"],"_links":{"self":[{"href":"https:\/\/swissgarnier.com\/fr\/index.php\/wp-json\/wp\/v2\/pages\/5003","targetHints":{"allow":["GET"]}}],"collection":[{"href":"https:\/\/swissgarnier.com\/fr\/index.php\/wp-json\/wp\/v2\/pages"}],"about":[{"href":"https:\/\/swissgarnier.com\/fr\/index.php\/wp-json\/wp\/v2\/types\/page"}],"author":[{"embeddable":true,"href":"https:\/\/swissgarnier.com\/fr\/index.php\/wp-json\/wp\/v2\/users\/1"}],"replies":[{"embeddable":true,"href":"https:\/\/swissgarnier.com\/fr\/index.php\/wp-json\/wp\/v2\/comments?post=5003"}],"version-history":[{"count":7,"href":"https:\/\/swissgarnier.com\/fr\/index.php\/wp-json\/wp\/v2\/pages\/5003\/revisions"}],"predecessor-version":[{"id":6452,"href":"https:\/\/swissgarnier.com\/fr\/index.php\/wp-json\/wp\/v2\/pages\/5003\/revisions\/6452"}],"wp:attachment":[{"href":"https:\/\/swissgarnier.com\/fr\/index.php\/wp-json\/wp\/v2\/media?parent=5003"}],"curies":[{"name":"wp","href":"https:\/\/api.w.org\/{rel}","templated":true}]}}