{"id":6001,"date":"2024-03-09T02:11:11","date_gmt":"2024-03-08T20:41:11","guid":{"rendered":"https:\/\/swissgarnier.com\/index.php\/nuestra-experiencia\/"},"modified":"2025-12-01T18:55:39","modified_gmt":"2025-12-01T13:25:39","slug":"nuestra-experiencia","status":"publish","type":"page","link":"https:\/\/swissgarnier.com\/es\/index.php\/nuestra-experiencia\/","title":{"rendered":"Nuestra experiencia"},"content":{"rendered":"\t\t<div data-elementor-type=\"wp-page\" data-elementor-id=\"6001\" class=\"elementor elementor-6001 elementor-1727\">\n\t\t\t\t\t\t<section data-particle_enable=\"false\" data-particle-mobile-disabled=\"false\" class=\"elementor-section elementor-top-section elementor-element elementor-element-d517283 elementor-section-height-min-height elementor-section-stretched elementor-section-boxed elementor-section-height-default elementor-section-items-middle\" data-id=\"d517283\" data-element_type=\"section\" data-settings=\"{&quot;background_background&quot;:&quot;classic&quot;,&quot;shape_divider_bottom&quot;:&quot;triangle-asymmetrical&quot;,&quot;shape_divider_bottom_negative&quot;:&quot;yes&quot;,&quot;stretch_section&quot;:&quot;section-stretched&quot;,&quot;_ha_eqh_enable&quot;:false}\">\n\t\t\t\t\t<div class=\"elementor-shape elementor-shape-bottom\" data-negative=\"true\">\n\t\t\t<svg xmlns=\"http:\/\/www.w3.org\/2000\/svg\" viewBox=\"0 0 1000 100\" preserveAspectRatio=\"none\">\n\t<path class=\"elementor-shape-fill\" d=\"M737.9,94.7L0,0v100h1000V0L737.9,94.7z\"\/>\n<\/svg>\t\t<\/div>\n\t\t\t\t\t<div class=\"elementor-container elementor-column-gap-default\">\n\t\t\t\t\t<div class=\"aux-parallax-section elementor-column elementor-col-50 elementor-top-column elementor-element elementor-element-492bd69\" data-id=\"492bd69\" data-element_type=\"column\">\n\t\t\t<div class=\"elementor-widget-wrap\">\n\t\t\t\t\t\t\t<\/div>\n\t\t<\/div>\n\t\t\t\t<div class=\"aux-parallax-section elementor-column elementor-col-50 elementor-top-column elementor-element elementor-element-fc10367\" data-id=\"fc10367\" data-element_type=\"column\">\n\t\t\t<div class=\"elementor-widget-wrap\">\n\t\t\t\t\t\t\t<\/div>\n\t\t<\/div>\n\t\t\t\t\t<\/div>\n\t\t<\/section>\n\t\t\t\t<section data-particle_enable=\"false\" data-particle-mobile-disabled=\"false\" class=\"elementor-section elementor-top-section elementor-element elementor-element-b795216 elementor-section-content-middle elementor-section-boxed elementor-section-height-default elementor-section-height-default\" data-id=\"b795216\" data-element_type=\"section\" id=\"1\" data-settings=\"{&quot;background_background&quot;:&quot;classic&quot;,&quot;_ha_eqh_enable&quot;:false}\">\n\t\t\t\t\t\t<div class=\"elementor-container elementor-column-gap-default\">\n\t\t\t\t\t<div class=\"aux-parallax-section elementor-column elementor-col-50 elementor-top-column elementor-element elementor-element-a9cf80d\" data-id=\"a9cf80d\" data-element_type=\"column\" data-settings=\"{&quot;background_background&quot;:&quot;classic&quot;}\">\n\t\t\t<div class=\"elementor-widget-wrap elementor-element-populated\">\n\t\t\t\t\t\t<div class=\"elementor-element elementor-element-a3cf3b7 ha-align-center ha-layout-block elementor-widget elementor-widget-ha-advanced-heading happy-addon ha-advanced-heading happy-addon-pro\" data-id=\"a3cf3b7\" data-element_type=\"widget\" data-widget_type=\"ha-advanced-heading.default\">\n\t\t\t\t<div class=\"elementor-widget-container\">\n\t\t\t\r\n\t\t<h2 class=\"ha-advanced-heading-tag\">\r\n\t\t\t\t\t\t<div class=\"ha-advanced-heading-wrap\" data-background-text=\"\">\r\n\t\t\t\t<span class=\"ha-advanced-heading-before\">Nuestra<\/span>\r\n\t\t\t\t<span class=\"ha-advanced-heading-center\"> Pericia<\/span>\r\n\t\t\t\t<span class=\"ha-advanced-heading-after\"><\/span>\r\n\t\t\t\t<span class=\"ha-advanced-heading-border\"><\/span>\r\n\t\t\t<\/div>\r\n\t\t\t\t\t<\/h2>\r\n\r\n\t\t\t\t<\/div>\n\t\t\t\t<\/div>\n\t\t\t\t\t<\/div>\n\t\t<\/div>\n\t\t\t\t<div class=\"aux-parallax-section elementor-column elementor-col-50 elementor-top-column elementor-element elementor-element-978d92f\" data-id=\"978d92f\" data-element_type=\"column\">\n\t\t\t<div class=\"elementor-widget-wrap elementor-element-populated\">\n\t\t\t\t\t\t<div class=\"elementor-element elementor-element-e3e5292 aux-appear-watch-animation aux-fade-in-up elementor-widget elementor-widget-aux_modern_heading\" data-id=\"e3e5292\" data-element_type=\"widget\" data-widget_type=\"aux_modern_heading.default\">\n\t\t\t\t<div class=\"elementor-widget-container\">\n\t\t\t<section class=\"aux-widget-modern-heading\">\n            <div class=\"aux-widget-inner\"><h2 class=\"aux-modern-heading-primary\">Somos Swiss<\/h2><div class=\"aux-modern-heading-divider\"><\/div><div class=\"aux-modern-heading-description\"><p>El Grupo Suizo Garnier act\u00faa como brazo extendido y planta de fabricaci\u00f3n confiable para las principales compa\u00f1\u00edas farmac\u00e9uticas. Ofrecemos diversas formas farmac\u00e9uticas, sistemas de administraci\u00f3n de f\u00e1rmacos y soluciones de envasado, atendiendo as\u00ed a nuestros clientes en el competitivo mercado farmac\u00e9utico indio. <\/p><p>Nuestras formas de dosificaci\u00f3n incluyen tabletas, c\u00e1psulas, l\u00edquidos, polvos en sobres y frascos.<\/p><p>Comprender la demanda del mercado y ofrecer productos de calidad en un corto per\u00edodo de tiempo nos convierte en el fabricante por contrato profesional m\u00e1s confiable entre otras compa\u00f1\u00edas farmac\u00e9uticas en la India.<\/p><\/div><\/div>\n        <\/section>\t\t<\/div>\n\t\t\t\t<\/div>\n\t\t\t\t\t<\/div>\n\t\t<\/div>\n\t\t\t\t\t<\/div>\n\t\t<\/section>\n\t\t\t\t<section data-particle_enable=\"false\" data-particle-mobile-disabled=\"false\" class=\"elementor-section elementor-top-section elementor-element elementor-element-a45c889 elementor-section-boxed elementor-section-height-default elementor-section-height-default elementor-invisible\" data-id=\"a45c889\" data-element_type=\"section\" id=\"2\" data-settings=\"{&quot;background_background&quot;:&quot;gradient&quot;,&quot;animation&quot;:&quot;fadeInUp&quot;,&quot;_ha_eqh_enable&quot;:false}\">\n\t\t\t\t\t\t<div class=\"elementor-container elementor-column-gap-default\">\n\t\t\t\t\t<div class=\"aux-parallax-section elementor-column elementor-col-100 elementor-top-column elementor-element elementor-element-f234b9a\" data-id=\"f234b9a\" data-element_type=\"column\" data-settings=\"{&quot;background_background&quot;:&quot;gradient&quot;}\">\n\t\t\t<div class=\"elementor-widget-wrap elementor-element-populated\">\n\t\t\t\t\t\t<section data-particle_enable=\"false\" data-particle-mobile-disabled=\"false\" class=\"elementor-section elementor-top-section elementor-element elementor-element-b17a3dc elementor-section-content-middle elementor-section-boxed elementor-section-height-default elementor-section-height-default\" data-id=\"b17a3dc\" data-element_type=\"section\" data-settings=\"{&quot;_ha_eqh_enable&quot;:false}\">\n\t\t\t\t\t\t<div class=\"elementor-container elementor-column-gap-default\">\n\t\t\t\t\t<div class=\"aux-parallax-section elementor-column elementor-col-50 elementor-top-column elementor-element elementor-element-e894e15\" data-id=\"e894e15\" data-element_type=\"column\">\n\t\t\t<div class=\"elementor-widget-wrap elementor-element-populated\">\n\t\t\t\t\t\t<div class=\"elementor-element elementor-element-5acc5a0 elementor-widget__width-auto elementor-widget elementor-widget-heading\" data-id=\"5acc5a0\" data-element_type=\"widget\" data-widget_type=\"heading.default\">\n\t\t\t\t<div class=\"elementor-widget-container\">\n\t\t\t<h4 class=\"elementor-heading-title elementor-size-default\">Swiss Garnier<\/h4>\t\t<\/div>\n\t\t\t\t<\/div>\n\t\t\t\t<div class=\"elementor-element elementor-element-329fdd0 elementor-widget__width-auto elementor-widget-tablet__width-initial elementor-widget elementor-widget-heading\" data-id=\"329fdd0\" data-element_type=\"widget\" data-widget_type=\"heading.default\">\n\t\t\t\t<div class=\"elementor-widget-container\">\n\t\t\t<p class=\"elementor-heading-title elementor-size-default\">Cont\u00e1ctenos para m\u00e1s informaci\u00f3n.<\/p>\t\t<\/div>\n\t\t\t\t<\/div>\n\t\t\t\t\t<\/div>\n\t\t<\/div>\n\t\t\t\t<div class=\"aux-parallax-section elementor-column elementor-col-50 elementor-top-column elementor-element elementor-element-e3a2d51\" data-id=\"e3a2d51\" data-element_type=\"column\">\n\t\t\t<div class=\"elementor-widget-wrap elementor-element-populated\">\n\t\t\t\t\t\t<div class=\"elementor-element elementor-element-71278f4 elementor-widget__width-initial elementor-widget elementor-widget-tp-button\" data-id=\"71278f4\" data-element_type=\"widget\" data-widget_type=\"tp-button.default\">\n\t\t\t\t<div class=\"elementor-widget-container\">\n\t\t\t<div class=\"pt-plus-button-wrapper   text-center text--mobilecenter   \"><div class=\"button_parallax  pt-plus-move-parallax \" ><div class=\"parallax-move\"  data-move_speed_x=\"30\"  data-move_speed_y=\"30\" ><div id=\"button69ef806d0c99b\"  class=\" text-center text--mobilecenter ts-button content_hover_effect   \" ><div class=\"pt_plus_button btn69ef806d0c962 button-style-13  hover-left   \"  ><div class=\"animted-content-inner \"><a href=\"https:\/\/swiss.sanadsdigitaldemo.in\/index.php\/contact-us\/\" class=\"button-link-wrap \" role=\"button\" data-hover=\"CONT\u00c1CTENOS\"  ><span>CONT\u00c1CTENOS<i class=\"btn-icon button-after fa fa-angle-right\"><\/i><\/span><\/a><\/div><\/div><\/div><\/div><\/div><\/div>\t\t<\/div>\n\t\t\t\t<\/div>\n\t\t\t\t\t<\/div>\n\t\t<\/div>\n\t\t\t\t\t<\/div>\n\t\t<\/section>\n\t\t\t\t\t<\/div>\n\t\t<\/div>\n\t\t\t\t\t<\/div>\n\t\t<\/section>\n\t\t\t\t<section data-particle_enable=\"false\" data-particle-mobile-disabled=\"false\" class=\"elementor-section elementor-top-section elementor-element elementor-element-1d02f09 elementor-section-boxed elementor-section-height-default elementor-section-height-default\" data-id=\"1d02f09\" data-element_type=\"section\" data-settings=\"{&quot;_ha_eqh_enable&quot;:false}\">\n\t\t\t\t\t\t<div class=\"elementor-container elementor-column-gap-default\">\n\t\t\t\t\t<div class=\"aux-parallax-section elementor-column elementor-col-100 elementor-top-column elementor-element elementor-element-44030af\" data-id=\"44030af\" data-element_type=\"column\">\n\t\t\t<div class=\"elementor-widget-wrap elementor-element-populated\">\n\t\t\t\t\t\t<div class=\"elementor-element elementor-element-2a0afae elementor-hidden-tablet elementor-hidden-mobile elementor-widget elementor-widget-ha-one-page-nav happy-addon ha-one-page-nav happy-addon-pro\" data-id=\"2a0afae\" data-element_type=\"widget\" data-settings=\"{&quot;select_design&quot;:&quot;ha-opn-design-magool&quot;,&quot;scroll_wheel&quot;:&quot;no&quot;,&quot;touch_swipe&quot;:&quot;no&quot;,&quot;section_threshold&quot;:0.3,&quot;row_to_offset&quot;:0,&quot;scrolling_speed&quot;:700}\" data-widget_type=\"ha-one-page-nav.default\">\n\t\t\t\t<div class=\"elementor-widget-container\">\n\t\t\t        <div class=\"ha-opn-dotted-nav ha-opn-design-magool ha-opn-right-side ha-opn-position-middle\">\r\n                            <ul class=\"ha-opn-nav ha-opn-design-magool\">\r\n                                                <li class=\"ha_opn__item ha_opn__item--current elementor-repeater-item-9634473\" aria-label=\"\">\r\n                                <a href=\"#\" data-section-id=\"1\"><\/a>\r\n                                                            <\/li>\r\n                                                <li class=\"ha_opn__item  elementor-repeater-item-a563480\" aria-label=\"\">\r\n                                <a href=\"#\" data-section-id=\"2\"><\/a>\r\n                                                            <\/li>\r\n                                    <\/ul>\r\n                    <\/div>\r\n\t\t<\/div>\n\t\t\t\t<\/div>\n\t\t\t\t\t<\/div>\n\t\t<\/div>\n\t\t\t\t\t<\/div>\n\t\t<\/section>\n\t\t\t\t<\/div>\n\t\t","protected":false},"excerpt":{"rendered":"<p>Nuestra Pericia Somos Swiss El Grupo Suizo Garnier act\u00faa como brazo extendido y planta de fabricaci\u00f3n confiable para las principales compa\u00f1\u00edas farmac\u00e9uticas. Ofrecemos diversas formas farmac\u00e9uticas, sistemas de administraci\u00f3n de f\u00e1rmacos y soluciones de envasado, atendiendo as\u00ed a nuestros clientes en el competitivo mercado farmac\u00e9utico indio. Nuestras formas de dosificaci\u00f3n incluyen tabletas, c\u00e1psulas, l\u00edquidos, polvos [&hellip;]<\/p>\n","protected":false},"author":1,"featured_media":0,"parent":0,"menu_order":0,"comment_status":"closed","ping_status":"closed","template":"","meta":{"footnotes":""},"class_list":["post-6001","page","type-page","status-publish","hentry"],"_links":{"self":[{"href":"https:\/\/swissgarnier.com\/es\/index.php\/wp-json\/wp\/v2\/pages\/6001","targetHints":{"allow":["GET"]}}],"collection":[{"href":"https:\/\/swissgarnier.com\/es\/index.php\/wp-json\/wp\/v2\/pages"}],"about":[{"href":"https:\/\/swissgarnier.com\/es\/index.php\/wp-json\/wp\/v2\/types\/page"}],"author":[{"embeddable":true,"href":"https:\/\/swissgarnier.com\/es\/index.php\/wp-json\/wp\/v2\/users\/1"}],"replies":[{"embeddable":true,"href":"https:\/\/swissgarnier.com\/es\/index.php\/wp-json\/wp\/v2\/comments?post=6001"}],"version-history":[{"count":1,"href":"https:\/\/swissgarnier.com\/es\/index.php\/wp-json\/wp\/v2\/pages\/6001\/revisions"}],"predecessor-version":[{"id":6002,"href":"https:\/\/swissgarnier.com\/es\/index.php\/wp-json\/wp\/v2\/pages\/6001\/revisions\/6002"}],"wp:attachment":[{"href":"https:\/\/swissgarnier.com\/es\/index.php\/wp-json\/wp\/v2\/media?parent=6001"}],"curies":[{"name":"wp","href":"https:\/\/api.w.org\/{rel}","templated":true}]}}