{"id":5872,"date":"2023-09-07T02:37:49","date_gmt":"2023-09-06T21:07:49","guid":{"rendered":"https:\/\/swissgarnier.com\/index.php\/%d8%a7%d9%84%d8%a8%d8%ad%d8%ab-%d9%88%d8%a7%d9%84%d8%aa%d8%b7%d9%88%d9%8a%d8%b1\/"},"modified":"2025-12-01T15:39:34","modified_gmt":"2025-12-01T10:09:34","slug":"%d8%a7%d9%84%d8%a8%d8%ad%d8%ab-%d9%88%d8%a7%d9%84%d8%aa%d8%b7%d9%88%d9%8a%d8%b1","status":"publish","type":"page","link":"https:\/\/swissgarnier.com\/es\/index.php\/%d8%a7%d9%84%d8%a8%d8%ad%d8%ab-%d9%88%d8%a7%d9%84%d8%aa%d8%b7%d9%88%d9%8a%d8%b1\/","title":{"rendered":"\u0627\u0644\u0628\u062d\u062b \u0648\u0627\u0644\u062a\u0637\u0648\u064a\u0631"},"content":{"rendered":"\t\t<div data-elementor-type=\"wp-page\" data-elementor-id=\"5872\" class=\"elementor elementor-5872 elementor-977\">\n\t\t\t\t\t\t<section data-particle_enable=\"false\" data-particle-mobile-disabled=\"false\" class=\"elementor-section elementor-top-section elementor-element elementor-element-0ac3eb3 elementor-section-height-min-height elementor-section-stretched elementor-section-boxed elementor-section-height-default elementor-section-items-middle\" data-id=\"0ac3eb3\" data-element_type=\"section\" data-settings=\"{&quot;background_background&quot;:&quot;classic&quot;,&quot;shape_divider_bottom&quot;:&quot;triangle-asymmetrical&quot;,&quot;shape_divider_bottom_negative&quot;:&quot;yes&quot;,&quot;stretch_section&quot;:&quot;section-stretched&quot;,&quot;_ha_eqh_enable&quot;:false}\">\n\t\t\t\t\t\t\t<div class=\"elementor-background-overlay\"><\/div>\n\t\t\t\t\t\t<div class=\"elementor-shape elementor-shape-bottom\" data-negative=\"true\">\n\t\t\t<svg xmlns=\"http:\/\/www.w3.org\/2000\/svg\" viewBox=\"0 0 1000 100\" preserveAspectRatio=\"none\">\n\t<path class=\"elementor-shape-fill\" d=\"M737.9,94.7L0,0v100h1000V0L737.9,94.7z\"\/>\n<\/svg>\t\t<\/div>\n\t\t\t\t\t<div class=\"elementor-container elementor-column-gap-default\">\n\t\t\t\t\t<div class=\"aux-parallax-section elementor-column elementor-col-50 elementor-top-column elementor-element elementor-element-e0e729e\" data-id=\"e0e729e\" data-element_type=\"column\">\n\t\t\t<div class=\"elementor-widget-wrap elementor-element-populated\">\n\t\t\t\t\t\t<div class=\"elementor-element elementor-element-4c3de24 elementor-invisible elementor-widget elementor-widget-heading\" data-id=\"4c3de24\" data-element_type=\"widget\" data-settings=\"{&quot;_animation&quot;:&quot;fadeInUp&quot;}\" data-widget_type=\"heading.default\">\n\t\t\t\t<div class=\"elementor-widget-container\">\n\t\t\t<h2 class=\"elementor-heading-title elementor-size-default\">Investigaci\u00f3n y desarrollo<\/h2>\t\t<\/div>\n\t\t\t\t<\/div>\n\t\t\t\t\t<\/div>\n\t\t<\/div>\n\t\t\t\t<div class=\"aux-parallax-section elementor-column elementor-col-50 elementor-top-column elementor-element elementor-element-db5b035\" data-id=\"db5b035\" data-element_type=\"column\">\n\t\t\t<div class=\"elementor-widget-wrap\">\n\t\t\t\t\t\t\t<\/div>\n\t\t<\/div>\n\t\t\t\t\t<\/div>\n\t\t<\/section>\n\t\t\t\t<section data-particle_enable=\"false\" data-particle-mobile-disabled=\"false\" class=\"elementor-section elementor-top-section elementor-element elementor-element-504b9182 elementor-section-content-middle elementor-section-boxed elementor-section-height-default elementor-section-height-default\" data-id=\"504b9182\" data-element_type=\"section\" id=\"2\" data-settings=\"{&quot;background_background&quot;:&quot;classic&quot;,&quot;_ha_eqh_enable&quot;:false}\">\n\t\t\t\t\t\t<div class=\"elementor-container elementor-column-gap-default\">\n\t\t\t\t\t<div class=\"aux-parallax-section elementor-column elementor-col-50 elementor-top-column elementor-element elementor-element-b3f30ff\" data-id=\"b3f30ff\" data-element_type=\"column\">\n\t\t\t<div class=\"elementor-widget-wrap elementor-element-populated\">\n\t\t\t\t\t\t<div class=\"elementor-element elementor-element-15487fc ha-align-center ha-layout-block elementor-widget elementor-widget-ha-advanced-heading happy-addon ha-advanced-heading happy-addon-pro\" data-id=\"15487fc\" data-element_type=\"widget\" data-widget_type=\"ha-advanced-heading.default\">\n\t\t\t\t<div class=\"elementor-widget-container\">\n\t\t\t\r\n\t\t<h2 class=\"ha-advanced-heading-tag\">\r\n\t\t\t\t\t\t<div class=\"ha-advanced-heading-wrap\" data-background-text=\"\">\r\n\t\t\t\t<span class=\"ha-advanced-heading-before\">Investigaci\u00f3n <\/span>\r\n\t\t\t\t<span class=\"ha-advanced-heading-center\">Desarrollo<\/span>\r\n\t\t\t\t<span class=\"ha-advanced-heading-after\"><\/span>\r\n\t\t\t\t<span class=\"ha-advanced-heading-border\"><\/span>\r\n\t\t\t<\/div>\r\n\t\t\t\t\t<\/h2>\r\n\r\n\t\t\t\t<\/div>\n\t\t\t\t<\/div>\n\t\t\t\t\t<\/div>\n\t\t<\/div>\n\t\t\t\t<div class=\"aux-parallax-section elementor-column elementor-col-50 elementor-top-column elementor-element elementor-element-36e4eb54\" data-id=\"36e4eb54\" data-element_type=\"column\">\n\t\t\t<div class=\"elementor-widget-wrap elementor-element-populated\">\n\t\t\t\t\t\t<div class=\"elementor-element elementor-element-030bc58 aux-appear-watch-animation aux-fade-in-right elementor-invisible elementor-widget elementor-widget-aux_modern_heading\" data-id=\"030bc58\" data-element_type=\"widget\" data-settings=\"{&quot;_animation&quot;:&quot;fadeInUp&quot;}\" data-widget_type=\"aux_modern_heading.default\">\n\t\t\t\t<div class=\"elementor-widget-container\">\n\t\t\t<section class=\"aux-widget-modern-heading\">\n            <div class=\"aux-widget-inner\"><h2 class=\"aux-modern-heading-primary\"><\/h2><h3 class=\"aux-modern-heading-secondary\"><span class=\"aux-head-before\">NUESTRA<\/span><span class=\"aux-head-highlight\"> Story<\/span><\/h3><\/div>\n        <\/section>\t\t<\/div>\n\t\t\t\t<\/div>\n\t\t\t\t<div class=\"elementor-element elementor-element-812bd74 aux-appear-watch-animation aux-fade-in-up elementor-widget elementor-widget-aux_modern_heading\" data-id=\"812bd74\" data-element_type=\"widget\" data-widget_type=\"aux_modern_heading.default\">\n\t\t\t\t<div class=\"elementor-widget-container\">\n\t\t\t<section class=\"aux-widget-modern-heading\">\n            <div class=\"aux-widget-inner\"><h2 class=\"aux-modern-heading-primary\">Somos Swiss<\/h2><div class=\"aux-modern-heading-divider\"><\/div><div class=\"aux-modern-heading-description\"><p>Garnier suizo cuenta con un equipo de investigaci\u00f3n y desarrollo (I+D) s\u00f3lido, eficiente y altamente experto para respaldar el desarrollo de f\u00f3rmulas.<\/p><p>Consideramos un gran valor invertir en investigaci\u00f3n y desarrollo (I+D). Nuestra principal fortaleza reside en nuestra capacidad para destacar en el desarrollo de gen\u00e9ricos y productos tecnol\u00f3gicamente complejos mediante equipos especializados en formulaciones y desarrollo anal\u00edtico. La capacidad de desarrollar formulaciones utilizando las tecnolog\u00edas m\u00e1s recientes e innovadoras es el factor clave que diferencia nuestra investigaci\u00f3n.  <\/p><\/div><\/div>\n        <\/section>\t\t<\/div>\n\t\t\t\t<\/div>\n\t\t\t\t<div class=\"elementor-element elementor-element-05b39d7 elementor-invisible elementor-widget elementor-widget-tp-button\" data-id=\"05b39d7\" data-element_type=\"widget\" data-settings=\"{&quot;_animation&quot;:&quot;fadeInUp&quot;}\" data-widget_type=\"tp-button.default\">\n\t\t\t\t<div class=\"elementor-widget-container\">\n\t\t\t<div class=\"pt-plus-button-wrapper   text-left text--tabletcenter text--mobilecenter   \"><div class=\"button_parallax  pt-plus-move-parallax \" ><div class=\"parallax-move\"  data-move_speed_x=\"30\"  data-move_speed_y=\"30\" ><div id=\"button69ecfe10eb73b\"  class=\" text-left text--tabletcenter text--mobilecenter ts-button content_hover_effect   \" ><div class=\"pt_plus_button btn69ecfe10eb5f2 button-style-13  hover-left   \"  ><div class=\"animted-content-inner \"><a href=\"#\" class=\"button-link-wrap \" role=\"button\" data-hover=\"LEER M\u00c1S\"  ><span>LEER M\u00c1S<i class=\"btn-icon button-after fa fa-angle-right\"><\/i><\/span><\/a><\/div><\/div><\/div><\/div><\/div><\/div>\t\t<\/div>\n\t\t\t\t<\/div>\n\t\t\t\t\t<\/div>\n\t\t<\/div>\n\t\t\t\t\t<\/div>\n\t\t<\/section>\n\t\t\t\t<section data-particle_enable=\"false\" data-particle-mobile-disabled=\"false\" class=\"elementor-section elementor-top-section elementor-element elementor-element-3aba6594 elementor-reverse-tablet elementor-section-boxed elementor-section-height-default elementor-section-height-default\" data-id=\"3aba6594\" data-element_type=\"section\" id=\"3\" data-settings=\"{&quot;_ha_eqh_enable&quot;:false}\">\n\t\t\t\t\t\t<div class=\"elementor-container elementor-column-gap-default\">\n\t\t\t\t\t<div class=\"aux-parallax-section elementor-column elementor-col-50 elementor-top-column elementor-element elementor-element-6e8209ba\" data-id=\"6e8209ba\" data-element_type=\"column\" data-settings=\"{&quot;background_background&quot;:&quot;classic&quot;}\">\n\t\t\t<div class=\"elementor-widget-wrap elementor-element-populated\">\n\t\t\t\t\t\t<div class=\"elementor-element elementor-element-8a449bf aux-appear-watch-animation aux-fade-in-up elementor-widget elementor-widget-aux_modern_heading\" data-id=\"8a449bf\" data-element_type=\"widget\" data-widget_type=\"aux_modern_heading.default\">\n\t\t\t\t<div class=\"elementor-widget-container\">\n\t\t\t<section class=\"aux-widget-modern-heading\">\n            <div class=\"aux-widget-inner\"><h2 class=\"aux-modern-heading-primary\">Somos Swiss<\/h2><div class=\"aux-modern-heading-divider\"><\/div><div class=\"aux-modern-heading-description\"><p>Tenemos la capacidad de entregar productos de calidad dentro de los plazos establecidos, a bajo coste y sin comprometer la calidad. Nuestros cient\u00edficos colaboran estrechamente con nuestro equipo de desarrollo de negocio para generar conceptos e ideas innovadores, aprovechando tanto las necesidades del mercado como las sinergias entre las \u00e1reas terap\u00e9uticas. Nuestra capacidad de investigaci\u00f3n no solo nos ha reportado importantes beneficios comerciales, sino que tambi\u00e9n nos ha ganado una reputaci\u00f3n envidiable de calidad y capacidad en la industria farmac\u00e9utica.  <\/p><p>Dirigida por investigadores eminentes con a\u00f1os de experiencia y una gran cantidad de datos comprobados, la empresa ha desarrollado especialidades en formas farmac\u00e9uticas de liberaci\u00f3n sostenida y liberaci\u00f3n prolongada con un \u00e9xito espectacular.<\/p><\/div><\/div>\n        <\/section>\t\t<\/div>\n\t\t\t\t<\/div>\n\t\t\t\t\t<\/div>\n\t\t<\/div>\n\t\t\t\t<div class=\"aux-parallax-section elementor-column elementor-col-50 elementor-top-column elementor-element elementor-element-3792ab4b\" data-id=\"3792ab4b\" data-element_type=\"column\">\n\t\t\t<div class=\"elementor-widget-wrap elementor-element-populated\">\n\t\t\t\t\t\t<div class=\"elementor-element elementor-element-54471f5 elementor-widget elementor-widget-aux_touch_slider\" data-id=\"54471f5\" data-element_type=\"widget\" data-widget_type=\"aux_touch_slider.default\">\n\t\t\t\t<div class=\"elementor-widget-container\">\n\t\t\t<section class=\"widget-container aux-widget-touch-slider aux-widget-post-slider aux-parent-au70776f78\"><div class=\"master-carousel-slider aux-latest-posts-slider aux-no-js aux-light-skin\" data-empty-height=\"560\" data-navigation=\"peritem\" data-space=\"0\" data-auto-height=\"true\" data-delay=\"2\" data-loop=\"yes\" data-autoplay=\"1\">        <div class=\"aux-mc-item\" >\n                <div class=\"aux-slide-media\">\n                    <div class=\"aux-media-frame aux-media-image\"><img fetchpriority=\"high\" decoding=\"async\" width=\"960\" height=\"560\" src=\"https:\/\/swissgarnier.com\/wp-content\/uploads\/2024\/05\/Facilities-RD-Slide-1-scaled-960x560.jpg\" class=\"auxin-attachment attachment-960x560\" alt=\"Facilities R&amp;D Slide 1\" \/><\/div>\n                <\/div>\n                    <\/div>\n\n        <div class=\"aux-mc-item\" >\n                <div class=\"aux-slide-media\">\n                    <div class=\"aux-media-frame aux-media-image\"><img decoding=\"async\" width=\"960\" height=\"560\" src=\"https:\/\/swissgarnier.com\/wp-content\/uploads\/2024\/05\/Facilities-RD-Slide-2-scaled-960x560.jpg\" class=\"auxin-attachment attachment-960x560\" alt=\"Facilities R&amp;D Slide 2\" \/><\/div>\n                <\/div>\n                    <\/div>\n\n<\/div><!-- aux-col-wrapper --><\/section><!-- widget-container -->\t\t<\/div>\n\t\t\t\t<\/div>\n\t\t\t\t\t<\/div>\n\t\t<\/div>\n\t\t\t\t\t<\/div>\n\t\t<\/section>\n\t\t\t\t<section data-particle_enable=\"false\" data-particle-mobile-disabled=\"false\" class=\"elementor-section elementor-top-section elementor-element elementor-element-f176184 elementor-reverse-tablet elementor-section-boxed elementor-section-height-default elementor-section-height-default\" data-id=\"f176184\" data-element_type=\"section\" data-settings=\"{&quot;_ha_eqh_enable&quot;:false}\">\n\t\t\t\t\t\t<div class=\"elementor-container elementor-column-gap-default\">\n\t\t\t\t\t<div class=\"aux-parallax-section elementor-column elementor-col-50 elementor-top-column elementor-element elementor-element-2c98aac\" data-id=\"2c98aac\" data-element_type=\"column\">\n\t\t\t<div class=\"elementor-widget-wrap elementor-element-populated\">\n\t\t\t\t\t\t<div class=\"elementor-element elementor-element-4d62a5d elementor-widget elementor-widget-aux_touch_slider\" data-id=\"4d62a5d\" data-element_type=\"widget\" data-widget_type=\"aux_touch_slider.default\">\n\t\t\t\t<div class=\"elementor-widget-container\">\n\t\t\t<section class=\"widget-container aux-widget-touch-slider aux-widget-post-slider aux-parent-auc1d7d747\"><div class=\"master-carousel-slider aux-latest-posts-slider aux-no-js aux-light-skin\" data-empty-height=\"560\" data-navigation=\"peritem\" data-space=\"1\" data-auto-height=\"true\" data-delay=\"2\" data-loop=\"yes\" data-autoplay=\"1\">        <div class=\"aux-mc-item\" >\n                <div class=\"aux-slide-media\">\n                    <div class=\"aux-media-frame aux-media-image\"><img decoding=\"async\" width=\"960\" height=\"560\" src=\"https:\/\/swissgarnier.com\/wp-content\/uploads\/2024\/05\/Facilities-RD-Slide-2-scaled-960x560.jpg\" class=\"auxin-attachment attachment-960x560\" alt=\"Facilities R&amp;D Slide 2\" \/><\/div>\n                <\/div>\n                    <\/div>\n\n        <div class=\"aux-mc-item\" >\n                <div class=\"aux-slide-media\">\n                    <div class=\"aux-media-frame aux-media-image\"><img decoding=\"async\" width=\"960\" height=\"560\" src=\"https:\/\/swissgarnier.com\/wp-content\/uploads\/2024\/05\/Facilities-RD-Slide-3-scaled-960x560.jpg\" class=\"auxin-attachment attachment-960x560\" alt=\"Facilities R&amp;D Slide 3\" \/><\/div>\n                <\/div>\n                    <\/div>\n\n<\/div><!-- aux-col-wrapper --><\/section><!-- widget-container -->\t\t<\/div>\n\t\t\t\t<\/div>\n\t\t\t\t\t<\/div>\n\t\t<\/div>\n\t\t\t\t<div class=\"aux-parallax-section elementor-column elementor-col-50 elementor-top-column elementor-element elementor-element-c4ae640\" data-id=\"c4ae640\" data-element_type=\"column\" data-settings=\"{&quot;background_background&quot;:&quot;classic&quot;}\">\n\t\t\t<div class=\"elementor-widget-wrap elementor-element-populated\">\n\t\t\t\t\t\t<div class=\"elementor-element elementor-element-89a3cd7 aux-appear-watch-animation aux-fade-in-up elementor-widget elementor-widget-aux_modern_heading\" data-id=\"89a3cd7\" data-element_type=\"widget\" data-widget_type=\"aux_modern_heading.default\">\n\t\t\t\t<div class=\"elementor-widget-container\">\n\t\t\t<section class=\"aux-widget-modern-heading\">\n            <div class=\"aux-widget-inner\"><h2 class=\"aux-modern-heading-primary\"><\/h2><div class=\"aux-modern-heading-description\"><p>A continuaci\u00f3n se mencionan algunos de nuestros desarrollos de productos \u00fanicos:<\/p><p>Comprimidos de voglibosa que se disuelven en la boca<\/p><p>Comprimidos de liberaci\u00f3n sostenida de voglibosa con metformina<\/p><p>Comprimidos de liberaci\u00f3n prolongada de metoprolol<\/p><p>Comprimidos de liberaci\u00f3n prolongada de etodolaco<\/p><p>Comprimidos de doxofilina con montelukast<\/p><p>Preparaci\u00f3n de enzimas l\u00edquidas.<\/p><p>Pre y Probi\u00f3tico con multivitaminas y minerales (c\u00e1psula dentro de c\u00e1psula)<\/p><p>Comprimidos de S-adenosilmetionina<\/p><p>Spray de minoxidil sin alcohol<\/p><\/div><\/div>\n        <\/section>\t\t<\/div>\n\t\t\t\t<\/div>\n\t\t\t\t\t<\/div>\n\t\t<\/div>\n\t\t\t\t\t<\/div>\n\t\t<\/section>\n\t\t\t\t<section data-particle_enable=\"false\" data-particle-mobile-disabled=\"false\" class=\"elementor-section elementor-top-section elementor-element elementor-element-c415449 elementor-section-boxed elementor-section-height-default elementor-section-height-default\" data-id=\"c415449\" data-element_type=\"section\" data-settings=\"{&quot;_ha_eqh_enable&quot;:false}\">\n\t\t\t\t\t\t<div class=\"elementor-container elementor-column-gap-default\">\n\t\t\t\t\t<div class=\"aux-parallax-section elementor-column elementor-col-100 elementor-top-column elementor-element elementor-element-452c7ad\" data-id=\"452c7ad\" data-element_type=\"column\">\n\t\t\t<div class=\"elementor-widget-wrap\">\n\t\t\t\t\t\t\t<\/div>\n\t\t<\/div>\n\t\t\t\t\t<\/div>\n\t\t<\/section>\n\t\t\t\t<section data-particle_enable=\"false\" data-particle-mobile-disabled=\"false\" class=\"elementor-section elementor-top-section elementor-element elementor-element-6e64750 elementor-section-boxed elementor-section-height-default elementor-section-height-default elementor-invisible\" data-id=\"6e64750\" data-element_type=\"section\" data-settings=\"{&quot;background_background&quot;:&quot;gradient&quot;,&quot;animation&quot;:&quot;fadeInUp&quot;,&quot;_ha_eqh_enable&quot;:false}\">\n\t\t\t\t\t\t<div class=\"elementor-container elementor-column-gap-default\">\n\t\t\t\t\t<div class=\"aux-parallax-section elementor-column elementor-col-100 elementor-top-column elementor-element elementor-element-f9b7e42\" data-id=\"f9b7e42\" data-element_type=\"column\" data-settings=\"{&quot;background_background&quot;:&quot;gradient&quot;}\">\n\t\t\t<div class=\"elementor-widget-wrap elementor-element-populated\">\n\t\t\t\t\t\t<section data-particle_enable=\"false\" data-particle-mobile-disabled=\"false\" class=\"elementor-section elementor-top-section elementor-element elementor-element-fab99cd elementor-section-content-middle elementor-section-boxed elementor-section-height-default elementor-section-height-default\" data-id=\"fab99cd\" data-element_type=\"section\" data-settings=\"{&quot;_ha_eqh_enable&quot;:false}\">\n\t\t\t\t\t\t<div class=\"elementor-container elementor-column-gap-default\">\n\t\t\t\t\t<div class=\"aux-parallax-section elementor-column elementor-col-50 elementor-top-column elementor-element elementor-element-4798d88\" data-id=\"4798d88\" data-element_type=\"column\">\n\t\t\t<div class=\"elementor-widget-wrap elementor-element-populated\">\n\t\t\t\t\t\t<div class=\"elementor-element elementor-element-fd89128 elementor-widget__width-auto elementor-widget elementor-widget-heading\" data-id=\"fd89128\" data-element_type=\"widget\" data-widget_type=\"heading.default\">\n\t\t\t\t<div class=\"elementor-widget-container\">\n\t\t\t<h4 class=\"elementor-heading-title elementor-size-default\">Swiss Garnier<\/h4>\t\t<\/div>\n\t\t\t\t<\/div>\n\t\t\t\t<div class=\"elementor-element elementor-element-3d60d30 elementor-widget__width-auto elementor-widget-tablet__width-initial elementor-widget elementor-widget-heading\" data-id=\"3d60d30\" data-element_type=\"widget\" data-widget_type=\"heading.default\">\n\t\t\t\t<div class=\"elementor-widget-container\">\n\t\t\t<p class=\"elementor-heading-title elementor-size-default\">Cont\u00e1ctenos para m\u00e1s informaci\u00f3n.<\/p>\t\t<\/div>\n\t\t\t\t<\/div>\n\t\t\t\t\t<\/div>\n\t\t<\/div>\n\t\t\t\t<div class=\"aux-parallax-section elementor-column elementor-col-50 elementor-top-column elementor-element elementor-element-bc2a0af\" data-id=\"bc2a0af\" data-element_type=\"column\">\n\t\t\t<div class=\"elementor-widget-wrap elementor-element-populated\">\n\t\t\t\t\t\t<div class=\"elementor-element elementor-element-aa7ae85 elementor-widget__width-initial elementor-widget elementor-widget-tp-button\" data-id=\"aa7ae85\" data-element_type=\"widget\" data-widget_type=\"tp-button.default\">\n\t\t\t\t<div class=\"elementor-widget-container\">\n\t\t\t<div class=\"pt-plus-button-wrapper   text-center text--mobilecenter   \"><div class=\"button_parallax  pt-plus-move-parallax \" ><div class=\"parallax-move\"  data-move_speed_x=\"30\"  data-move_speed_y=\"30\" ><div id=\"button69ecfe10f3a4f\"  class=\" text-center text--mobilecenter ts-button content_hover_effect   \" ><div class=\"pt_plus_button btn69ecfe10f3a44 button-style-13  hover-left   \"  ><div class=\"animted-content-inner \"><a href=\"https:\/\/swiss.sanadsdigitaldemo.in\/index.php\/contact\/\" class=\"button-link-wrap \" role=\"button\" data-hover=\"CONT\u00c1CTENOS\"  ><span>CONT\u00c1CTENOS<i class=\"btn-icon button-after fa fa-angle-right\"><\/i><\/span><\/a><\/div><\/div><\/div><\/div><\/div><\/div>\t\t<\/div>\n\t\t\t\t<\/div>\n\t\t\t\t\t<\/div>\n\t\t<\/div>\n\t\t\t\t\t<\/div>\n\t\t<\/section>\n\t\t\t\t\t<\/div>\n\t\t<\/div>\n\t\t\t\t\t<\/div>\n\t\t<\/section>\n\t\t\t\t<section data-particle_enable=\"false\" data-particle-mobile-disabled=\"false\" class=\"elementor-section elementor-top-section elementor-element elementor-element-a5c9998 elementor-section-boxed elementor-section-height-default elementor-section-height-default\" data-id=\"a5c9998\" data-element_type=\"section\" data-settings=\"{&quot;_ha_eqh_enable&quot;:false}\">\n\t\t\t\t\t\t<div class=\"elementor-container elementor-column-gap-default\">\n\t\t\t\t\t<div class=\"aux-parallax-section elementor-column elementor-col-100 elementor-top-column elementor-element elementor-element-a1a9fcd\" data-id=\"a1a9fcd\" data-element_type=\"column\">\n\t\t\t<div class=\"elementor-widget-wrap elementor-element-populated\">\n\t\t\t\t\t\t<div class=\"elementor-element elementor-element-e2947dc elementor-hidden-tablet elementor-hidden-mobile elementor-widget elementor-widget-ha-one-page-nav happy-addon ha-one-page-nav happy-addon-pro\" data-id=\"e2947dc\" data-element_type=\"widget\" data-settings=\"{&quot;select_design&quot;:&quot;ha-opn-design-magool&quot;,&quot;scroll_wheel&quot;:&quot;no&quot;,&quot;touch_swipe&quot;:&quot;no&quot;,&quot;section_threshold&quot;:0.3,&quot;row_to_offset&quot;:0,&quot;scrolling_speed&quot;:700}\" data-widget_type=\"ha-one-page-nav.default\">\n\t\t\t\t<div class=\"elementor-widget-container\">\n\t\t\t        <div class=\"ha-opn-dotted-nav ha-opn-design-magool ha-opn-right-side ha-opn-position-middle\">\r\n                            <ul class=\"ha-opn-nav ha-opn-design-magool\">\r\n                                                <li class=\"ha_opn__item ha_opn__item--current elementor-repeater-item-9634473\" aria-label=\"\">\r\n                                <a href=\"#\" data-section-id=\"1\"><\/a>\r\n                                                            <\/li>\r\n                                                <li class=\"ha_opn__item  elementor-repeater-item-a563480\" aria-label=\"\">\r\n                                <a href=\"#\" data-section-id=\"2\"><\/a>\r\n                                                            <\/li>\r\n                                                <li class=\"ha_opn__item  elementor-repeater-item-623042a\" aria-label=\"\">\r\n                                <a href=\"#\" data-section-id=\"3\"><\/a>\r\n                                                            <\/li>\r\n                                    <\/ul>\r\n                    <\/div>\r\n\t\t<\/div>\n\t\t\t\t<\/div>\n\t\t\t\t\t<\/div>\n\t\t<\/div>\n\t\t\t\t\t<\/div>\n\t\t<\/section>\n\t\t\t\t<\/div>\n\t\t","protected":false},"excerpt":{"rendered":"<p>Investigaci\u00f3n y desarrollo Investigaci\u00f3n Desarrollo NUESTRA Story Somos Swiss Garnier suizo cuenta con un equipo de investigaci\u00f3n y desarrollo (I+D) s\u00f3lido, eficiente y altamente experto para respaldar el desarrollo de f\u00f3rmulas. Consideramos un gran valor invertir en investigaci\u00f3n y desarrollo (I+D). Nuestra principal fortaleza reside en nuestra capacidad para destacar en el desarrollo de gen\u00e9ricos [&hellip;]<\/p>\n","protected":false},"author":1,"featured_media":0,"parent":0,"menu_order":0,"comment_status":"closed","ping_status":"closed","template":"","meta":{"footnotes":""},"class_list":["post-5872","page","type-page","status-publish","hentry"],"_links":{"self":[{"href":"https:\/\/swissgarnier.com\/es\/index.php\/wp-json\/wp\/v2\/pages\/5872","targetHints":{"allow":["GET"]}}],"collection":[{"href":"https:\/\/swissgarnier.com\/es\/index.php\/wp-json\/wp\/v2\/pages"}],"about":[{"href":"https:\/\/swissgarnier.com\/es\/index.php\/wp-json\/wp\/v2\/types\/page"}],"author":[{"embeddable":true,"href":"https:\/\/swissgarnier.com\/es\/index.php\/wp-json\/wp\/v2\/users\/1"}],"replies":[{"embeddable":true,"href":"https:\/\/swissgarnier.com\/es\/index.php\/wp-json\/wp\/v2\/comments?post=5872"}],"version-history":[{"count":1,"href":"https:\/\/swissgarnier.com\/es\/index.php\/wp-json\/wp\/v2\/pages\/5872\/revisions"}],"predecessor-version":[{"id":5873,"href":"https:\/\/swissgarnier.com\/es\/index.php\/wp-json\/wp\/v2\/pages\/5872\/revisions\/5873"}],"wp:attachment":[{"href":"https:\/\/swissgarnier.com\/es\/index.php\/wp-json\/wp\/v2\/media?parent=5872"}],"curies":[{"name":"wp","href":"https:\/\/api.w.org\/{rel}","templated":true}]}}